{"id":1255,"date":"2026-01-15T20:57:41","date_gmt":"2026-01-15T20:57:41","guid":{"rendered":"https:\/\/margalingenieros.com\/?page_id=1255"},"modified":"2026-03-06T13:30:09","modified_gmt":"2026-03-06T13:30:09","slug":"fotovoltaikanlagen","status":"publish","type":"page","link":"https:\/\/margalingenieros.com\/de\/uber-uns-2\/fotovoltaikanlagen\/","title":{"rendered":"Fotovoltaikanlagen"},"content":{"rendered":"<div data-elementor-type=\"wp-page\" data-elementor-id=\"1255\" class=\"elementor elementor-1255\" data-elementor-post-type=\"page\">\n\t\t\t\t\t\t<section data-particle_enable=\"false\" data-particle-mobile-disabled=\"false\" class=\"elementor-section elementor-top-section elementor-element elementor-element-f30f7ca elementor-section-boxed elementor-section-height-default elementor-section-height-default\" data-id=\"f30f7ca\" data-element_type=\"section\" data-e-type=\"section\">\n\t\t\t\t\t\t<div class=\"elementor-container elementor-column-gap-default\">\n\t\t\t\t\t<div class=\"elementor-column elementor-col-100 elementor-top-column elementor-element elementor-element-b2f3115\" data-id=\"b2f3115\" data-element_type=\"column\" data-e-type=\"column\">\n\t\t\t<div class=\"elementor-widget-wrap elementor-element-populated\">\n\t\t\t\t\t\t<div class=\"elementor-element elementor-element-4f8eaa8 elementor-widget elementor-widget-heading\" data-id=\"4f8eaa8\" data-element_type=\"widget\" data-e-type=\"widget\" data-widget_type=\"heading.default\">\n\t\t\t\t<div class=\"elementor-widget-container\">\n\t\t\t\t\t<h2 class=\"elementor-heading-title elementor-size-default\">Fotovoltaikanlagen<\/h2>\t\t\t\t<\/div>\n\t\t\t\t<\/div>\n\t\t\t\t\t<\/div>\n\t\t<\/div>\n\t\t\t\t\t<\/div>\n\t\t<\/section>\n\t\t\t\t<section data-particle_enable=\"false\" data-particle-mobile-disabled=\"false\" class=\"elementor-section elementor-top-section elementor-element elementor-element-5c98297 elementor-section-boxed elementor-section-height-default elementor-section-height-default\" data-id=\"5c98297\" data-element_type=\"section\" data-e-type=\"section\">\n\t\t\t\t\t\t<div class=\"elementor-container elementor-column-gap-default\">\n\t\t\t\t\t<div class=\"elementor-column elementor-col-100 elementor-top-column elementor-element elementor-element-252441b\" data-id=\"252441b\" data-element_type=\"column\" data-e-type=\"column\">\n\t\t\t<div class=\"elementor-widget-wrap elementor-element-populated\">\n\t\t\t\t\t\t<div class=\"elementor-element elementor-element-2904fe7 elementor-widget elementor-widget-text-editor\" data-id=\"2904fe7\" data-element_type=\"widget\" data-e-type=\"widget\" data-widget_type=\"text-editor.default\">\n\t\t\t\t<div class=\"elementor-widget-container\">\n\t\t\t\t\t\t\t\t\t<p>Die photovoltaische Solarenergie ist die Zukunft der nachhaltigen Stromerzeugung. Bei MARGAL Ingenieros planen und realisieren wir komplette Photovoltaikanlagen f\u00fcr den Eigenverbrauch, sowohl in Privath\u00e4usern als auch in Unternehmen und Industrie, um die Energieeinsparungen zu maximieren und zur Energiewende beizutragen.<\/p><p>Unsere Dienstleistungen umfassen:<\/p><p>- Durchf\u00fchrbarkeitsstudie und optimale Dimensionierung<br \/>- Planung von Selbstverbrauchs-Photovoltaikanlagen<br \/>- Verwaltung der verf\u00fcgbaren Subventionen und Beihilfen<br \/>- Schl\u00fcsselfertige Installation mit voller Garantie<br \/>- Netzanschluss und Abwicklung der \u00dcberschussverg\u00fctung<br \/>- \u00dcberwachung und Wartung der Anlage<br \/>- Batteriespeichersysteme<\/p><p>Wir bieten ma\u00dfgeschneiderte L\u00f6sungen, die maximale Rentabilit\u00e4t und einen schnellen Return on Investment unter Einhaltung aller geltenden Vorschriften garantieren.<\/p>\t\t\t\t\t\t\t\t<\/div>\n\t\t\t\t<\/div>\n\t\t\t\t\t<\/div>\n\t\t<\/div>\n\t\t\t\t\t<\/div>\n\t\t<\/section>\n\t\t\t\t<\/div>","protected":false},"excerpt":{"rendered":"<p>Instalaciones Fotovoltaicas La energ\u00eda solar fotovoltaica representa el futuro de la generaci\u00f3n el\u00e9ctrica sostenible. En MARGAL Ingenieros, dise\u00f1amos e implementamos instalaciones fotovoltaicas completas para autoconsumo, tanto en viviendas particulares como en empresas e industrias, maximizando el ahorro energ\u00e9tico y contribuyendo a la transici\u00f3n energ\u00e9tica. Nuestros servicios incluyen: \u2022 Estudio de viabilidad y dimensionamiento \u00f3ptimo\u2022 Dise\u00f1o [&hellip;]<\/p>\n","protected":false},"author":4,"featured_media":0,"parent":568,"menu_order":0,"comment_status":"closed","ping_status":"closed","template":"","meta":{"_joinchat":[],"footnotes":""},"categories":[12],"tags":[],"class_list":["post-1255","page","type-page","status-publish","hentry","category-ingenieria"],"yoast_head":"<!-- This site is optimized with the Yoast SEO plugin v27.2 - https:\/\/yoast.com\/product\/yoast-seo-wordpress\/ -->\n<title>Instalaciones Fotovoltaicas - Margal Ingenieros<\/title>\n<meta name=\"robots\" content=\"noindex, follow, max-snippet:-1, max-image-preview:large, max-video-preview:-1\" \/>\n<meta property=\"og:locale\" content=\"de_DE\" \/>\n<meta property=\"og:type\" content=\"article\" \/>\n<meta property=\"og:title\" content=\"Instalaciones Fotovoltaicas - Margal Ingenieros\" \/>\n<meta property=\"og:description\" content=\"Instalaciones Fotovoltaicas La energ\u00eda solar fotovoltaica representa el futuro de la generaci\u00f3n el\u00e9ctrica sostenible. En MARGAL Ingenieros, dise\u00f1amos e implementamos instalaciones fotovoltaicas completas para autoconsumo, tanto en viviendas particulares como en empresas e industrias, maximizando el ahorro energ\u00e9tico y contribuyendo a la transici\u00f3n energ\u00e9tica. Nuestros servicios incluyen: \u2022 Estudio de viabilidad y dimensionamiento \u00f3ptimo\u2022 Dise\u00f1o [&hellip;]\" \/>\n<meta property=\"og:url\" content=\"https:\/\/margalingenieros.com\/de\/uber-uns-2\/fotovoltaikanlagen\/\" \/>\n<meta property=\"og:site_name\" content=\"Margal Ingenieros\" \/>\n<meta property=\"article:modified_time\" content=\"2026-03-06T13:30:09+00:00\" \/>\n<meta name=\"twitter:card\" content=\"summary_large_image\" \/>\n<meta name=\"twitter:label1\" content=\"Gesch\u00e4tzte Lesezeit\" \/>\n\t<meta name=\"twitter:data1\" content=\"1\u00a0Minute\" \/>\n<script type=\"application\/ld+json\" class=\"yoast-schema-graph\">{\"@context\":\"https:\/\/schema.org\",\"@graph\":[{\"@type\":\"WebPage\",\"@id\":\"https:\/\/margalingenieros.com\/ingenieria\/instalaciones-fotovoltaicas\/\",\"url\":\"https:\/\/margalingenieros.com\/ingenieria\/instalaciones-fotovoltaicas\/\",\"name\":\"Instalaciones Fotovoltaicas - Margal Ingenieros\",\"isPartOf\":{\"@id\":\"https:\/\/margalingenieros.com\/#website\"},\"datePublished\":\"2026-01-15T20:57:41+00:00\",\"dateModified\":\"2026-03-06T13:30:09+00:00\",\"breadcrumb\":{\"@id\":\"https:\/\/margalingenieros.com\/ingenieria\/instalaciones-fotovoltaicas\/#breadcrumb\"},\"inLanguage\":\"de\",\"potentialAction\":[{\"@type\":\"ReadAction\",\"target\":[\"https:\/\/margalingenieros.com\/ingenieria\/instalaciones-fotovoltaicas\/\"]}]},{\"@type\":\"BreadcrumbList\",\"@id\":\"https:\/\/margalingenieros.com\/ingenieria\/instalaciones-fotovoltaicas\/#breadcrumb\",\"itemListElement\":[{\"@type\":\"ListItem\",\"position\":1,\"name\":\"Inicio\",\"item\":\"https:\/\/margalingenieros.com\/\"},{\"@type\":\"ListItem\",\"position\":2,\"name\":\"Ingenier\u00eda\",\"item\":\"https:\/\/margalingenieros.com\/ingenieria\/\"},{\"@type\":\"ListItem\",\"position\":3,\"name\":\"Instalaciones Fotovoltaicas\"}]},{\"@type\":\"WebSite\",\"@id\":\"https:\/\/margalingenieros.com\/#website\",\"url\":\"https:\/\/margalingenieros.com\/\",\"name\":\"Margal Ingenieros\",\"description\":\"Ingenier\u00eda T\u00e9cnica, civil, Industrial y en telecomunicaciones\",\"publisher\":{\"@id\":\"https:\/\/margalingenieros.com\/#organization\"},\"potentialAction\":[{\"@type\":\"SearchAction\",\"target\":{\"@type\":\"EntryPoint\",\"urlTemplate\":\"https:\/\/margalingenieros.com\/?s={search_term_string}\"},\"query-input\":{\"@type\":\"PropertyValueSpecification\",\"valueRequired\":true,\"valueName\":\"search_term_string\"}}],\"inLanguage\":\"de\"},{\"@type\":\"Organization\",\"@id\":\"https:\/\/margalingenieros.com\/#organization\",\"name\":\"Margal Ingenieros\",\"url\":\"https:\/\/margalingenieros.com\/\",\"logo\":{\"@type\":\"ImageObject\",\"inLanguage\":\"de\",\"@id\":\"https:\/\/margalingenieros.com\/#\/schema\/logo\/image\/\",\"url\":\"https:\/\/margalingenieros.com\/wp-content\/uploads\/2023\/05\/margal-ingenieros.webp\",\"contentUrl\":\"https:\/\/margalingenieros.com\/wp-content\/uploads\/2023\/05\/margal-ingenieros.webp\",\"width\":512,\"height\":200,\"caption\":\"Margal Ingenieros\"},\"image\":{\"@id\":\"https:\/\/margalingenieros.com\/#\/schema\/logo\/image\/\"}}]}<\/script>\n<!-- \/ Yoast SEO plugin. -->","yoast_head_json":{"title":"Fotovoltaikanlagen - Margal Ingenieros","robots":{"index":"noindex","follow":"follow","max-snippet":"max-snippet:-1","max-image-preview":"max-image-preview:large","max-video-preview":"max-video-preview:-1"},"og_locale":"de_DE","og_type":"article","og_title":"Instalaciones Fotovoltaicas - Margal Ingenieros","og_description":"Instalaciones Fotovoltaicas La energ\u00eda solar fotovoltaica representa el futuro de la generaci\u00f3n el\u00e9ctrica sostenible. En MARGAL Ingenieros, dise\u00f1amos e implementamos instalaciones fotovoltaicas completas para autoconsumo, tanto en viviendas particulares como en empresas e industrias, maximizando el ahorro energ\u00e9tico y contribuyendo a la transici\u00f3n energ\u00e9tica. Nuestros servicios incluyen: \u2022 Estudio de viabilidad y dimensionamiento \u00f3ptimo\u2022 Dise\u00f1o [&hellip;]","og_url":"https:\/\/margalingenieros.com\/de\/uber-uns-2\/fotovoltaikanlagen\/","og_site_name":"Margal Ingenieros","article_modified_time":"2026-03-06T13:30:09+00:00","twitter_card":"summary_large_image","twitter_misc":{"Gesch\u00e4tzte Lesezeit":"1\u00a0Minute"},"schema":{"@context":"https:\/\/schema.org","@graph":[{"@type":"WebPage","@id":"https:\/\/margalingenieros.com\/ingenieria\/instalaciones-fotovoltaicas\/","url":"https:\/\/margalingenieros.com\/ingenieria\/instalaciones-fotovoltaicas\/","name":"Fotovoltaikanlagen - Margal Ingenieros","isPartOf":{"@id":"https:\/\/margalingenieros.com\/#website"},"datePublished":"2026-01-15T20:57:41+00:00","dateModified":"2026-03-06T13:30:09+00:00","breadcrumb":{"@id":"https:\/\/margalingenieros.com\/ingenieria\/instalaciones-fotovoltaicas\/#breadcrumb"},"inLanguage":"de","potentialAction":[{"@type":"ReadAction","target":["https:\/\/margalingenieros.com\/ingenieria\/instalaciones-fotovoltaicas\/"]}]},{"@type":"BreadcrumbList","@id":"https:\/\/margalingenieros.com\/ingenieria\/instalaciones-fotovoltaicas\/#breadcrumb","itemListElement":[{"@type":"ListItem","position":1,"name":"Inicio","item":"https:\/\/margalingenieros.com\/"},{"@type":"ListItem","position":2,"name":"Ingenier\u00eda","item":"https:\/\/margalingenieros.com\/ingenieria\/"},{"@type":"ListItem","position":3,"name":"Instalaciones Fotovoltaicas"}]},{"@type":"WebSite","@id":"https:\/\/margalingenieros.com\/#website","url":"https:\/\/margalingenieros.com\/","name":"Margal-Ingenieure","description":"Technik, Bauwesen, Industrie und Telekommunikation","publisher":{"@id":"https:\/\/margalingenieros.com\/#organization"},"potentialAction":[{"@type":"SearchAction","target":{"@type":"EntryPoint","urlTemplate":"https:\/\/margalingenieros.com\/?s={search_term_string}"},"query-input":{"@type":"PropertyValueSpecification","valueRequired":true,"valueName":"search_term_string"}}],"inLanguage":"de"},{"@type":"Organization","@id":"https:\/\/margalingenieros.com\/#organization","name":"Margal-Ingenieure","url":"https:\/\/margalingenieros.com\/","logo":{"@type":"ImageObject","inLanguage":"de","@id":"https:\/\/margalingenieros.com\/#\/schema\/logo\/image\/","url":"https:\/\/margalingenieros.com\/wp-content\/uploads\/2023\/05\/margal-ingenieros.webp","contentUrl":"https:\/\/margalingenieros.com\/wp-content\/uploads\/2023\/05\/margal-ingenieros.webp","width":512,"height":200,"caption":"Margal Ingenieros"},"image":{"@id":"https:\/\/margalingenieros.com\/#\/schema\/logo\/image\/"}}]}},"_links":{"self":[{"href":"https:\/\/margalingenieros.com\/de\/wp-json\/wp\/v2\/pages\/1255","targetHints":{"allow":["GET"]}}],"collection":[{"href":"https:\/\/margalingenieros.com\/de\/wp-json\/wp\/v2\/pages"}],"about":[{"href":"https:\/\/margalingenieros.com\/de\/wp-json\/wp\/v2\/types\/page"}],"author":[{"embeddable":true,"href":"https:\/\/margalingenieros.com\/de\/wp-json\/wp\/v2\/users\/4"}],"replies":[{"embeddable":true,"href":"https:\/\/margalingenieros.com\/de\/wp-json\/wp\/v2\/comments?post=1255"}],"version-history":[{"count":4,"href":"https:\/\/margalingenieros.com\/de\/wp-json\/wp\/v2\/pages\/1255\/revisions"}],"predecessor-version":[{"id":1259,"href":"https:\/\/margalingenieros.com\/de\/wp-json\/wp\/v2\/pages\/1255\/revisions\/1259"}],"up":[{"embeddable":true,"href":"https:\/\/margalingenieros.com\/de\/wp-json\/wp\/v2\/pages\/568"}],"wp:attachment":[{"href":"https:\/\/margalingenieros.com\/de\/wp-json\/wp\/v2\/media?parent=1255"}],"wp:term":[{"taxonomy":"category","embeddable":true,"href":"https:\/\/margalingenieros.com\/de\/wp-json\/wp\/v2\/categories?post=1255"},{"taxonomy":"post_tag","embeddable":true,"href":"https:\/\/margalingenieros.com\/de\/wp-json\/wp\/v2\/tags?post=1255"}],"curies":[{"name":"wp","href":"https:\/\/api.w.org\/{rel}","templated":true}]}}