{"id":1260,"date":"2026-01-15T20:59:52","date_gmt":"2026-01-15T20:59:52","guid":{"rendered":"https:\/\/margalingenieros.com\/?page_id=1260"},"modified":"2026-03-06T13:30:09","modified_gmt":"2026-03-06T13:30:09","slug":"gasanlagen","status":"publish","type":"page","link":"https:\/\/margalingenieros.com\/de\/uber-uns-2\/gasanlagen\/","title":{"rendered":"Gasinstallationen"},"content":{"rendered":"<div data-elementor-type=\"wp-page\" data-elementor-id=\"1260\" class=\"elementor elementor-1260\" data-elementor-post-type=\"page\">\n\t\t\t\t\t\t<section data-particle_enable=\"false\" data-particle-mobile-disabled=\"false\" class=\"elementor-section elementor-top-section elementor-element elementor-element-443484e elementor-section-boxed elementor-section-height-default elementor-section-height-default\" data-id=\"443484e\" data-element_type=\"section\" data-e-type=\"section\">\n\t\t\t\t\t\t<div class=\"elementor-container elementor-column-gap-default\">\n\t\t\t\t\t<div class=\"elementor-column elementor-col-100 elementor-top-column elementor-element elementor-element-f13035d\" data-id=\"f13035d\" data-element_type=\"column\" data-e-type=\"column\">\n\t\t\t<div class=\"elementor-widget-wrap elementor-element-populated\">\n\t\t\t\t\t\t<div class=\"elementor-element elementor-element-4de0089 elementor-widget elementor-widget-heading\" data-id=\"4de0089\" data-element_type=\"widget\" data-e-type=\"widget\" data-widget_type=\"heading.default\">\n\t\t\t\t<div class=\"elementor-widget-container\">\n\t\t\t\t\t<h2 class=\"elementor-heading-title elementor-size-default\">Gasinstallationen<\/h2>\t\t\t\t<\/div>\n\t\t\t\t<\/div>\n\t\t\t\t\t<\/div>\n\t\t<\/div>\n\t\t\t\t\t<\/div>\n\t\t<\/section>\n\t\t\t\t<section data-particle_enable=\"false\" data-particle-mobile-disabled=\"false\" class=\"elementor-section elementor-top-section elementor-element elementor-element-bda347f elementor-section-boxed elementor-section-height-default elementor-section-height-default\" data-id=\"bda347f\" data-element_type=\"section\" data-e-type=\"section\">\n\t\t\t\t\t\t<div class=\"elementor-container elementor-column-gap-default\">\n\t\t\t\t\t<div class=\"elementor-column elementor-col-100 elementor-top-column elementor-element elementor-element-586d91c\" data-id=\"586d91c\" data-element_type=\"column\" data-e-type=\"column\">\n\t\t\t<div class=\"elementor-widget-wrap elementor-element-populated\">\n\t\t\t\t\t\t<div class=\"elementor-element elementor-element-fe25892 elementor-widget elementor-widget-text-editor\" data-id=\"fe25892\" data-element_type=\"widget\" data-e-type=\"widget\" data-widget_type=\"text-editor.default\">\n\t\t\t\t<div class=\"elementor-widget-container\">\n\t\t\t\t\t\t\t\t\t<p>Erdgasinstallationen erfordern eine pr\u00e4zise Planung und eine tadellose Ausf\u00fchrung, um maximale Sicherheit zu gew\u00e4hrleisten. Wir von MARGAL Ingenieros sind Spezialisten f\u00fcr Gasinstallationsprojekte in Privathaushalten, im Gewerbe und in der Industrie, unter strenger Einhaltung der Verordnung \u00fcber thermische Anlagen in Geb\u00e4uden (RITE) und der Verordnung \u00fcber Netze und Anschl\u00fcsse f\u00fcr gasf\u00f6rmige Brennstoffe.<\/p><p>Unsere Dienstleistungen umfassen:<\/p><p>- Projekte f\u00fcr Gasempfangsanlagen<br \/>- Verbindungen und interne Verteilungsnetze<br \/>- Installationsbescheinigungen und Gasbericht<br \/>- Anpassung an neue Vorschriften<br \/>- Installationen f\u00fcr Heizkessel und Heizungsanlagen<br \/>- Obligatorische periodische \u00dcberpr\u00fcfungen<br \/>- Dichtheitspr\u00fcfung und Inbetriebnahme<\/p><p>Wir garantieren sichere und effiziente Installationen, die alle gesetzlichen und beh\u00f6rdlichen Anforderungen erf\u00fcllen.<\/p>\t\t\t\t\t\t\t\t<\/div>\n\t\t\t\t<\/div>\n\t\t\t\t\t<\/div>\n\t\t<\/div>\n\t\t\t\t\t<\/div>\n\t\t<\/section>\n\t\t\t\t<\/div>","protected":false},"excerpt":{"rendered":"<p>Instalaciones de Gas Las instalaciones de gas natural requieren un dise\u00f1o preciso y una ejecuci\u00f3n impecable para garantizar la m\u00e1xima seguridad. En MARGAL Ingenieros, somos especialistas en proyectos de instalaciones de gas para uso dom\u00e9stico, comercial e industrial, cumpliendo rigurosamente con el Reglamento de Instalaciones T\u00e9rmicas en Edificios (RITE) y el Reglamento de Redes y [&hellip;]<\/p>\n","protected":false},"author":4,"featured_media":0,"parent":568,"menu_order":0,"comment_status":"closed","ping_status":"closed","template":"","meta":{"_joinchat":[],"footnotes":""},"categories":[12],"tags":[],"class_list":["post-1260","page","type-page","status-publish","hentry","category-ingenieria"],"yoast_head":"<!-- This site is optimized with the Yoast SEO plugin v27.2 - https:\/\/yoast.com\/product\/yoast-seo-wordpress\/ -->\n<title>Instalaciones de Gas - Margal Ingenieros<\/title>\n<meta name=\"robots\" content=\"noindex, follow, max-snippet:-1, max-image-preview:large, max-video-preview:-1\" \/>\n<meta property=\"og:locale\" content=\"de_DE\" \/>\n<meta property=\"og:type\" content=\"article\" \/>\n<meta property=\"og:title\" content=\"Instalaciones de Gas - Margal Ingenieros\" \/>\n<meta property=\"og:description\" content=\"Instalaciones de Gas Las instalaciones de gas natural requieren un dise\u00f1o preciso y una ejecuci\u00f3n impecable para garantizar la m\u00e1xima seguridad. En MARGAL Ingenieros, somos especialistas en proyectos de instalaciones de gas para uso dom\u00e9stico, comercial e industrial, cumpliendo rigurosamente con el Reglamento de Instalaciones T\u00e9rmicas en Edificios (RITE) y el Reglamento de Redes y [&hellip;]\" \/>\n<meta property=\"og:url\" content=\"https:\/\/margalingenieros.com\/de\/uber-uns-2\/gasanlagen\/\" \/>\n<meta property=\"og:site_name\" content=\"Margal Ingenieros\" \/>\n<meta property=\"article:modified_time\" content=\"2026-03-06T13:30:09+00:00\" \/>\n<meta name=\"twitter:card\" content=\"summary_large_image\" \/>\n<meta name=\"twitter:label1\" content=\"Gesch\u00e4tzte Lesezeit\" \/>\n\t<meta name=\"twitter:data1\" content=\"1\u00a0Minute\" \/>\n<script type=\"application\/ld+json\" class=\"yoast-schema-graph\">{\"@context\":\"https:\/\/schema.org\",\"@graph\":[{\"@type\":\"WebPage\",\"@id\":\"https:\/\/margalingenieros.com\/ingenieria\/instalaciones-de-gas\/\",\"url\":\"https:\/\/margalingenieros.com\/ingenieria\/instalaciones-de-gas\/\",\"name\":\"Instalaciones de Gas - Margal Ingenieros\",\"isPartOf\":{\"@id\":\"https:\/\/margalingenieros.com\/#website\"},\"datePublished\":\"2026-01-15T20:59:52+00:00\",\"dateModified\":\"2026-03-06T13:30:09+00:00\",\"breadcrumb\":{\"@id\":\"https:\/\/margalingenieros.com\/ingenieria\/instalaciones-de-gas\/#breadcrumb\"},\"inLanguage\":\"de\",\"potentialAction\":[{\"@type\":\"ReadAction\",\"target\":[\"https:\/\/margalingenieros.com\/ingenieria\/instalaciones-de-gas\/\"]}]},{\"@type\":\"BreadcrumbList\",\"@id\":\"https:\/\/margalingenieros.com\/ingenieria\/instalaciones-de-gas\/#breadcrumb\",\"itemListElement\":[{\"@type\":\"ListItem\",\"position\":1,\"name\":\"Inicio\",\"item\":\"https:\/\/margalingenieros.com\/\"},{\"@type\":\"ListItem\",\"position\":2,\"name\":\"Ingenier\u00eda\",\"item\":\"https:\/\/margalingenieros.com\/ingenieria\/\"},{\"@type\":\"ListItem\",\"position\":3,\"name\":\"Instalaciones de Gas\"}]},{\"@type\":\"WebSite\",\"@id\":\"https:\/\/margalingenieros.com\/#website\",\"url\":\"https:\/\/margalingenieros.com\/\",\"name\":\"Margal Ingenieros\",\"description\":\"Ingenier\u00eda T\u00e9cnica, civil, Industrial y en telecomunicaciones\",\"publisher\":{\"@id\":\"https:\/\/margalingenieros.com\/#organization\"},\"potentialAction\":[{\"@type\":\"SearchAction\",\"target\":{\"@type\":\"EntryPoint\",\"urlTemplate\":\"https:\/\/margalingenieros.com\/?s={search_term_string}\"},\"query-input\":{\"@type\":\"PropertyValueSpecification\",\"valueRequired\":true,\"valueName\":\"search_term_string\"}}],\"inLanguage\":\"de\"},{\"@type\":\"Organization\",\"@id\":\"https:\/\/margalingenieros.com\/#organization\",\"name\":\"Margal Ingenieros\",\"url\":\"https:\/\/margalingenieros.com\/\",\"logo\":{\"@type\":\"ImageObject\",\"inLanguage\":\"de\",\"@id\":\"https:\/\/margalingenieros.com\/#\/schema\/logo\/image\/\",\"url\":\"https:\/\/margalingenieros.com\/wp-content\/uploads\/2023\/05\/margal-ingenieros.webp\",\"contentUrl\":\"https:\/\/margalingenieros.com\/wp-content\/uploads\/2023\/05\/margal-ingenieros.webp\",\"width\":512,\"height\":200,\"caption\":\"Margal Ingenieros\"},\"image\":{\"@id\":\"https:\/\/margalingenieros.com\/#\/schema\/logo\/image\/\"}}]}<\/script>\n<!-- \/ Yoast SEO plugin. -->","yoast_head_json":{"title":"Gasinstallationen - Margal Ingenieros","robots":{"index":"noindex","follow":"follow","max-snippet":"max-snippet:-1","max-image-preview":"max-image-preview:large","max-video-preview":"max-video-preview:-1"},"og_locale":"de_DE","og_type":"article","og_title":"Instalaciones de Gas - Margal Ingenieros","og_description":"Instalaciones de Gas Las instalaciones de gas natural requieren un dise\u00f1o preciso y una ejecuci\u00f3n impecable para garantizar la m\u00e1xima seguridad. En MARGAL Ingenieros, somos especialistas en proyectos de instalaciones de gas para uso dom\u00e9stico, comercial e industrial, cumpliendo rigurosamente con el Reglamento de Instalaciones T\u00e9rmicas en Edificios (RITE) y el Reglamento de Redes y [&hellip;]","og_url":"https:\/\/margalingenieros.com\/de\/uber-uns-2\/gasanlagen\/","og_site_name":"Margal Ingenieros","article_modified_time":"2026-03-06T13:30:09+00:00","twitter_card":"summary_large_image","twitter_misc":{"Gesch\u00e4tzte Lesezeit":"1\u00a0Minute"},"schema":{"@context":"https:\/\/schema.org","@graph":[{"@type":"WebPage","@id":"https:\/\/margalingenieros.com\/ingenieria\/instalaciones-de-gas\/","url":"https:\/\/margalingenieros.com\/ingenieria\/instalaciones-de-gas\/","name":"Gasinstallationen - Margal Ingenieros","isPartOf":{"@id":"https:\/\/margalingenieros.com\/#website"},"datePublished":"2026-01-15T20:59:52+00:00","dateModified":"2026-03-06T13:30:09+00:00","breadcrumb":{"@id":"https:\/\/margalingenieros.com\/ingenieria\/instalaciones-de-gas\/#breadcrumb"},"inLanguage":"de","potentialAction":[{"@type":"ReadAction","target":["https:\/\/margalingenieros.com\/ingenieria\/instalaciones-de-gas\/"]}]},{"@type":"BreadcrumbList","@id":"https:\/\/margalingenieros.com\/ingenieria\/instalaciones-de-gas\/#breadcrumb","itemListElement":[{"@type":"ListItem","position":1,"name":"Inicio","item":"https:\/\/margalingenieros.com\/"},{"@type":"ListItem","position":2,"name":"Ingenier\u00eda","item":"https:\/\/margalingenieros.com\/ingenieria\/"},{"@type":"ListItem","position":3,"name":"Instalaciones de Gas"}]},{"@type":"WebSite","@id":"https:\/\/margalingenieros.com\/#website","url":"https:\/\/margalingenieros.com\/","name":"Margal-Ingenieure","description":"Technik, Bauwesen, Industrie und Telekommunikation","publisher":{"@id":"https:\/\/margalingenieros.com\/#organization"},"potentialAction":[{"@type":"SearchAction","target":{"@type":"EntryPoint","urlTemplate":"https:\/\/margalingenieros.com\/?s={search_term_string}"},"query-input":{"@type":"PropertyValueSpecification","valueRequired":true,"valueName":"search_term_string"}}],"inLanguage":"de"},{"@type":"Organization","@id":"https:\/\/margalingenieros.com\/#organization","name":"Margal-Ingenieure","url":"https:\/\/margalingenieros.com\/","logo":{"@type":"ImageObject","inLanguage":"de","@id":"https:\/\/margalingenieros.com\/#\/schema\/logo\/image\/","url":"https:\/\/margalingenieros.com\/wp-content\/uploads\/2023\/05\/margal-ingenieros.webp","contentUrl":"https:\/\/margalingenieros.com\/wp-content\/uploads\/2023\/05\/margal-ingenieros.webp","width":512,"height":200,"caption":"Margal Ingenieros"},"image":{"@id":"https:\/\/margalingenieros.com\/#\/schema\/logo\/image\/"}}]}},"_links":{"self":[{"href":"https:\/\/margalingenieros.com\/de\/wp-json\/wp\/v2\/pages\/1260","targetHints":{"allow":["GET"]}}],"collection":[{"href":"https:\/\/margalingenieros.com\/de\/wp-json\/wp\/v2\/pages"}],"about":[{"href":"https:\/\/margalingenieros.com\/de\/wp-json\/wp\/v2\/types\/page"}],"author":[{"embeddable":true,"href":"https:\/\/margalingenieros.com\/de\/wp-json\/wp\/v2\/users\/4"}],"replies":[{"embeddable":true,"href":"https:\/\/margalingenieros.com\/de\/wp-json\/wp\/v2\/comments?post=1260"}],"version-history":[{"count":4,"href":"https:\/\/margalingenieros.com\/de\/wp-json\/wp\/v2\/pages\/1260\/revisions"}],"predecessor-version":[{"id":1264,"href":"https:\/\/margalingenieros.com\/de\/wp-json\/wp\/v2\/pages\/1260\/revisions\/1264"}],"up":[{"embeddable":true,"href":"https:\/\/margalingenieros.com\/de\/wp-json\/wp\/v2\/pages\/568"}],"wp:attachment":[{"href":"https:\/\/margalingenieros.com\/de\/wp-json\/wp\/v2\/media?parent=1260"}],"wp:term":[{"taxonomy":"category","embeddable":true,"href":"https:\/\/margalingenieros.com\/de\/wp-json\/wp\/v2\/categories?post=1260"},{"taxonomy":"post_tag","embeddable":true,"href":"https:\/\/margalingenieros.com\/de\/wp-json\/wp\/v2\/tags?post=1260"}],"curies":[{"name":"wp","href":"https:\/\/api.w.org\/{rel}","templated":true}]}}