{"id":1265,"date":"2026-01-15T21:01:37","date_gmt":"2026-01-15T21:01:37","guid":{"rendered":"https:\/\/margalingenieros.com\/?page_id=1265"},"modified":"2026-03-06T13:30:40","modified_gmt":"2026-03-06T13:30:40","slug":"brandschutz-pci","status":"publish","type":"page","link":"https:\/\/margalingenieros.com\/de\/uber-uns-2\/brandschutz-pci\/","title":{"rendered":"Feuerschutz (FP)"},"content":{"rendered":"<div data-elementor-type=\"wp-page\" data-elementor-id=\"1265\" class=\"elementor elementor-1265\" data-elementor-post-type=\"page\">\n\t\t\t\t\t\t<section data-particle_enable=\"false\" data-particle-mobile-disabled=\"false\" class=\"elementor-section elementor-top-section elementor-element elementor-element-fb19a54 elementor-section-boxed elementor-section-height-default elementor-section-height-default\" data-id=\"fb19a54\" data-element_type=\"section\" data-e-type=\"section\">\n\t\t\t\t\t\t<div class=\"elementor-container elementor-column-gap-default\">\n\t\t\t\t\t<div class=\"elementor-column elementor-col-100 elementor-top-column elementor-element elementor-element-c8e4212\" data-id=\"c8e4212\" data-element_type=\"column\" data-e-type=\"column\">\n\t\t\t<div class=\"elementor-widget-wrap elementor-element-populated\">\n\t\t\t\t\t\t<div class=\"elementor-element elementor-element-2929f92 elementor-widget elementor-widget-heading\" data-id=\"2929f92\" data-element_type=\"widget\" data-e-type=\"widget\" data-widget_type=\"heading.default\">\n\t\t\t\t<div class=\"elementor-widget-container\">\n\t\t\t\t\t<h2 class=\"elementor-heading-title elementor-size-default\">Feuerschutz (FP)<\/h2>\t\t\t\t<\/div>\n\t\t\t\t<\/div>\n\t\t\t\t\t<\/div>\n\t\t<\/div>\n\t\t\t\t\t<\/div>\n\t\t<\/section>\n\t\t\t\t<section data-particle_enable=\"false\" data-particle-mobile-disabled=\"false\" class=\"elementor-section elementor-top-section elementor-element elementor-element-a40e657 elementor-section-boxed elementor-section-height-default elementor-section-height-default\" data-id=\"a40e657\" data-element_type=\"section\" data-e-type=\"section\">\n\t\t\t\t\t\t<div class=\"elementor-container elementor-column-gap-default\">\n\t\t\t\t\t<div class=\"elementor-column elementor-col-100 elementor-top-column elementor-element elementor-element-0f7eae5\" data-id=\"0f7eae5\" data-element_type=\"column\" data-e-type=\"column\">\n\t\t\t<div class=\"elementor-widget-wrap elementor-element-populated\">\n\t\t\t\t\t\t<div class=\"elementor-element elementor-element-86302c5 elementor-widget elementor-widget-text-editor\" data-id=\"86302c5\" data-element_type=\"widget\" data-e-type=\"widget\" data-widget_type=\"text-editor.default\">\n\t\t\t\t<div class=\"elementor-widget-container\">\n\t\t\t\t\t\t\t\t\t<p>Die Brandsicherheit hat in jedem Geb\u00e4ude absolute Priorit\u00e4t. Bei MARGAL Ingenieros entwerfen und realisieren wir komplette Brandschutzsysteme (PCI), die dem Technischen Baugesetzbuch (CTE) und den Vorschriften f\u00fcr Brandschutzanlagen (RIPCI) entsprechen.<\/p><p>Unsere Dienstleistungen umfassen:<\/p><p>- Projekte f\u00fcr automatische Brandmeldeanlagen<br \/>- Feuerl\u00f6schanlagen: Sprinkler, BIEs, Feuerl\u00f6scher<br \/>- Bel\u00fcftungs- und Rauchschutzsysteme<br \/>- Notbeleuchtung und Signalisierung<br \/>- Sektorisierung und Kompartimentierung<br \/>- Notfall- und Selbstschutzpl\u00e4ne<br \/>- Viertelj\u00e4hrliche gesetzliche Wartung<\/p><p>Wir bieten umfassende L\u00f6sungen an, die an jede Art von T\u00e4tigkeit und Geb\u00e4ude angepasst sind und einen maximalen Schutz f\u00fcr Personen und Eigentum gew\u00e4hrleisten.<\/p>\t\t\t\t\t\t\t\t<\/div>\n\t\t\t\t<\/div>\n\t\t\t\t\t<\/div>\n\t\t<\/div>\n\t\t\t\t\t<\/div>\n\t\t<\/section>\n\t\t\t\t<\/div>","protected":false},"excerpt":{"rendered":"<p>Protecci\u00f3n Contra Incendios (PCI) La seguridad contra incendios es una prioridad absoluta en cualquier edificio. En MARGAL Ingenieros, dise\u00f1amos e implementamos sistemas completos de protecci\u00f3n contra incendios (PCI) que cumplen con el C\u00f3digo T\u00e9cnico de la Edificaci\u00f3n (CTE) y el Reglamento de Instalaciones de Protecci\u00f3n contra Incendios (RIPCI). Nuestros servicios incluyen: \u2022 Proyectos de sistemas [&hellip;]<\/p>\n","protected":false},"author":4,"featured_media":0,"parent":568,"menu_order":0,"comment_status":"closed","ping_status":"closed","template":"","meta":{"_joinchat":[],"footnotes":""},"categories":[12],"tags":[],"class_list":["post-1265","page","type-page","status-publish","hentry","category-ingenieria"],"yoast_head":"<!-- This site is optimized with the Yoast SEO plugin v27.2 - https:\/\/yoast.com\/product\/yoast-seo-wordpress\/ -->\n<title>Protecci\u00f3n Contra Incendios (PCI) - Margal Ingenieros<\/title>\n<meta name=\"robots\" content=\"noindex, follow, max-snippet:-1, max-image-preview:large, max-video-preview:-1\" \/>\n<meta property=\"og:locale\" content=\"de_DE\" \/>\n<meta property=\"og:type\" content=\"article\" \/>\n<meta property=\"og:title\" content=\"Protecci\u00f3n Contra Incendios (PCI) - Margal Ingenieros\" \/>\n<meta property=\"og:description\" content=\"Protecci\u00f3n Contra Incendios (PCI) La seguridad contra incendios es una prioridad absoluta en cualquier edificio. En MARGAL Ingenieros, dise\u00f1amos e implementamos sistemas completos de protecci\u00f3n contra incendios (PCI) que cumplen con el C\u00f3digo T\u00e9cnico de la Edificaci\u00f3n (CTE) y el Reglamento de Instalaciones de Protecci\u00f3n contra Incendios (RIPCI). Nuestros servicios incluyen: \u2022 Proyectos de sistemas [&hellip;]\" \/>\n<meta property=\"og:url\" content=\"https:\/\/margalingenieros.com\/de\/uber-uns-2\/brandschutz-pci\/\" \/>\n<meta property=\"og:site_name\" content=\"Margal Ingenieros\" \/>\n<meta property=\"article:modified_time\" content=\"2026-03-06T13:30:40+00:00\" \/>\n<meta name=\"twitter:card\" content=\"summary_large_image\" \/>\n<meta name=\"twitter:label1\" content=\"Gesch\u00e4tzte Lesezeit\" \/>\n\t<meta name=\"twitter:data1\" content=\"1\u00a0Minute\" \/>\n<script type=\"application\/ld+json\" class=\"yoast-schema-graph\">{\"@context\":\"https:\/\/schema.org\",\"@graph\":[{\"@type\":\"WebPage\",\"@id\":\"https:\/\/margalingenieros.com\/ingenieria\/proteccion-contra-incendios-pci\/\",\"url\":\"https:\/\/margalingenieros.com\/ingenieria\/proteccion-contra-incendios-pci\/\",\"name\":\"Protecci\u00f3n Contra Incendios (PCI) - Margal Ingenieros\",\"isPartOf\":{\"@id\":\"https:\/\/margalingenieros.com\/#website\"},\"datePublished\":\"2026-01-15T21:01:37+00:00\",\"dateModified\":\"2026-03-06T13:30:40+00:00\",\"breadcrumb\":{\"@id\":\"https:\/\/margalingenieros.com\/ingenieria\/proteccion-contra-incendios-pci\/#breadcrumb\"},\"inLanguage\":\"de\",\"potentialAction\":[{\"@type\":\"ReadAction\",\"target\":[\"https:\/\/margalingenieros.com\/ingenieria\/proteccion-contra-incendios-pci\/\"]}]},{\"@type\":\"BreadcrumbList\",\"@id\":\"https:\/\/margalingenieros.com\/ingenieria\/proteccion-contra-incendios-pci\/#breadcrumb\",\"itemListElement\":[{\"@type\":\"ListItem\",\"position\":1,\"name\":\"Inicio\",\"item\":\"https:\/\/margalingenieros.com\/\"},{\"@type\":\"ListItem\",\"position\":2,\"name\":\"Ingenier\u00eda\",\"item\":\"https:\/\/margalingenieros.com\/ingenieria\/\"},{\"@type\":\"ListItem\",\"position\":3,\"name\":\"Protecci\u00f3n Contra Incendios (PCI)\"}]},{\"@type\":\"WebSite\",\"@id\":\"https:\/\/margalingenieros.com\/#website\",\"url\":\"https:\/\/margalingenieros.com\/\",\"name\":\"Margal Ingenieros\",\"description\":\"Ingenier\u00eda T\u00e9cnica, civil, Industrial y en telecomunicaciones\",\"publisher\":{\"@id\":\"https:\/\/margalingenieros.com\/#organization\"},\"potentialAction\":[{\"@type\":\"SearchAction\",\"target\":{\"@type\":\"EntryPoint\",\"urlTemplate\":\"https:\/\/margalingenieros.com\/?s={search_term_string}\"},\"query-input\":{\"@type\":\"PropertyValueSpecification\",\"valueRequired\":true,\"valueName\":\"search_term_string\"}}],\"inLanguage\":\"de\"},{\"@type\":\"Organization\",\"@id\":\"https:\/\/margalingenieros.com\/#organization\",\"name\":\"Margal Ingenieros\",\"url\":\"https:\/\/margalingenieros.com\/\",\"logo\":{\"@type\":\"ImageObject\",\"inLanguage\":\"de\",\"@id\":\"https:\/\/margalingenieros.com\/#\/schema\/logo\/image\/\",\"url\":\"https:\/\/margalingenieros.com\/wp-content\/uploads\/2023\/05\/margal-ingenieros.webp\",\"contentUrl\":\"https:\/\/margalingenieros.com\/wp-content\/uploads\/2023\/05\/margal-ingenieros.webp\",\"width\":512,\"height\":200,\"caption\":\"Margal Ingenieros\"},\"image\":{\"@id\":\"https:\/\/margalingenieros.com\/#\/schema\/logo\/image\/\"}}]}<\/script>\n<!-- \/ Yoast SEO plugin. -->","yoast_head_json":{"title":"Feuerschutz (FP) - Margal Ingenieros","robots":{"index":"noindex","follow":"follow","max-snippet":"max-snippet:-1","max-image-preview":"max-image-preview:large","max-video-preview":"max-video-preview:-1"},"og_locale":"de_DE","og_type":"article","og_title":"Protecci\u00f3n Contra Incendios (PCI) - Margal Ingenieros","og_description":"Protecci\u00f3n Contra Incendios (PCI) La seguridad contra incendios es una prioridad absoluta en cualquier edificio. En MARGAL Ingenieros, dise\u00f1amos e implementamos sistemas completos de protecci\u00f3n contra incendios (PCI) que cumplen con el C\u00f3digo T\u00e9cnico de la Edificaci\u00f3n (CTE) y el Reglamento de Instalaciones de Protecci\u00f3n contra Incendios (RIPCI). Nuestros servicios incluyen: \u2022 Proyectos de sistemas [&hellip;]","og_url":"https:\/\/margalingenieros.com\/de\/uber-uns-2\/brandschutz-pci\/","og_site_name":"Margal Ingenieros","article_modified_time":"2026-03-06T13:30:40+00:00","twitter_card":"summary_large_image","twitter_misc":{"Gesch\u00e4tzte Lesezeit":"1\u00a0Minute"},"schema":{"@context":"https:\/\/schema.org","@graph":[{"@type":"WebPage","@id":"https:\/\/margalingenieros.com\/ingenieria\/proteccion-contra-incendios-pci\/","url":"https:\/\/margalingenieros.com\/ingenieria\/proteccion-contra-incendios-pci\/","name":"Feuerschutz (FP) - Margal Ingenieros","isPartOf":{"@id":"https:\/\/margalingenieros.com\/#website"},"datePublished":"2026-01-15T21:01:37+00:00","dateModified":"2026-03-06T13:30:40+00:00","breadcrumb":{"@id":"https:\/\/margalingenieros.com\/ingenieria\/proteccion-contra-incendios-pci\/#breadcrumb"},"inLanguage":"de","potentialAction":[{"@type":"ReadAction","target":["https:\/\/margalingenieros.com\/ingenieria\/proteccion-contra-incendios-pci\/"]}]},{"@type":"BreadcrumbList","@id":"https:\/\/margalingenieros.com\/ingenieria\/proteccion-contra-incendios-pci\/#breadcrumb","itemListElement":[{"@type":"ListItem","position":1,"name":"Inicio","item":"https:\/\/margalingenieros.com\/"},{"@type":"ListItem","position":2,"name":"Ingenier\u00eda","item":"https:\/\/margalingenieros.com\/ingenieria\/"},{"@type":"ListItem","position":3,"name":"Protecci\u00f3n Contra Incendios (PCI)"}]},{"@type":"WebSite","@id":"https:\/\/margalingenieros.com\/#website","url":"https:\/\/margalingenieros.com\/","name":"Margal-Ingenieure","description":"Technik, Bauwesen, Industrie und Telekommunikation","publisher":{"@id":"https:\/\/margalingenieros.com\/#organization"},"potentialAction":[{"@type":"SearchAction","target":{"@type":"EntryPoint","urlTemplate":"https:\/\/margalingenieros.com\/?s={search_term_string}"},"query-input":{"@type":"PropertyValueSpecification","valueRequired":true,"valueName":"search_term_string"}}],"inLanguage":"de"},{"@type":"Organization","@id":"https:\/\/margalingenieros.com\/#organization","name":"Margal-Ingenieure","url":"https:\/\/margalingenieros.com\/","logo":{"@type":"ImageObject","inLanguage":"de","@id":"https:\/\/margalingenieros.com\/#\/schema\/logo\/image\/","url":"https:\/\/margalingenieros.com\/wp-content\/uploads\/2023\/05\/margal-ingenieros.webp","contentUrl":"https:\/\/margalingenieros.com\/wp-content\/uploads\/2023\/05\/margal-ingenieros.webp","width":512,"height":200,"caption":"Margal Ingenieros"},"image":{"@id":"https:\/\/margalingenieros.com\/#\/schema\/logo\/image\/"}}]}},"_links":{"self":[{"href":"https:\/\/margalingenieros.com\/de\/wp-json\/wp\/v2\/pages\/1265","targetHints":{"allow":["GET"]}}],"collection":[{"href":"https:\/\/margalingenieros.com\/de\/wp-json\/wp\/v2\/pages"}],"about":[{"href":"https:\/\/margalingenieros.com\/de\/wp-json\/wp\/v2\/types\/page"}],"author":[{"embeddable":true,"href":"https:\/\/margalingenieros.com\/de\/wp-json\/wp\/v2\/users\/4"}],"replies":[{"embeddable":true,"href":"https:\/\/margalingenieros.com\/de\/wp-json\/wp\/v2\/comments?post=1265"}],"version-history":[{"count":4,"href":"https:\/\/margalingenieros.com\/de\/wp-json\/wp\/v2\/pages\/1265\/revisions"}],"predecessor-version":[{"id":1269,"href":"https:\/\/margalingenieros.com\/de\/wp-json\/wp\/v2\/pages\/1265\/revisions\/1269"}],"up":[{"embeddable":true,"href":"https:\/\/margalingenieros.com\/de\/wp-json\/wp\/v2\/pages\/568"}],"wp:attachment":[{"href":"https:\/\/margalingenieros.com\/de\/wp-json\/wp\/v2\/media?parent=1265"}],"wp:term":[{"taxonomy":"category","embeddable":true,"href":"https:\/\/margalingenieros.com\/de\/wp-json\/wp\/v2\/categories?post=1265"},{"taxonomy":"post_tag","embeddable":true,"href":"https:\/\/margalingenieros.com\/de\/wp-json\/wp\/v2\/tags?post=1265"}],"curies":[{"name":"wp","href":"https:\/\/api.w.org\/{rel}","templated":true}]}}