{"id":1275,"date":"2026-01-15T21:04:39","date_gmt":"2026-01-15T21:04:39","guid":{"rendered":"https:\/\/margalingenieros.com\/?page_id=1275"},"modified":"2026-03-06T13:30:09","modified_gmt":"2026-03-06T13:30:09","slug":"umwelt-und-umweltvertraglichkeitsberichte","status":"publish","type":"page","link":"https:\/\/margalingenieros.com\/de\/uber-uns-2\/umwelt-und-umweltvertraglichkeitsberichte\/","title":{"rendered":"Umwelt- und Umweltvertr\u00e4glichkeitsberichte"},"content":{"rendered":"<div data-elementor-type=\"wp-page\" data-elementor-id=\"1275\" class=\"elementor elementor-1275\" data-elementor-post-type=\"page\">\n\t\t\t\t\t\t<section data-particle_enable=\"false\" data-particle-mobile-disabled=\"false\" class=\"elementor-section elementor-top-section elementor-element elementor-element-cf8a8cd elementor-section-boxed elementor-section-height-default elementor-section-height-default\" data-id=\"cf8a8cd\" data-element_type=\"section\" data-e-type=\"section\">\n\t\t\t\t\t\t<div class=\"elementor-container elementor-column-gap-default\">\n\t\t\t\t\t<div class=\"elementor-column elementor-col-100 elementor-top-column elementor-element elementor-element-1b56189\" data-id=\"1b56189\" data-element_type=\"column\" data-e-type=\"column\">\n\t\t\t<div class=\"elementor-widget-wrap elementor-element-populated\">\n\t\t\t\t\t\t<div class=\"elementor-element elementor-element-0a895af elementor-widget elementor-widget-heading\" data-id=\"0a895af\" data-element_type=\"widget\" data-e-type=\"widget\" data-widget_type=\"heading.default\">\n\t\t\t\t<div class=\"elementor-widget-container\">\n\t\t\t\t\t<h2 class=\"elementor-heading-title elementor-size-default\">Umwelt- und Umweltvertr\u00e4glichkeitsberichte<\/h2>\t\t\t\t<\/div>\n\t\t\t\t<\/div>\n\t\t\t\t\t<\/div>\n\t\t<\/div>\n\t\t\t\t\t<\/div>\n\t\t<\/section>\n\t\t\t\t<section data-particle_enable=\"false\" data-particle-mobile-disabled=\"false\" class=\"elementor-section elementor-top-section elementor-element elementor-element-bb37525 elementor-section-boxed elementor-section-height-default elementor-section-height-default\" data-id=\"bb37525\" data-element_type=\"section\" data-e-type=\"section\">\n\t\t\t\t\t\t<div class=\"elementor-container elementor-column-gap-default\">\n\t\t\t\t\t<div class=\"elementor-column elementor-col-100 elementor-top-column elementor-element elementor-element-ab05484\" data-id=\"ab05484\" data-element_type=\"column\" data-e-type=\"column\">\n\t\t\t<div class=\"elementor-widget-wrap elementor-element-populated\">\n\t\t\t\t\t\t<div class=\"elementor-element elementor-element-6ec2f80 elementor-widget elementor-widget-text-editor\" data-id=\"6ec2f80\" data-element_type=\"widget\" data-e-type=\"widget\" data-widget_type=\"text-editor.default\">\n\t\t\t\t<div class=\"elementor-widget-container\">\n\t\t\t\t\t\t\t\t\t<p>Umweltschutz ist eine rechtliche und ethische Verpflichtung. Bei MARGAL Ingenieros erstellen wir vollst\u00e4ndige Umweltstudien und Umweltvertr\u00e4glichkeitsberichte, die es uns erm\u00f6glichen, die Auswirkungen von Projekten und Aktivit\u00e4ten auf die Umwelt zu bewerten und zu minimieren.<\/p><p>Unsere Dienstleistungen umfassen:<\/p><p>- Umweltvertr\u00e4glichkeitspr\u00fcfung (EIA)<br \/>- Umweltgedanken und Integrationsdokumente<br \/>- Vereinfachte Umweltvertr\u00e4glichkeitspr\u00fcfung<br \/>- Umweltbezogene Durchf\u00fchrbarkeitsstudien f\u00fcr Projekte<br \/>- Vorbeugende, korrigierende und ausgleichende Ma\u00dfnahmen<br \/>- Pl\u00e4ne zur Umwelt\u00fcberwachung (EMPs)<br \/>- Verfahren vor Umweltbeh\u00f6rden<\/p><p>Wir halten uns an das Gesetz 21\/2013 \u00fcber die Umweltvertr\u00e4glichkeitspr\u00fcfung und alle geltenden regionalen Vorschriften, um die rechtliche Durchf\u00fchrbarkeit Ihres Projekts zu gew\u00e4hrleisten und gleichzeitig die Umwelt zu schonen.<\/p>\t\t\t\t\t\t\t\t<\/div>\n\t\t\t\t<\/div>\n\t\t\t\t\t<\/div>\n\t\t<\/div>\n\t\t\t\t\t<\/div>\n\t\t<\/section>\n\t\t\t\t<\/div>","protected":false},"excerpt":{"rendered":"<p>Memorias Ambientales y de Impacto Ambiental La protecci\u00f3n del medio ambiente es un compromiso legal y \u00e9tico. En MARGAL Ingenieros, elaboramos estudios ambientales completos y memorias de impacto ambiental que permiten evaluar y minimizar el efecto de proyectos y actividades sobre el entorno. Nuestros servicios incluyen: \u2022 Estudios de Impacto Ambiental (EsIA)\u2022 Memorias Ambientales y [&hellip;]<\/p>\n","protected":false},"author":4,"featured_media":0,"parent":568,"menu_order":0,"comment_status":"closed","ping_status":"closed","template":"","meta":{"_joinchat":[],"footnotes":""},"categories":[12],"tags":[],"class_list":["post-1275","page","type-page","status-publish","hentry","category-ingenieria"],"yoast_head":"<!-- This site is optimized with the Yoast SEO plugin v27.2 - https:\/\/yoast.com\/product\/yoast-seo-wordpress\/ -->\n<title>Memorias Ambientales y de Impacto Ambiental - Margal Ingenieros<\/title>\n<meta name=\"robots\" content=\"noindex, follow, max-snippet:-1, max-image-preview:large, max-video-preview:-1\" \/>\n<meta property=\"og:locale\" content=\"de_DE\" \/>\n<meta property=\"og:type\" content=\"article\" \/>\n<meta property=\"og:title\" content=\"Memorias Ambientales y de Impacto Ambiental - Margal Ingenieros\" \/>\n<meta property=\"og:description\" content=\"Memorias Ambientales y de Impacto Ambiental La protecci\u00f3n del medio ambiente es un compromiso legal y \u00e9tico. En MARGAL Ingenieros, elaboramos estudios ambientales completos y memorias de impacto ambiental que permiten evaluar y minimizar el efecto de proyectos y actividades sobre el entorno. Nuestros servicios incluyen: \u2022 Estudios de Impacto Ambiental (EsIA)\u2022 Memorias Ambientales y [&hellip;]\" \/>\n<meta property=\"og:url\" content=\"https:\/\/margalingenieros.com\/de\/uber-uns-2\/umwelt-und-umweltvertraglichkeitsberichte\/\" \/>\n<meta property=\"og:site_name\" content=\"Margal Ingenieros\" \/>\n<meta property=\"article:modified_time\" content=\"2026-03-06T13:30:09+00:00\" \/>\n<meta name=\"twitter:card\" content=\"summary_large_image\" \/>\n<meta name=\"twitter:label1\" content=\"Gesch\u00e4tzte Lesezeit\" \/>\n\t<meta name=\"twitter:data1\" content=\"1\u00a0Minute\" \/>\n<script type=\"application\/ld+json\" class=\"yoast-schema-graph\">{\"@context\":\"https:\/\/schema.org\",\"@graph\":[{\"@type\":\"WebPage\",\"@id\":\"https:\/\/margalingenieros.com\/ingenieria\/memorias-ambientales-y-de-impacto-ambiental\/\",\"url\":\"https:\/\/margalingenieros.com\/ingenieria\/memorias-ambientales-y-de-impacto-ambiental\/\",\"name\":\"Memorias Ambientales y de Impacto Ambiental - Margal Ingenieros\",\"isPartOf\":{\"@id\":\"https:\/\/margalingenieros.com\/#website\"},\"datePublished\":\"2026-01-15T21:04:39+00:00\",\"dateModified\":\"2026-03-06T13:30:09+00:00\",\"breadcrumb\":{\"@id\":\"https:\/\/margalingenieros.com\/ingenieria\/memorias-ambientales-y-de-impacto-ambiental\/#breadcrumb\"},\"inLanguage\":\"de\",\"potentialAction\":[{\"@type\":\"ReadAction\",\"target\":[\"https:\/\/margalingenieros.com\/ingenieria\/memorias-ambientales-y-de-impacto-ambiental\/\"]}]},{\"@type\":\"BreadcrumbList\",\"@id\":\"https:\/\/margalingenieros.com\/ingenieria\/memorias-ambientales-y-de-impacto-ambiental\/#breadcrumb\",\"itemListElement\":[{\"@type\":\"ListItem\",\"position\":1,\"name\":\"Inicio\",\"item\":\"https:\/\/margalingenieros.com\/\"},{\"@type\":\"ListItem\",\"position\":2,\"name\":\"Ingenier\u00eda\",\"item\":\"https:\/\/margalingenieros.com\/ingenieria\/\"},{\"@type\":\"ListItem\",\"position\":3,\"name\":\"Memorias Ambientales y de Impacto Ambiental\"}]},{\"@type\":\"WebSite\",\"@id\":\"https:\/\/margalingenieros.com\/#website\",\"url\":\"https:\/\/margalingenieros.com\/\",\"name\":\"Margal Ingenieros\",\"description\":\"Ingenier\u00eda T\u00e9cnica, civil, Industrial y en telecomunicaciones\",\"publisher\":{\"@id\":\"https:\/\/margalingenieros.com\/#organization\"},\"potentialAction\":[{\"@type\":\"SearchAction\",\"target\":{\"@type\":\"EntryPoint\",\"urlTemplate\":\"https:\/\/margalingenieros.com\/?s={search_term_string}\"},\"query-input\":{\"@type\":\"PropertyValueSpecification\",\"valueRequired\":true,\"valueName\":\"search_term_string\"}}],\"inLanguage\":\"de\"},{\"@type\":\"Organization\",\"@id\":\"https:\/\/margalingenieros.com\/#organization\",\"name\":\"Margal Ingenieros\",\"url\":\"https:\/\/margalingenieros.com\/\",\"logo\":{\"@type\":\"ImageObject\",\"inLanguage\":\"de\",\"@id\":\"https:\/\/margalingenieros.com\/#\/schema\/logo\/image\/\",\"url\":\"https:\/\/margalingenieros.com\/wp-content\/uploads\/2023\/05\/margal-ingenieros.webp\",\"contentUrl\":\"https:\/\/margalingenieros.com\/wp-content\/uploads\/2023\/05\/margal-ingenieros.webp\",\"width\":512,\"height\":200,\"caption\":\"Margal Ingenieros\"},\"image\":{\"@id\":\"https:\/\/margalingenieros.com\/#\/schema\/logo\/image\/\"}}]}<\/script>\n<!-- \/ Yoast SEO plugin. -->","yoast_head_json":{"title":"Umweltged\u00e4chtnis und Umweltvertr\u00e4glichkeitspr\u00fcfung - Margal Ingenieros","robots":{"index":"noindex","follow":"follow","max-snippet":"max-snippet:-1","max-image-preview":"max-image-preview:large","max-video-preview":"max-video-preview:-1"},"og_locale":"de_DE","og_type":"article","og_title":"Memorias Ambientales y de Impacto Ambiental - Margal Ingenieros","og_description":"Memorias Ambientales y de Impacto Ambiental La protecci\u00f3n del medio ambiente es un compromiso legal y \u00e9tico. En MARGAL Ingenieros, elaboramos estudios ambientales completos y memorias de impacto ambiental que permiten evaluar y minimizar el efecto de proyectos y actividades sobre el entorno. Nuestros servicios incluyen: \u2022 Estudios de Impacto Ambiental (EsIA)\u2022 Memorias Ambientales y [&hellip;]","og_url":"https:\/\/margalingenieros.com\/de\/uber-uns-2\/umwelt-und-umweltvertraglichkeitsberichte\/","og_site_name":"Margal Ingenieros","article_modified_time":"2026-03-06T13:30:09+00:00","twitter_card":"summary_large_image","twitter_misc":{"Gesch\u00e4tzte Lesezeit":"1\u00a0Minute"},"schema":{"@context":"https:\/\/schema.org","@graph":[{"@type":"WebPage","@id":"https:\/\/margalingenieros.com\/ingenieria\/memorias-ambientales-y-de-impacto-ambiental\/","url":"https:\/\/margalingenieros.com\/ingenieria\/memorias-ambientales-y-de-impacto-ambiental\/","name":"Umweltged\u00e4chtnis und Umweltvertr\u00e4glichkeitspr\u00fcfung - Margal Ingenieros","isPartOf":{"@id":"https:\/\/margalingenieros.com\/#website"},"datePublished":"2026-01-15T21:04:39+00:00","dateModified":"2026-03-06T13:30:09+00:00","breadcrumb":{"@id":"https:\/\/margalingenieros.com\/ingenieria\/memorias-ambientales-y-de-impacto-ambiental\/#breadcrumb"},"inLanguage":"de","potentialAction":[{"@type":"ReadAction","target":["https:\/\/margalingenieros.com\/ingenieria\/memorias-ambientales-y-de-impacto-ambiental\/"]}]},{"@type":"BreadcrumbList","@id":"https:\/\/margalingenieros.com\/ingenieria\/memorias-ambientales-y-de-impacto-ambiental\/#breadcrumb","itemListElement":[{"@type":"ListItem","position":1,"name":"Inicio","item":"https:\/\/margalingenieros.com\/"},{"@type":"ListItem","position":2,"name":"Ingenier\u00eda","item":"https:\/\/margalingenieros.com\/ingenieria\/"},{"@type":"ListItem","position":3,"name":"Memorias Ambientales y de Impacto Ambiental"}]},{"@type":"WebSite","@id":"https:\/\/margalingenieros.com\/#website","url":"https:\/\/margalingenieros.com\/","name":"Margal-Ingenieure","description":"Technik, Bauwesen, Industrie und Telekommunikation","publisher":{"@id":"https:\/\/margalingenieros.com\/#organization"},"potentialAction":[{"@type":"SearchAction","target":{"@type":"EntryPoint","urlTemplate":"https:\/\/margalingenieros.com\/?s={search_term_string}"},"query-input":{"@type":"PropertyValueSpecification","valueRequired":true,"valueName":"search_term_string"}}],"inLanguage":"de"},{"@type":"Organization","@id":"https:\/\/margalingenieros.com\/#organization","name":"Margal-Ingenieure","url":"https:\/\/margalingenieros.com\/","logo":{"@type":"ImageObject","inLanguage":"de","@id":"https:\/\/margalingenieros.com\/#\/schema\/logo\/image\/","url":"https:\/\/margalingenieros.com\/wp-content\/uploads\/2023\/05\/margal-ingenieros.webp","contentUrl":"https:\/\/margalingenieros.com\/wp-content\/uploads\/2023\/05\/margal-ingenieros.webp","width":512,"height":200,"caption":"Margal Ingenieros"},"image":{"@id":"https:\/\/margalingenieros.com\/#\/schema\/logo\/image\/"}}]}},"_links":{"self":[{"href":"https:\/\/margalingenieros.com\/de\/wp-json\/wp\/v2\/pages\/1275","targetHints":{"allow":["GET"]}}],"collection":[{"href":"https:\/\/margalingenieros.com\/de\/wp-json\/wp\/v2\/pages"}],"about":[{"href":"https:\/\/margalingenieros.com\/de\/wp-json\/wp\/v2\/types\/page"}],"author":[{"embeddable":true,"href":"https:\/\/margalingenieros.com\/de\/wp-json\/wp\/v2\/users\/4"}],"replies":[{"embeddable":true,"href":"https:\/\/margalingenieros.com\/de\/wp-json\/wp\/v2\/comments?post=1275"}],"version-history":[{"count":4,"href":"https:\/\/margalingenieros.com\/de\/wp-json\/wp\/v2\/pages\/1275\/revisions"}],"predecessor-version":[{"id":1279,"href":"https:\/\/margalingenieros.com\/de\/wp-json\/wp\/v2\/pages\/1275\/revisions\/1279"}],"up":[{"embeddable":true,"href":"https:\/\/margalingenieros.com\/de\/wp-json\/wp\/v2\/pages\/568"}],"wp:attachment":[{"href":"https:\/\/margalingenieros.com\/de\/wp-json\/wp\/v2\/media?parent=1275"}],"wp:term":[{"taxonomy":"category","embeddable":true,"href":"https:\/\/margalingenieros.com\/de\/wp-json\/wp\/v2\/categories?post=1275"},{"taxonomy":"post_tag","embeddable":true,"href":"https:\/\/margalingenieros.com\/de\/wp-json\/wp\/v2\/tags?post=1275"}],"curies":[{"name":"wp","href":"https:\/\/api.w.org\/{rel}","templated":true}]}}