{"id":1280,"date":"2026-01-15T21:06:16","date_gmt":"2026-01-15T21:06:16","guid":{"rendered":"https:\/\/margalingenieros.com\/?page_id=1280"},"modified":"2026-03-06T13:30:08","modified_gmt":"2026-03-06T13:30:08","slug":"klimatisierung","status":"publish","type":"page","link":"https:\/\/margalingenieros.com\/de\/uber-uns-2\/klimatisierung\/","title":{"rendered":"Klimatisierung"},"content":{"rendered":"<div data-elementor-type=\"wp-page\" data-elementor-id=\"1280\" class=\"elementor elementor-1280\" data-elementor-post-type=\"page\">\n\t\t\t\t\t\t<section data-particle_enable=\"false\" data-particle-mobile-disabled=\"false\" class=\"elementor-section elementor-top-section elementor-element elementor-element-1299b60 elementor-section-boxed elementor-section-height-default elementor-section-height-default\" data-id=\"1299b60\" data-element_type=\"section\" data-e-type=\"section\">\n\t\t\t\t\t\t<div class=\"elementor-container elementor-column-gap-default\">\n\t\t\t\t\t<div class=\"elementor-column elementor-col-100 elementor-top-column elementor-element elementor-element-a74c165\" data-id=\"a74c165\" data-element_type=\"column\" data-e-type=\"column\">\n\t\t\t<div class=\"elementor-widget-wrap elementor-element-populated\">\n\t\t\t\t\t\t<div class=\"elementor-element elementor-element-236d32d elementor-widget elementor-widget-heading\" data-id=\"236d32d\" data-element_type=\"widget\" data-e-type=\"widget\" data-widget_type=\"heading.default\">\n\t\t\t\t<div class=\"elementor-widget-container\">\n\t\t\t\t\t<h2 class=\"elementor-heading-title elementor-size-default\">Klimatisierung<\/h2>\t\t\t\t<\/div>\n\t\t\t\t<\/div>\n\t\t\t\t\t<\/div>\n\t\t<\/div>\n\t\t\t\t\t<\/div>\n\t\t<\/section>\n\t\t\t\t<section data-particle_enable=\"false\" data-particle-mobile-disabled=\"false\" class=\"elementor-section elementor-top-section elementor-element elementor-element-3542b29 elementor-section-boxed elementor-section-height-default elementor-section-height-default\" data-id=\"3542b29\" data-element_type=\"section\" data-e-type=\"section\">\n\t\t\t\t\t\t<div class=\"elementor-container elementor-column-gap-default\">\n\t\t\t\t\t<div class=\"elementor-column elementor-col-100 elementor-top-column elementor-element elementor-element-854de76\" data-id=\"854de76\" data-element_type=\"column\" data-e-type=\"column\">\n\t\t\t<div class=\"elementor-widget-wrap elementor-element-populated\">\n\t\t\t\t\t\t<div class=\"elementor-element elementor-element-89be671 elementor-widget elementor-widget-text-editor\" data-id=\"89be671\" data-element_type=\"widget\" data-e-type=\"widget\" data-widget_type=\"text-editor.default\">\n\t\t\t\t<div class=\"elementor-widget-container\">\n\t\t\t\t\t\t\t\t\t<p>Thermischer Komfort und Raumluftqualit\u00e4t sind f\u00fcr das Wohlbefinden von entscheidender Bedeutung. Bei MARGAL Ingenieros entwerfen und installieren wir effiziente und nachhaltige Klimatisierungssysteme, die der Verordnung \u00fcber thermische Anlagen in Geb\u00e4uden (RITE) entsprechen.<\/p><p>Unsere Dienstleistungen umfassen:<\/p><p>- Aerothermal: Hocheffiziente Luft-Wasser-W\u00e4rmepumpen<br \/>- Geothermische Energie: Nutzung der Energie des Untergrunds<br \/>- Beatmung: Systeme zur kontrollierten mechanischen Beatmung (CMV)<br \/>- Kanal- und Split-Klimatisierungssysteme<br \/>- Systeme zur W\u00e4rmer\u00fcckgewinnung<br \/>- Fu\u00dfboden- und Deckenheizung<br \/>- Energieaudits und Zertifizierungen<\/p><p>Wir bieten ma\u00dfgeschneiderte L\u00f6sungen, die Komfort, Energieeffizienz und Nachhaltigkeit miteinander verbinden und den Verbrauch und die CO2-Emissionen senken.<\/p>\t\t\t\t\t\t\t\t<\/div>\n\t\t\t\t<\/div>\n\t\t\t\t\t<\/div>\n\t\t<\/div>\n\t\t\t\t\t<\/div>\n\t\t<\/section>\n\t\t\t\t<\/div>","protected":false},"excerpt":{"rendered":"<p>Climatizaci\u00f3n El confort t\u00e9rmico y la calidad del aire interior son fundamentales para el bienestar. En MARGAL Ingenieros, dise\u00f1amos e instalamos sistemas de climatizaci\u00f3n eficientes y sostenibles que cumplen con el Reglamento de Instalaciones T\u00e9rmicas en Edificios (RITE). Nuestros servicios incluyen: \u2022 Aerotermia: bombas de calor aire-agua de alta eficiencia\u2022 Geotermia: aprovechamiento de la energ\u00eda [&hellip;]<\/p>\n","protected":false},"author":4,"featured_media":0,"parent":568,"menu_order":0,"comment_status":"closed","ping_status":"closed","template":"","meta":{"_joinchat":[],"footnotes":""},"categories":[12],"tags":[],"class_list":["post-1280","page","type-page","status-publish","hentry","category-ingenieria"],"yoast_head":"<!-- This site is optimized with the Yoast SEO plugin v27.2 - https:\/\/yoast.com\/product\/yoast-seo-wordpress\/ -->\n<title>Climatizaci\u00f3n - Margal Ingenieros<\/title>\n<meta name=\"robots\" content=\"noindex, follow, max-snippet:-1, max-image-preview:large, max-video-preview:-1\" \/>\n<meta property=\"og:locale\" content=\"de_DE\" \/>\n<meta property=\"og:type\" content=\"article\" \/>\n<meta property=\"og:title\" content=\"Climatizaci\u00f3n - Margal Ingenieros\" \/>\n<meta property=\"og:description\" content=\"Climatizaci\u00f3n El confort t\u00e9rmico y la calidad del aire interior son fundamentales para el bienestar. En MARGAL Ingenieros, dise\u00f1amos e instalamos sistemas de climatizaci\u00f3n eficientes y sostenibles que cumplen con el Reglamento de Instalaciones T\u00e9rmicas en Edificios (RITE). Nuestros servicios incluyen: \u2022 Aerotermia: bombas de calor aire-agua de alta eficiencia\u2022 Geotermia: aprovechamiento de la energ\u00eda [&hellip;]\" \/>\n<meta property=\"og:url\" content=\"https:\/\/margalingenieros.com\/de\/uber-uns-2\/klimatisierung\/\" \/>\n<meta property=\"og:site_name\" content=\"Margal Ingenieros\" \/>\n<meta property=\"article:modified_time\" content=\"2026-03-06T13:30:08+00:00\" \/>\n<meta name=\"twitter:card\" content=\"summary_large_image\" \/>\n<meta name=\"twitter:label1\" content=\"Gesch\u00e4tzte Lesezeit\" \/>\n\t<meta name=\"twitter:data1\" content=\"1\u00a0Minute\" \/>\n<script type=\"application\/ld+json\" class=\"yoast-schema-graph\">{\"@context\":\"https:\/\/schema.org\",\"@graph\":[{\"@type\":\"WebPage\",\"@id\":\"https:\/\/margalingenieros.com\/ingenieria\/climatizacion\/\",\"url\":\"https:\/\/margalingenieros.com\/ingenieria\/climatizacion\/\",\"name\":\"Climatizaci\u00f3n - Margal Ingenieros\",\"isPartOf\":{\"@id\":\"https:\/\/margalingenieros.com\/#website\"},\"datePublished\":\"2026-01-15T21:06:16+00:00\",\"dateModified\":\"2026-03-06T13:30:08+00:00\",\"breadcrumb\":{\"@id\":\"https:\/\/margalingenieros.com\/ingenieria\/climatizacion\/#breadcrumb\"},\"inLanguage\":\"de\",\"potentialAction\":[{\"@type\":\"ReadAction\",\"target\":[\"https:\/\/margalingenieros.com\/ingenieria\/climatizacion\/\"]}]},{\"@type\":\"BreadcrumbList\",\"@id\":\"https:\/\/margalingenieros.com\/ingenieria\/climatizacion\/#breadcrumb\",\"itemListElement\":[{\"@type\":\"ListItem\",\"position\":1,\"name\":\"Inicio\",\"item\":\"https:\/\/margalingenieros.com\/\"},{\"@type\":\"ListItem\",\"position\":2,\"name\":\"Ingenier\u00eda\",\"item\":\"https:\/\/margalingenieros.com\/ingenieria\/\"},{\"@type\":\"ListItem\",\"position\":3,\"name\":\"Climatizaci\u00f3n\"}]},{\"@type\":\"WebSite\",\"@id\":\"https:\/\/margalingenieros.com\/#website\",\"url\":\"https:\/\/margalingenieros.com\/\",\"name\":\"Margal Ingenieros\",\"description\":\"Ingenier\u00eda T\u00e9cnica, civil, Industrial y en telecomunicaciones\",\"publisher\":{\"@id\":\"https:\/\/margalingenieros.com\/#organization\"},\"potentialAction\":[{\"@type\":\"SearchAction\",\"target\":{\"@type\":\"EntryPoint\",\"urlTemplate\":\"https:\/\/margalingenieros.com\/?s={search_term_string}\"},\"query-input\":{\"@type\":\"PropertyValueSpecification\",\"valueRequired\":true,\"valueName\":\"search_term_string\"}}],\"inLanguage\":\"de\"},{\"@type\":\"Organization\",\"@id\":\"https:\/\/margalingenieros.com\/#organization\",\"name\":\"Margal Ingenieros\",\"url\":\"https:\/\/margalingenieros.com\/\",\"logo\":{\"@type\":\"ImageObject\",\"inLanguage\":\"de\",\"@id\":\"https:\/\/margalingenieros.com\/#\/schema\/logo\/image\/\",\"url\":\"https:\/\/margalingenieros.com\/wp-content\/uploads\/2023\/05\/margal-ingenieros.webp\",\"contentUrl\":\"https:\/\/margalingenieros.com\/wp-content\/uploads\/2023\/05\/margal-ingenieros.webp\",\"width\":512,\"height\":200,\"caption\":\"Margal Ingenieros\"},\"image\":{\"@id\":\"https:\/\/margalingenieros.com\/#\/schema\/logo\/image\/\"}}]}<\/script>\n<!-- \/ Yoast SEO plugin. -->","yoast_head_json":{"title":"Klimatisierung - Margal Ingenieros","robots":{"index":"noindex","follow":"follow","max-snippet":"max-snippet:-1","max-image-preview":"max-image-preview:large","max-video-preview":"max-video-preview:-1"},"og_locale":"de_DE","og_type":"article","og_title":"Climatizaci\u00f3n - Margal Ingenieros","og_description":"Climatizaci\u00f3n El confort t\u00e9rmico y la calidad del aire interior son fundamentales para el bienestar. En MARGAL Ingenieros, dise\u00f1amos e instalamos sistemas de climatizaci\u00f3n eficientes y sostenibles que cumplen con el Reglamento de Instalaciones T\u00e9rmicas en Edificios (RITE). Nuestros servicios incluyen: \u2022 Aerotermia: bombas de calor aire-agua de alta eficiencia\u2022 Geotermia: aprovechamiento de la energ\u00eda [&hellip;]","og_url":"https:\/\/margalingenieros.com\/de\/uber-uns-2\/klimatisierung\/","og_site_name":"Margal Ingenieros","article_modified_time":"2026-03-06T13:30:08+00:00","twitter_card":"summary_large_image","twitter_misc":{"Gesch\u00e4tzte Lesezeit":"1\u00a0Minute"},"schema":{"@context":"https:\/\/schema.org","@graph":[{"@type":"WebPage","@id":"https:\/\/margalingenieros.com\/ingenieria\/climatizacion\/","url":"https:\/\/margalingenieros.com\/ingenieria\/climatizacion\/","name":"Klimatisierung - Margal Ingenieros","isPartOf":{"@id":"https:\/\/margalingenieros.com\/#website"},"datePublished":"2026-01-15T21:06:16+00:00","dateModified":"2026-03-06T13:30:08+00:00","breadcrumb":{"@id":"https:\/\/margalingenieros.com\/ingenieria\/climatizacion\/#breadcrumb"},"inLanguage":"de","potentialAction":[{"@type":"ReadAction","target":["https:\/\/margalingenieros.com\/ingenieria\/climatizacion\/"]}]},{"@type":"BreadcrumbList","@id":"https:\/\/margalingenieros.com\/ingenieria\/climatizacion\/#breadcrumb","itemListElement":[{"@type":"ListItem","position":1,"name":"Inicio","item":"https:\/\/margalingenieros.com\/"},{"@type":"ListItem","position":2,"name":"Ingenier\u00eda","item":"https:\/\/margalingenieros.com\/ingenieria\/"},{"@type":"ListItem","position":3,"name":"Climatizaci\u00f3n"}]},{"@type":"WebSite","@id":"https:\/\/margalingenieros.com\/#website","url":"https:\/\/margalingenieros.com\/","name":"Margal-Ingenieure","description":"Technik, Bauwesen, Industrie und Telekommunikation","publisher":{"@id":"https:\/\/margalingenieros.com\/#organization"},"potentialAction":[{"@type":"SearchAction","target":{"@type":"EntryPoint","urlTemplate":"https:\/\/margalingenieros.com\/?s={search_term_string}"},"query-input":{"@type":"PropertyValueSpecification","valueRequired":true,"valueName":"search_term_string"}}],"inLanguage":"de"},{"@type":"Organization","@id":"https:\/\/margalingenieros.com\/#organization","name":"Margal-Ingenieure","url":"https:\/\/margalingenieros.com\/","logo":{"@type":"ImageObject","inLanguage":"de","@id":"https:\/\/margalingenieros.com\/#\/schema\/logo\/image\/","url":"https:\/\/margalingenieros.com\/wp-content\/uploads\/2023\/05\/margal-ingenieros.webp","contentUrl":"https:\/\/margalingenieros.com\/wp-content\/uploads\/2023\/05\/margal-ingenieros.webp","width":512,"height":200,"caption":"Margal Ingenieros"},"image":{"@id":"https:\/\/margalingenieros.com\/#\/schema\/logo\/image\/"}}]}},"_links":{"self":[{"href":"https:\/\/margalingenieros.com\/de\/wp-json\/wp\/v2\/pages\/1280","targetHints":{"allow":["GET"]}}],"collection":[{"href":"https:\/\/margalingenieros.com\/de\/wp-json\/wp\/v2\/pages"}],"about":[{"href":"https:\/\/margalingenieros.com\/de\/wp-json\/wp\/v2\/types\/page"}],"author":[{"embeddable":true,"href":"https:\/\/margalingenieros.com\/de\/wp-json\/wp\/v2\/users\/4"}],"replies":[{"embeddable":true,"href":"https:\/\/margalingenieros.com\/de\/wp-json\/wp\/v2\/comments?post=1280"}],"version-history":[{"count":4,"href":"https:\/\/margalingenieros.com\/de\/wp-json\/wp\/v2\/pages\/1280\/revisions"}],"predecessor-version":[{"id":1284,"href":"https:\/\/margalingenieros.com\/de\/wp-json\/wp\/v2\/pages\/1280\/revisions\/1284"}],"up":[{"embeddable":true,"href":"https:\/\/margalingenieros.com\/de\/wp-json\/wp\/v2\/pages\/568"}],"wp:attachment":[{"href":"https:\/\/margalingenieros.com\/de\/wp-json\/wp\/v2\/media?parent=1280"}],"wp:term":[{"taxonomy":"category","embeddable":true,"href":"https:\/\/margalingenieros.com\/de\/wp-json\/wp\/v2\/categories?post=1280"},{"taxonomy":"post_tag","embeddable":true,"href":"https:\/\/margalingenieros.com\/de\/wp-json\/wp\/v2\/tags?post=1280"}],"curies":[{"name":"wp","href":"https:\/\/api.w.org\/{rel}","templated":true}]}}