{"id":248,"date":"2023-05-24T10:43:16","date_gmt":"2023-05-24T10:43:16","guid":{"rendered":"https:\/\/dev.gladfour.com\/?page_id=248"},"modified":"2025-03-29T18:17:01","modified_gmt":"2025-03-29T18:17:01","slug":"rechtliche-warnung","status":"publish","type":"page","link":"https:\/\/margalingenieros.com\/de\/rechtliche-warnung\/","title":{"rendered":"Rechtliche Warnung"},"content":{"rendered":"<p><strong>Der Text wurde zuletzt \u00fcberarbeitet und aktualisiert am 1. M\u00e4rz 2025.<\/strong><\/p>\n\n\n\n<h4 class=\"wp-block-heading\"><strong>OBJEKT:<\/strong><\/h4>\n\n\n\n<p>Diese Website wurde entwickelt, um die von Pablo P\u00e9rez Roque angebotenen Dienstleistungen bekannt zu machen und zu verkaufen, mit der Adresse: Calle Genaro Cajal, 19, Postleitzahl 10300 von Navalmoral de la Mata, C\u00e1ceres, Spanien; sowie f\u00fcr den Empfang von m\u00f6glichen Kunden und Gesch\u00e4ftskontakten.<\/p>\n\n\n\n<h4 class=\"wp-block-heading\"><strong>GEISTIGES UND INDUSTRIELLES EIGENTUM:<\/strong><\/h4>\n\n\n\n<p><strong><a href=\"https:\/\/margalingenieros.com\/de\/\">www.inge-pro.com<\/a>&nbsp;zugeh\u00f6rig:<\/strong><\/p>\n\n\n\n<p><strong>Pablo P\u00e9rez Roque<\/strong><br>Calle Genaro Cajal, 19 in Navalmoral de la Mata, Postleitzahl 10300 in C\u00e1ceres, Spanien.<br><strong>Tel.:<\/strong>&nbsp;667 60 69 28<br><strong>Email:<\/strong>&nbsp;<a href=\"mailto:pablo.perez@inge-pro.com\" target=\"_blank\" rel=\"noreferrer noopener\">pablo.perez@inge-pro.com<\/a><br><strong>Gesetzlicher Vertreter:<\/strong>&nbsp;Pablo P\u00e9rez Roque.<br><strong>Steueridentifikationsnummer:<\/strong>&nbsp;28972129H<br><\/p>\n\n\n\n<p>Die Rechte des geistigen Eigentums an der Website www.inge-pro.com, dem Design, den Navigationsstrukturen und den verschiedenen darin enthaltenen Elementen sind Eigentum von \"Pablo P\u00e9rez Roque\", der das ausschlie\u00dfliche Recht hat, sie in jeglicher Weise zu nutzen und insbesondere das Recht auf Vervielf\u00e4ltigung, Verbreitung, \u00f6ffentliche Bekanntmachung und Umgestaltung gem\u00e4\u00df der geltenden spanischen und europ\u00e4ischen Gesetzgebung.<\/p>\n\n\n\n<p>Die Website \"IngePro\", die darin enthaltenen Seiten und die darin enthaltenen Informationen oder Elemente umfassen Texte, Dokumente, Fotografien, Zeichnungen, grafische Darstellungen, Computerprogramme sowie Logos, Marken, Handelsnamen oder andere unterscheidungskr\u00e4ftige Zeichen, die durch geistige oder gewerbliche Eigentumsrechte gesch\u00fctzt sind und deren Eigent\u00fcmer oder rechtm\u00e4\u00dfiger Lizenznehmer \"Pablo P\u00e9rez Roque\" ist.<\/p>\n\n\n\n<h4 class=\"wp-block-heading\"><strong>INHALT:<\/strong><\/h4>\n\n\n\n<p>Auf dieser Website werden Informationen \u00fcber Produkte und Dienstleistungen bereitgestellt, die der \u00d6ffentlichkeit zug\u00e4nglich gemacht werden und in jedem Fall den jeweils ausdr\u00fccklich dargelegten Allgemeinen Gesch\u00e4ftsbedingungen unterliegen und die \u00fcber diese Website zug\u00e4nglich sind und den verschiedenen Bestimmungen der geltenden Gesetze unterliegen .<\/p>\n\n\n\n<h4 class=\"wp-block-heading\"><strong>ZUGANG UND NUTZUNG:<\/strong><\/h4>\n\n\n\n<p>Sowohl der Zugriff auf diese Website als auch die Nutzung der darin enthaltenen Informationen und Inhalte unterliegen der ausschlie\u00dflichen Verantwortung desjenigen, der dies tut.<\/p>\n\n\n\n<p>Die Bedingungen f\u00fcr den Zugang zu dieser Website unterliegen der geltenden Gesetzgebung und den Grunds\u00e4tzen von Treu und Glauben und der rechtm\u00e4\u00dfigen Nutzung durch den Benutzer derselben, und jede Art von Handlung zum Nachteil von \"Pablo P\u00e9rez Roque\" ist generell verboten.<\/p>\n\n\n\n<p>Die Nutzung dieser Website f\u00fcr illegale oder nicht autorisierte Zwecke gilt als streng verboten.<\/p>\n\n\n\n<p>Jede Form der Verwertung, einschlie\u00dflich aller Arten der Vervielf\u00e4ltigung, Verbreitung, Weitergabe an Dritte, \u00f6ffentliche Kommunikation und Umwandlung der oben genannten Werke, Kreationen und Unterscheidungszeichen durch jegliche Art von Tr\u00e4ger und Medium ist ohne vorherige und ausdr\u00fcckliche Genehmigung der jeweiligen Anbieter verboten Eigent\u00fcmer. Schlagzeilen. Die Nichtbeachtung dieses Verbots kann eine Straftat darstellen, die nach geltendem Recht strafbar ist.<\/p>\n\n\n\n<p>Die Nutzer k\u00f6nnen jedoch auf eigenes Risiko diese Elemente ausschlie\u00dflich f\u00fcr den pers\u00f6nlichen Gebrauch herunterladen oder kopieren, vorausgesetzt, sie verletzen nicht die geistigen oder gewerblichen Eigentumsrechte von \"Pablo P\u00e9rez Roque\" und ver\u00e4ndern sie weder ganz noch teilweise. In keinem Fall bedeutet dies eine Genehmigung oder Lizenz f\u00fcr die Eigentumsrechte von \"Pablo P\u00e9rez Roque\".<\/p>\n\n\n\n<p>Es ist verboten, au\u00dfer in ausdr\u00fccklich von \"Pablo P\u00e9rez Roque\" genehmigten F\u00e4llen, die Seiten von \"www.inge-pro.com\", \"inge-pro.com\" oder die darin enthaltenen Informationen unter Rahmen, Unterscheidungszeichen, Marken oder Firmen- oder Handelsnamen einer anderen Person, Firma oder Einrichtung darzustellen.<\/p>\n\n\n\n<h4 class=\"wp-block-heading\"><strong>VERANTWORTUNG:<\/strong><\/h4>\n\n\n\n<p>\"Pablo P\u00e9rez Roque\" haftet unter keinen Umst\u00e4nden f\u00fcr Sch\u00e4den jeglicher Art, die von den Nutzern dieser oder einer anderen Website durch die illegale oder unsachgem\u00e4\u00dfe Nutzung derselben oder der \u00fcber sie zug\u00e4nglichen oder bereitgestellten Inhalte und Informationen verursacht werden k\u00f6nnen.<\/p>\n\n\n\n<h4 class=\"wp-block-heading\"><strong>SERVICE:<\/strong><\/h4>\n\n\n\n<p>\"Pablo P\u00e9rez Roque\" beh\u00e4lt sich das Recht vor, den Zugang zur Website inge-pro.com ohne vorherige Ank\u00fcndigung nach eigenem Ermessen und vor\u00fcbergehend aus technischen oder anderen Gr\u00fcnden zu unterbrechen und kann auch einseitig sowohl die Zugangsbedingungen als auch alle oder einen Teil der darin enthaltenen Inhalte \u00e4ndern.<\/p>\n\n\n\n<h4 class=\"wp-block-heading\"><strong>ALLGEMEIN:<\/strong><\/h4>\n\n\n\n<p>F\u00fcr alle Rechtsstreitigkeiten oder solche, die die Website: inge-pro.com, Eigentum von \"Pablo P\u00e9rez Roque\", betreffen, gilt die spanische Gesetzgebung, und die Gerichte von Navalmoral de la Mata, Provinz C\u00e1ceres, sind zust\u00e4ndig f\u00fcr die L\u00f6sung aller Konflikte, die sich aus der Nutzung dieser Website ergeben oder damit verbunden sind. Der Zugriff auf die Website \"www.inge-pro.com\" setzt die Annahme aller vorgenannten Bedingungen voraus.<\/p>\n\n\n\n<h4 class=\"wp-block-heading\"><strong>HYPERLINKS:<\/strong><\/h4>\n\n\n\n<p>Die auf der Website inge-pro.com enthaltenen Hyperlinks, die Eigentum von \"Pablo P\u00e9rez Roque\" sind, k\u00f6nnen zu Websites von Dritten f\u00fchren. \"Pablo P\u00e9rez Roque\" \u00fcbernimmt keine Verantwortung f\u00fcr die Inhalte, Informationen oder Dienstleistungen, die auf diesen Websites erscheinen k\u00f6nnen, die ausschlie\u00dflich zu Informationszwecken dienen und in keinem Fall eine Beziehung zwischen \"Pablo P\u00e9rez Roque\" und den Personen oder Einrichtungen, die diese Inhalte besitzen oder den Eigent\u00fcmern der Websites, auf denen sie sich befinden, implizieren.<\/p>\n\n\n\n<h4 class=\"wp-block-heading\"><strong>VERWENDUNG VON COOKIES:<\/strong><\/h4>\n\n\n\n<p>\"Pablo P\u00e9rez Roque\" kann Cookies verwenden, wenn ein Benutzer die Seiten der Website besucht. Cookies sind nur mit dem Browser eines bestimmten Computers (eines anonymen Nutzers) verbunden und geben selbst nicht den Vor- und Nachnamen des Nutzers an. Dank der Cookies ist es \"Pablo P\u00e9rez Roque\" m\u00f6glich, die von den Nutzern bei fr\u00fcheren Besuchen gew\u00e4hlten Pr\u00e4ferenzen in Bezug auf den Inhalt der Website zu erkennen, um sich an ihre Pr\u00e4ferenzen zu erinnern, ohne dass sie diese bei sp\u00e4teren Besuchen erneut ausw\u00e4hlen m\u00fcssen.<\/p>\n\n\n\n<p>Der Nutzer hat die M\u00f6glichkeit, seinen Browser so zu konfigurieren, dass er auf dem Bildschirm \u00fcber den Empfang von Cookies informiert wird und die Installation von Cookies auf seiner Festplatte verhindert.<\/p>\n\n\n\n<p>Bitte konsultieren Sie die Anleitungen und Handb\u00fccher Ihres Browsers f\u00fcr weitere Informationen. F\u00fcr die Nutzung der Website ist es nicht erforderlich, dass der Nutzer die Installation von Cookies, die von www.inge-pro.com gesendet werden, zul\u00e4sst, unbeschadet der Tatsache, dass es in diesem Fall erforderlich ist, dass der Nutzer diese Auswahl jedes Mal trifft, wenn er die Website besucht.<\/p>\n\n\n\n<p>Weitere Informationen zu unserer Verwendung von Cookies finden Sie in unserem <a href=\"\/de\/cookie-richtlinie\/\">Cookie-Richtlinie<\/a>.<\/p>\n\n\n\n<p><strong>Der Text wurde zuletzt \u00fcberarbeitet und aktualisiert am 1. M\u00e4rz 2025.<\/strong><\/p>\n\n\n\n<p><\/p>","protected":false},"excerpt":{"rendered":"<p>Texto revisado y actualizado por \u00faltima vez el 1 de marzo de 2025. OBJETO: La presente p\u00e1gina web ha sido dise\u00f1ada para dar a conocer y vender al p\u00fablico en general los servicios ofertados por Pablo P\u00e9rez Roque, con domicilio en: Calle Genaro Cajal, 19, C\u00f3digo Postal 10300 de Navalmoral de la Mata, C\u00e1ceres, Espa\u00f1a; [&hellip;]<\/p>\n","protected":false},"author":3,"featured_media":0,"parent":0,"menu_order":0,"comment_status":"closed","ping_status":"closed","template":"","meta":{"_joinchat":[],"footnotes":""},"categories":[11],"tags":[31],"class_list":["post-248","page","type-page","status-publish","hentry","category-legal","tag-page-legal"],"yoast_head":"<!-- This site is optimized with the Yoast SEO plugin v27.2 - https:\/\/yoast.com\/product\/yoast-seo-wordpress\/ -->\n<title>Aviso Legal - Margal Ingenieros<\/title>\n<meta name=\"description\" content=\"Est\u00e1 p\u00e1gina recoge el Aviso Legal del sitio web de Gladfour Clean Energy, propiedad de la sociedad espa\u00f1ola Gladfour, S.L.\" \/>\n<meta name=\"robots\" content=\"noindex, follow, max-snippet:-1, max-image-preview:large, max-video-preview:-1\" \/>\n<meta property=\"og:locale\" content=\"de_DE\" \/>\n<meta property=\"og:type\" content=\"article\" \/>\n<meta property=\"og:title\" content=\"Aviso Legal - Margal Ingenieros\" \/>\n<meta property=\"og:description\" content=\"Est\u00e1 p\u00e1gina recoge el Aviso Legal del sitio web de Gladfour Clean Energy, propiedad de la sociedad espa\u00f1ola Gladfour, S.L.\" \/>\n<meta property=\"og:url\" content=\"https:\/\/margalingenieros.com\/de\/rechtliche-warnung\/\" \/>\n<meta property=\"og:site_name\" content=\"Margal Ingenieros\" \/>\n<meta property=\"article:modified_time\" content=\"2025-03-29T18:17:01+00:00\" \/>\n<meta name=\"twitter:card\" content=\"summary_large_image\" \/>\n<meta name=\"twitter:label1\" content=\"Gesch\u00e4tzte Lesezeit\" \/>\n\t<meta name=\"twitter:data1\" content=\"5\u00a0Minuten\" \/>\n<script type=\"application\/ld+json\" class=\"yoast-schema-graph\">{\"@context\":\"https:\/\/schema.org\",\"@graph\":[{\"@type\":\"WebPage\",\"@id\":\"https:\/\/margalingenieros.com\/en\/legal-warning\/\",\"url\":\"https:\/\/margalingenieros.com\/en\/legal-warning\/\",\"name\":\"Aviso Legal - Margal Ingenieros\",\"isPartOf\":{\"@id\":\"https:\/\/margalingenieros.com\/#website\"},\"datePublished\":\"2023-05-24T10:43:16+00:00\",\"dateModified\":\"2025-03-29T18:17:01+00:00\",\"description\":\"Est\u00e1 p\u00e1gina recoge el Aviso Legal del sitio web de Gladfour Clean Energy, propiedad de la sociedad espa\u00f1ola Gladfour, S.L.\",\"breadcrumb\":{\"@id\":\"https:\/\/margalingenieros.com\/en\/legal-warning\/#breadcrumb\"},\"inLanguage\":\"de\",\"potentialAction\":[{\"@type\":\"ReadAction\",\"target\":[\"https:\/\/margalingenieros.com\/en\/legal-warning\/\"]}]},{\"@type\":\"BreadcrumbList\",\"@id\":\"https:\/\/margalingenieros.com\/en\/legal-warning\/#breadcrumb\",\"itemListElement\":[{\"@type\":\"ListItem\",\"position\":1,\"name\":\"Inicio\",\"item\":\"https:\/\/margalingenieros.com\/\"},{\"@type\":\"ListItem\",\"position\":2,\"name\":\"Aviso Legal\"}]},{\"@type\":\"WebSite\",\"@id\":\"https:\/\/margalingenieros.com\/#website\",\"url\":\"https:\/\/margalingenieros.com\/\",\"name\":\"Margal Ingenieros\",\"description\":\"Ingenier\u00eda T\u00e9cnica, civil, Industrial y en telecomunicaciones\",\"publisher\":{\"@id\":\"https:\/\/margalingenieros.com\/#organization\"},\"potentialAction\":[{\"@type\":\"SearchAction\",\"target\":{\"@type\":\"EntryPoint\",\"urlTemplate\":\"https:\/\/margalingenieros.com\/?s={search_term_string}\"},\"query-input\":{\"@type\":\"PropertyValueSpecification\",\"valueRequired\":true,\"valueName\":\"search_term_string\"}}],\"inLanguage\":\"de\"},{\"@type\":\"Organization\",\"@id\":\"https:\/\/margalingenieros.com\/#organization\",\"name\":\"Margal Ingenieros\",\"url\":\"https:\/\/margalingenieros.com\/\",\"logo\":{\"@type\":\"ImageObject\",\"inLanguage\":\"de\",\"@id\":\"https:\/\/margalingenieros.com\/#\/schema\/logo\/image\/\",\"url\":\"https:\/\/margalingenieros.com\/wp-content\/uploads\/2023\/05\/margal-ingenieros.webp\",\"contentUrl\":\"https:\/\/margalingenieros.com\/wp-content\/uploads\/2023\/05\/margal-ingenieros.webp\",\"width\":512,\"height\":200,\"caption\":\"Margal Ingenieros\"},\"image\":{\"@id\":\"https:\/\/margalingenieros.com\/#\/schema\/logo\/image\/\"}}]}<\/script>\n<!-- \/ Yoast SEO plugin. -->","yoast_head_json":{"title":"Rechtliche Hinweise - Margal Ingenieros","description":"Diese Seite enth\u00e4lt den rechtlichen Hinweis der Gladfour Clean Energy-Website, Eigentum des spanischen Unternehmens Gladfour, SL","robots":{"index":"noindex","follow":"follow","max-snippet":"max-snippet:-1","max-image-preview":"max-image-preview:large","max-video-preview":"max-video-preview:-1"},"og_locale":"de_DE","og_type":"article","og_title":"Aviso Legal - Margal Ingenieros","og_description":"Est\u00e1 p\u00e1gina recoge el Aviso Legal del sitio web de Gladfour Clean Energy, propiedad de la sociedad espa\u00f1ola Gladfour, S.L.","og_url":"https:\/\/margalingenieros.com\/de\/rechtliche-warnung\/","og_site_name":"Margal Ingenieros","article_modified_time":"2025-03-29T18:17:01+00:00","twitter_card":"summary_large_image","twitter_misc":{"Gesch\u00e4tzte Lesezeit":"5\u00a0Minuten"},"schema":{"@context":"https:\/\/schema.org","@graph":[{"@type":"WebPage","@id":"https:\/\/margalingenieros.com\/en\/legal-warning\/","url":"https:\/\/margalingenieros.com\/en\/legal-warning\/","name":"Rechtliche Hinweise - Margal Ingenieros","isPartOf":{"@id":"https:\/\/margalingenieros.com\/#website"},"datePublished":"2023-05-24T10:43:16+00:00","dateModified":"2025-03-29T18:17:01+00:00","description":"Diese Seite enth\u00e4lt den rechtlichen Hinweis der Gladfour Clean Energy-Website, Eigentum des spanischen Unternehmens Gladfour, SL","breadcrumb":{"@id":"https:\/\/margalingenieros.com\/en\/legal-warning\/#breadcrumb"},"inLanguage":"de","potentialAction":[{"@type":"ReadAction","target":["https:\/\/margalingenieros.com\/en\/legal-warning\/"]}]},{"@type":"BreadcrumbList","@id":"https:\/\/margalingenieros.com\/en\/legal-warning\/#breadcrumb","itemListElement":[{"@type":"ListItem","position":1,"name":"Inicio","item":"https:\/\/margalingenieros.com\/"},{"@type":"ListItem","position":2,"name":"Aviso Legal"}]},{"@type":"WebSite","@id":"https:\/\/margalingenieros.com\/#website","url":"https:\/\/margalingenieros.com\/","name":"Margal-Ingenieure","description":"Technik, Bauwesen, Industrie und Telekommunikation","publisher":{"@id":"https:\/\/margalingenieros.com\/#organization"},"potentialAction":[{"@type":"SearchAction","target":{"@type":"EntryPoint","urlTemplate":"https:\/\/margalingenieros.com\/?s={search_term_string}"},"query-input":{"@type":"PropertyValueSpecification","valueRequired":true,"valueName":"search_term_string"}}],"inLanguage":"de"},{"@type":"Organization","@id":"https:\/\/margalingenieros.com\/#organization","name":"Margal-Ingenieure","url":"https:\/\/margalingenieros.com\/","logo":{"@type":"ImageObject","inLanguage":"de","@id":"https:\/\/margalingenieros.com\/#\/schema\/logo\/image\/","url":"https:\/\/margalingenieros.com\/wp-content\/uploads\/2023\/05\/margal-ingenieros.webp","contentUrl":"https:\/\/margalingenieros.com\/wp-content\/uploads\/2023\/05\/margal-ingenieros.webp","width":512,"height":200,"caption":"Margal Ingenieros"},"image":{"@id":"https:\/\/margalingenieros.com\/#\/schema\/logo\/image\/"}}]}},"_links":{"self":[{"href":"https:\/\/margalingenieros.com\/de\/wp-json\/wp\/v2\/pages\/248","targetHints":{"allow":["GET"]}}],"collection":[{"href":"https:\/\/margalingenieros.com\/de\/wp-json\/wp\/v2\/pages"}],"about":[{"href":"https:\/\/margalingenieros.com\/de\/wp-json\/wp\/v2\/types\/page"}],"author":[{"embeddable":true,"href":"https:\/\/margalingenieros.com\/de\/wp-json\/wp\/v2\/users\/3"}],"replies":[{"embeddable":true,"href":"https:\/\/margalingenieros.com\/de\/wp-json\/wp\/v2\/comments?post=248"}],"version-history":[{"count":0,"href":"https:\/\/margalingenieros.com\/de\/wp-json\/wp\/v2\/pages\/248\/revisions"}],"wp:attachment":[{"href":"https:\/\/margalingenieros.com\/de\/wp-json\/wp\/v2\/media?parent=248"}],"wp:term":[{"taxonomy":"category","embeddable":true,"href":"https:\/\/margalingenieros.com\/de\/wp-json\/wp\/v2\/categories?post=248"},{"taxonomy":"post_tag","embeddable":true,"href":"https:\/\/margalingenieros.com\/de\/wp-json\/wp\/v2\/tags?post=248"}],"curies":[{"name":"wp","href":"https:\/\/api.w.org\/{rel}","templated":true}]}}