{"id":252,"date":"2023-05-24T10:51:20","date_gmt":"2023-05-24T10:51:20","guid":{"rendered":"https:\/\/dev.gladfour.com\/?page_id=252"},"modified":"2025-03-29T18:51:38","modified_gmt":"2025-03-29T18:51:38","slug":"cookie-richtlinie","status":"publish","type":"page","link":"https:\/\/margalingenieros.com\/de\/cookie-richtlinie\/","title":{"rendered":"Cookie-Richtlinie"},"content":{"rendered":"<p><strong>Text \u00fcberarbeitet und aktualisiert am 1. M\u00e4rz 2025<\/strong>.<\/p>\n\n\n\n<p>In \u00dcbereinstimmung mit der Informationspflicht gem\u00e4\u00df Artikel 22 Abschnitt 2 des Gesetzes 34\/2002 vom 11. Juli \u00fcber Dienste der Informationsgesellschaft und den elektronischen Handel besteht der Zweck dieser Cookie-Richtlinie darin, Sie klar und pr\u00e4zise \u00fcber die Cookies zu informieren auf der Website von verwendet&nbsp;<strong>MARGAL Ingenieros <\/strong>Eigentum von <strong>Pablo P\u00e9rez Roque<\/strong>.<\/p>\n\n\n\n<h4 class=\"wp-block-heading\"><strong>Was sind Cookies?<\/strong><\/h4>\n\n\n\n<p>Ein Cookie ist eine kleine Datei, die Websites an Ihren Browser senden und auf Ihren Computer herunterladen. Cookies erm\u00f6glichen es der Website, Informationen \u00fcber Ihren Besuch zu speichern und abzurufen, wie z. B. Ihre bevorzugte Sprache und andere Optionen, um die angebotenen Dienste zu verbessern und zu einem besseren Surferlebnis f\u00fcr den Benutzer beizutragen.<\/p>\n\n\n\n<p>Die meisten Browser akzeptieren standardm\u00e4\u00dfig Cookies und erlauben oder verhindern unabh\u00e4ngig davon in den Sicherheitseinstellungen tempor\u00e4re oder gespeicherte Cookies.<\/p>\n\n\n\n<p>Ohne Ihre ausdr\u00fcckliche Zustimmung - durch die Aktivierung von Cookies in Ihrem Browser - wird www.inge-pro.com die in den Cookies gespeicherten Daten nicht mit Ihren pers\u00f6nlichen Daten, die Sie bei der Registrierung oder beim Kauf angegeben haben, verkn\u00fcpfen.<\/p>\n\n\n\n<h4 class=\"wp-block-heading\"><strong>Autorisierung f\u00fcr die Verwendung von Cookies<\/strong><\/h4>\n\n\n\n<p>Gem\u00e4\u00df dem auf der Website angezeigten Cookie-Hinweis akzeptiert der Benutzer, dass er durch das Surfen auf der Website ausdr\u00fccklich der Verwendung von Cookies gem\u00e4\u00df der nachstehenden Beschreibung zustimmt, unbeschadet der M\u00f6glichkeit, die Einstellungen des Benutzers zu \u00e4ndern Cookies. Ihr Browser kann die Verwendung von Cookies ablehnen.<\/p>\n\n\n\n<h4 class=\"wp-block-heading\"><strong>Arten von Cookies<\/strong><\/h4>\n\n\n\n<p>Je nachdem, wer die Domain verwaltet, von der aus die Cookies gesendet und die Daten verarbeitet werden, wird zwischen eigenen Cookies und Cookies von Drittanbietern unterschieden.<\/p>\n\n\n\n<p>Cookies k\u00f6nnen auch nach der Dauer ihrer Speicherung im Browser des Benutzers klassifiziert werden, wobei zwischen Sitzungscookies und dauerhaften Cookies unterschieden wird.<\/p>\n\n\n\n<p>Abh\u00e4ngig vom Zweck, zu dem die gesammelten Informationen verarbeitet werden, k\u00f6nnen Cookies schlie\u00dflich in die folgenden Kategorien eingeteilt werden:<\/p>\n\n\n\n<ul class=\"wp-block-list\">\n<li><strong>Technische Cookies:<\/strong>&nbsp;Sie erm\u00f6glichen es dem Benutzer, durch eine Website zu navigieren und einige der von ihr angebotenen Dienste zu nutzen (z. B. solche, die dazu dienen, sich die Elemente zu merken, aus denen ein Warenkorb besteht).<\/li>\n\n\n\n<li><strong>Personalisierungs-Cookies:<\/strong>&nbsp;Sie erm\u00f6glichen dem Benutzer den Zugriff auf die Website mit bestimmten Merkmalen, beispielsweise der Sprache.<\/li>\n\n\n\n<li><strong>Sicherheitscookies:<\/strong>&nbsp;Sie dienen dazu, Angriffe auf die Website zu verhindern oder zu erschweren.<\/li>\n\n\n\n<li><strong>Plugin-Cookies zum Austausch sozialer Inhalte:<\/strong>&nbsp;die sogenannten Plug-ins, die das Teilen von Inhalten in sozialen Netzwerken erm\u00f6glichen.<\/li>\n\n\n\n<li><strong>Analyse-Cookies:<\/strong>&nbsp;Sie erm\u00f6glichen es dem Verantwortlichen, das Verhalten des Nutzers zu \u00fcberwachen.<\/li>\n\n\n\n<li><strong>Werbe-Cookies:<\/strong>&nbsp;Sie erm\u00f6glichen Ihnen die Verwaltung der Werbefl\u00e4chen auf der Website.<\/li>\n\n\n\n<li><strong>Verhaltensbezogene Werbe-Cookies:<\/strong>&nbsp;Wie die vorherigen dienen sie dazu, die Werbefl\u00e4chen auf der Website auf der Grundlage der gesammelten Informationen \u00fcber das Verhalten und die Gewohnheiten des Benutzers zu verwalten und die Werbung an das Profil des Benutzers anzupassen.<\/li>\n\n\n\n<li><strong>Geolocation-Cookies:<\/strong>&nbsp;Wird verwendet, um das Land herauszufinden, in dem sich der Benutzer befindet.<\/li>\n<\/ul>\n\n\n\n<p><\/p>\n\n\n\n<h4 class=\"wp-block-heading\"><strong>So \u00e4ndern Sie die Cookie-Einstellungen<\/strong><\/h4>\n\n\n\n<p>Sie k\u00f6nnen Cookies von www.inge-pro.com oder einer anderen Website mit Ihrem Browser einschr\u00e4nken, blockieren oder l\u00f6schen. In jedem Browser ist der Vorgang anders, Sie k\u00f6nnen die Vorgehensweise im Hilfemen\u00fc Ihres Browsers nachlesen, wo das Verfahren zur Beseitigung der Cookies festgelegt ist. Weitere Informationen finden Sie unter den folgenden Links:<\/p>\n\n\n\n<p><strong>Google Chrome:<\/strong><\/p>\n\n\n\n<figure class=\"wp-block-embed\"><div class=\"wp-block-embed__wrapper\">\nhttps:\/\/support.google.com\/chrome\/answer\/95647?co=GENIE.Platform%3DDesktop&#038;hl=es\n<\/div><\/figure>\n\n\n\n<p><strong>Mozilla Firefox:<\/strong><\/p>\n\n\n\n<figure class=\"wp-block-embed\"><div class=\"wp-block-embed__wrapper\">\nhttps:\/\/support.mozilla.org\/es\/kb\/habilitar-y-deshabilitar-cookies-sitios-web-rastrear-preferencias\n<\/div><\/figure>\n\n\n\n<p><strong>Safari:<\/strong><\/p>\n\n\n\n<figure class=\"wp-block-embed\"><div class=\"wp-block-embed__wrapper\">\nhttps:\/\/support.apple.com\/es-es\/guide\/safari\/sfri11471\/mac\n<\/div><\/figure>\n\n\n\n<p><strong>Internet Explorer:<\/strong><\/p>\n\n\n\n<figure class=\"wp-block-embed\"><div class=\"wp-block-embed__wrapper\">\nhttps:\/\/support.microsoft.com\/es-es\/help\/278835\/how-to-delete-cookie-files-in-internet-explorer\n<\/div><\/figure>\n\n\n\n<p>Es ist m\u00f6glich, dass die Website durch die Deaktivierung von Cookies nicht richtig funktioniert oder Sie auf bestimmte Funktionen der Website nicht zugreifen k\u00f6nnen.<\/p>\n\n\n\n<p>Dar\u00fcber hinaus bieten viele Browser die M\u00f6glichkeit, einen privaten Modus zu aktivieren, durch den Cookies nach Ihrem Besuch stets gel\u00f6scht werden. Je nach Browser kann dieser private Modus unterschiedliche Namen haben. Nachfolgend finden Sie eine Liste der g\u00e4ngigsten Browser und der unterschiedlichen Namen dieses \u201eprivaten Modus\u201c:<\/p>\n\n\n\n<ul class=\"wp-block-list\">\n<li>Internet Explorer 8 und h\u00f6her: InPrivate<\/li>\n\n\n\n<li>Firefox 3.5 und h\u00f6her: Privates Surfen<\/li>\n\n\n\n<li>Google Chrome 10 und h\u00f6her: Inkognito<\/li>\n\n\n\n<li>Safari 2 und h\u00f6her: Privates Surfen<\/li>\n\n\n\n<li>Opera 10.5 und h\u00f6her: Privates Surfen<\/li>\n<\/ul>\n\n\n\n<p><\/p>\n\n\n\n<p>Bitte lesen Sie den Hilfebereich Ihres Browsers sorgf\u00e4ltig durch, um mehr dar\u00fcber zu erfahren, wie Sie den \u201eprivaten Modus\u201c aktivieren. Sie k\u00f6nnen unsere Website weiterhin besuchen, auch wenn sich Ihr Browser im \u201eprivaten Modus\u201c befindet. Allerdings ist die Benutzererfahrung m\u00f6glicherweise nicht optimal und einige Dienstprogramme funktionieren m\u00f6glicherweise nicht.<\/p>\n\n\n\n<h4 class=\"wp-block-heading\" id=\"Cookiebot\"><strong>Auf dieser Website verwendete Cookies<\/strong><\/h4>\n\n\n<script\n\t\ttype=\"text\/javascript\"\n\t\tid=\"CookieDeclaration\"\n\t\tsrc=\"https:\/\/consent.cookiebot.com\/605dea09-81c8-41d8-9f6c-8ebc2fce6a21\/cd.js\"\n\t\t\tdata-culture=\"ES\"\n\t\tasync><\/script>\n\n\n\n<h4 class=\"wp-block-heading\"><strong>\u00c4nderung der Bedingungen<\/strong><\/h4>\n\n\n\n<p>Pablo P\u00e9rez Roque beh\u00e4lt sich ausdr\u00fccklich das Recht vor, diese Cookie-Politik einseitig und ohne vorherige Ank\u00fcndigung ganz oder teilweise zu \u00e4ndern. Der Nutzer erkennt an und akzeptiert, dass es in seiner Verantwortung liegt, diese Cookies-Politik zu \u00fcberpr\u00fcfen.<\/p>\n\n\n\n<p>Wenn Sie Fragen zu dieser Cookie-Richtlinie haben, k\u00f6nnen Sie uns unter folgender Adresse kontaktieren: <a href=\"mailto:info@inge-pro.com\" target=\"_blank\" rel=\"noreferrer noopener nofollow\">info@inge-pro.com<\/a><\/p>\n\n\n\n<p><strong>Text \u00fcberarbeitet und aktualisiert am 1. M\u00e4rz 2025<\/strong>.<\/p>","protected":false},"excerpt":{"rendered":"<p>Texto revisado y actualizado el 1 de marzo de 2025. En cumplimiento con el deber de informaci\u00f3n recogido en el apartado 2\u00ba del art\u00edculo 22 de la Ley 34\/2002, de 11 de Julio, de Servicios de la Sociedad de la Informaci\u00f3n y del Comercio Electr\u00f3nico, la presente pol\u00edtica de cookies tiene por finalidad informarte de [&hellip;]<\/p>\n","protected":false},"author":3,"featured_media":0,"parent":0,"menu_order":0,"comment_status":"closed","ping_status":"closed","template":"","meta":{"_joinchat":[],"footnotes":""},"categories":[11],"tags":[31],"class_list":["post-252","page","type-page","status-publish","hentry","category-legal","tag-page-legal"],"yoast_head":"<!-- This site is optimized with the Yoast SEO plugin v27.2 - https:\/\/yoast.com\/product\/yoast-seo-wordpress\/ -->\n<title>Pol\u00edtica de cookies - Margal Ingenieros<\/title>\n<meta name=\"description\" content=\"Est\u00e1 p\u00e1gina recoge la Pol\u00edtica de Cookies del sitio web de Gladfour Clean Energy, propiedad de la sociedad espa\u00f1ola Gladfour, S.L.\" \/>\n<meta name=\"robots\" content=\"noindex, follow, max-snippet:-1, max-image-preview:large, max-video-preview:-1\" \/>\n<meta property=\"og:locale\" content=\"de_DE\" \/>\n<meta property=\"og:type\" content=\"article\" \/>\n<meta property=\"og:title\" content=\"Pol\u00edtica de cookies - Margal Ingenieros\" \/>\n<meta property=\"og:description\" content=\"Est\u00e1 p\u00e1gina recoge la Pol\u00edtica de Cookies del sitio web de Gladfour Clean Energy, propiedad de la sociedad espa\u00f1ola Gladfour, S.L.\" \/>\n<meta property=\"og:url\" content=\"https:\/\/margalingenieros.com\/de\/cookie-richtlinie\/\" \/>\n<meta property=\"og:site_name\" content=\"Margal Ingenieros\" \/>\n<meta property=\"article:modified_time\" content=\"2025-03-29T18:51:38+00:00\" \/>\n<meta name=\"twitter:card\" content=\"summary_large_image\" \/>\n<meta name=\"twitter:label1\" content=\"Gesch\u00e4tzte Lesezeit\" \/>\n\t<meta name=\"twitter:data1\" content=\"4\u00a0Minuten\" \/>\n<script type=\"application\/ld+json\" class=\"yoast-schema-graph\">{\"@context\":\"https:\/\/schema.org\",\"@graph\":[{\"@type\":\"WebPage\",\"@id\":\"https:\/\/margalingenieros.com\/de\/cookie-richtlinie\/\",\"url\":\"https:\/\/margalingenieros.com\/de\/cookie-richtlinie\/\",\"name\":\"Pol\u00edtica de cookies - Margal Ingenieros\",\"isPartOf\":{\"@id\":\"https:\/\/margalingenieros.com\/#website\"},\"datePublished\":\"2023-05-24T10:51:20+00:00\",\"dateModified\":\"2025-03-29T18:51:38+00:00\",\"description\":\"Est\u00e1 p\u00e1gina recoge la Pol\u00edtica de Cookies del sitio web de Gladfour Clean Energy, propiedad de la sociedad espa\u00f1ola Gladfour, S.L.\",\"breadcrumb\":{\"@id\":\"https:\/\/margalingenieros.com\/de\/cookie-richtlinie\/#breadcrumb\"},\"inLanguage\":\"de\",\"potentialAction\":[{\"@type\":\"ReadAction\",\"target\":[\"https:\/\/margalingenieros.com\/de\/cookie-richtlinie\/\"]}]},{\"@type\":\"BreadcrumbList\",\"@id\":\"https:\/\/margalingenieros.com\/de\/cookie-richtlinie\/#breadcrumb\",\"itemListElement\":[{\"@type\":\"ListItem\",\"position\":1,\"name\":\"Inicio\",\"item\":\"https:\/\/margalingenieros.com\/\"},{\"@type\":\"ListItem\",\"position\":2,\"name\":\"Pol\u00edtica de cookies\"}]},{\"@type\":\"WebSite\",\"@id\":\"https:\/\/margalingenieros.com\/#website\",\"url\":\"https:\/\/margalingenieros.com\/\",\"name\":\"Margal Ingenieros\",\"description\":\"Ingenier\u00eda T\u00e9cnica, civil, Industrial y en telecomunicaciones\",\"publisher\":{\"@id\":\"https:\/\/margalingenieros.com\/#organization\"},\"potentialAction\":[{\"@type\":\"SearchAction\",\"target\":{\"@type\":\"EntryPoint\",\"urlTemplate\":\"https:\/\/margalingenieros.com\/?s={search_term_string}\"},\"query-input\":{\"@type\":\"PropertyValueSpecification\",\"valueRequired\":true,\"valueName\":\"search_term_string\"}}],\"inLanguage\":\"de\"},{\"@type\":\"Organization\",\"@id\":\"https:\/\/margalingenieros.com\/#organization\",\"name\":\"Margal Ingenieros\",\"url\":\"https:\/\/margalingenieros.com\/\",\"logo\":{\"@type\":\"ImageObject\",\"inLanguage\":\"de\",\"@id\":\"https:\/\/margalingenieros.com\/#\/schema\/logo\/image\/\",\"url\":\"https:\/\/margalingenieros.com\/wp-content\/uploads\/2023\/05\/margal-ingenieros.webp\",\"contentUrl\":\"https:\/\/margalingenieros.com\/wp-content\/uploads\/2023\/05\/margal-ingenieros.webp\",\"width\":512,\"height\":200,\"caption\":\"Margal Ingenieros\"},\"image\":{\"@id\":\"https:\/\/margalingenieros.com\/#\/schema\/logo\/image\/\"}}]}<\/script>\n<!-- \/ Yoast SEO plugin. -->","yoast_head_json":{"title":"Cookies-Richtlinie - Margal Ingenieros","description":"Diese Seite enth\u00e4lt die Cookie-Richtlinie der Gladfour Clean Energy-Website, Eigentum des spanischen Unternehmens Gladfour, SL","robots":{"index":"noindex","follow":"follow","max-snippet":"max-snippet:-1","max-image-preview":"max-image-preview:large","max-video-preview":"max-video-preview:-1"},"og_locale":"de_DE","og_type":"article","og_title":"Pol\u00edtica de cookies - Margal Ingenieros","og_description":"Est\u00e1 p\u00e1gina recoge la Pol\u00edtica de Cookies del sitio web de Gladfour Clean Energy, propiedad de la sociedad espa\u00f1ola Gladfour, S.L.","og_url":"https:\/\/margalingenieros.com\/de\/cookie-richtlinie\/","og_site_name":"Margal Ingenieros","article_modified_time":"2025-03-29T18:51:38+00:00","twitter_card":"summary_large_image","twitter_misc":{"Gesch\u00e4tzte Lesezeit":"4\u00a0Minuten"},"schema":{"@context":"https:\/\/schema.org","@graph":[{"@type":"WebPage","@id":"https:\/\/margalingenieros.com\/de\/cookie-richtlinie\/","url":"https:\/\/margalingenieros.com\/de\/cookie-richtlinie\/","name":"Cookies-Richtlinie - Margal Ingenieros","isPartOf":{"@id":"https:\/\/margalingenieros.com\/#website"},"datePublished":"2023-05-24T10:51:20+00:00","dateModified":"2025-03-29T18:51:38+00:00","description":"Diese Seite enth\u00e4lt die Cookie-Richtlinie der Gladfour Clean Energy-Website, Eigentum des spanischen Unternehmens Gladfour, SL","breadcrumb":{"@id":"https:\/\/margalingenieros.com\/de\/cookie-richtlinie\/#breadcrumb"},"inLanguage":"de","potentialAction":[{"@type":"ReadAction","target":["https:\/\/margalingenieros.com\/de\/cookie-richtlinie\/"]}]},{"@type":"BreadcrumbList","@id":"https:\/\/margalingenieros.com\/de\/cookie-richtlinie\/#breadcrumb","itemListElement":[{"@type":"ListItem","position":1,"name":"Inicio","item":"https:\/\/margalingenieros.com\/"},{"@type":"ListItem","position":2,"name":"Pol\u00edtica de cookies"}]},{"@type":"WebSite","@id":"https:\/\/margalingenieros.com\/#website","url":"https:\/\/margalingenieros.com\/","name":"Margal-Ingenieure","description":"Technik, Bauwesen, Industrie und Telekommunikation","publisher":{"@id":"https:\/\/margalingenieros.com\/#organization"},"potentialAction":[{"@type":"SearchAction","target":{"@type":"EntryPoint","urlTemplate":"https:\/\/margalingenieros.com\/?s={search_term_string}"},"query-input":{"@type":"PropertyValueSpecification","valueRequired":true,"valueName":"search_term_string"}}],"inLanguage":"de"},{"@type":"Organization","@id":"https:\/\/margalingenieros.com\/#organization","name":"Margal-Ingenieure","url":"https:\/\/margalingenieros.com\/","logo":{"@type":"ImageObject","inLanguage":"de","@id":"https:\/\/margalingenieros.com\/#\/schema\/logo\/image\/","url":"https:\/\/margalingenieros.com\/wp-content\/uploads\/2023\/05\/margal-ingenieros.webp","contentUrl":"https:\/\/margalingenieros.com\/wp-content\/uploads\/2023\/05\/margal-ingenieros.webp","width":512,"height":200,"caption":"Margal Ingenieros"},"image":{"@id":"https:\/\/margalingenieros.com\/#\/schema\/logo\/image\/"}}]}},"_links":{"self":[{"href":"https:\/\/margalingenieros.com\/de\/wp-json\/wp\/v2\/pages\/252","targetHints":{"allow":["GET"]}}],"collection":[{"href":"https:\/\/margalingenieros.com\/de\/wp-json\/wp\/v2\/pages"}],"about":[{"href":"https:\/\/margalingenieros.com\/de\/wp-json\/wp\/v2\/types\/page"}],"author":[{"embeddable":true,"href":"https:\/\/margalingenieros.com\/de\/wp-json\/wp\/v2\/users\/3"}],"replies":[{"embeddable":true,"href":"https:\/\/margalingenieros.com\/de\/wp-json\/wp\/v2\/comments?post=252"}],"version-history":[{"count":0,"href":"https:\/\/margalingenieros.com\/de\/wp-json\/wp\/v2\/pages\/252\/revisions"}],"wp:attachment":[{"href":"https:\/\/margalingenieros.com\/de\/wp-json\/wp\/v2\/media?parent=252"}],"wp:term":[{"taxonomy":"category","embeddable":true,"href":"https:\/\/margalingenieros.com\/de\/wp-json\/wp\/v2\/categories?post=252"},{"taxonomy":"post_tag","embeddable":true,"href":"https:\/\/margalingenieros.com\/de\/wp-json\/wp\/v2\/tags?post=252"}],"curies":[{"name":"wp","href":"https:\/\/api.w.org\/{rel}","templated":true}]}}