{"id":280,"date":"2023-05-24T13:07:14","date_gmt":"2023-05-24T13:07:14","guid":{"rendered":"https:\/\/dev.gladfour.com\/?page_id=280"},"modified":"2025-03-29T18:47:12","modified_gmt":"2025-03-29T18:47:12","slug":"hilfe","status":"publish","type":"page","link":"https:\/\/margalingenieros.com\/de\/hilfe\/","title":{"rendered":"Hilfe"},"content":{"rendered":"<p>Diese Seite enth\u00e4lt Informationen, die Ihnen helfen, das Beste aus dieser Website herauszuholen.<\/p>\n\n\n\n<p>Wir haben die Website gestaltet <strong>MARGAL Ingenieros<\/strong> um die Verwendung so weit wie m\u00f6glich zu vereinfachen. Einige Funktionen, wie z. B. Multimedia-Inhalte, sind jedoch m\u00f6glicherweise neu f\u00fcr Sie. Diese Seite enth\u00e4lt Informationen, die Ihnen bei diesen Funktionen helfen und Ihnen helfen, das Beste aus dieser Website herauszuholen.<\/p>\n\n\n\n<ul class=\"wp-block-list\">\n<li><a href=\"#requisitos\">Anforderungen an die Website<\/a><\/li>\n\n\n\n<li><a href=\"#pdf\">PDF-Dokumente<\/a><\/li>\n\n\n\n<li><a href=\"#buscar\">Suchen<\/a><\/li>\n<\/ul>\n\n\n\n<p id=\"requisitos\"><strong>Anforderungen an die Website<\/strong><\/p>\n\n\n\n<p>Zum Anzeigen von Mediendateien auf der Ingepro-Website ist die folgende Software erforderlich:<\/p>\n\n\n\n<p><em>Browser<\/em> Netz<\/p>\n\n\n\n<p>Wir empfehlen die Verwendung eines aktuellen Browsers, wie zum Beispiel:<\/p>\n\n\n\n<ul class=\"wp-block-list\">\n<li>Microsoft Edge<\/li>\n\n\n\n<li>Mozilla Firefox<\/li>\n\n\n\n<li>Google Chrome<\/li>\n\n\n\n<li>Safari<\/li>\n<\/ul>\n\n\n\n<p><em>PDF-Dokumente<\/em><\/p>\n\n\n\n<p>Um PDF-Dokumente lesen zu k\u00f6nnen, ben\u00f6tigen Sie m\u00f6glicherweise das kostenlose Programm&nbsp;<a href=\"http:\/\/get.adobe.com\/reader\" target=\"_blank\" rel=\"noreferrer noopener\">Adobe Reader<\/a>.<\/p>\n\n\n\n<p id=\"pdf\"><strong><a><\/a>PDF-Dokumente<\/strong><\/p>\n\n\n\n<p>Auf der Ingepro-Website sind viele PDF-Dokumente verf\u00fcgbar. Sie enthalten mehr Informationen, als normalerweise auf eine Webseite passen, und haben den zus\u00e4tzlichen Vorteil, dass sie in einem Format vorliegen, das sich leicht ausdrucken l\u00e4sst.<\/p>\n\n\n\n<p><em>Was sind PDF-Dateien?<\/em><\/p>\n\n\n\n<p>PDF-Dateien (Portable Document Format) erm\u00f6glichen das Lesen und Teilen von Dokumenten in verschiedenen Arten von Anwendungen und Computersystemen. Sie eignen sich viel besser f\u00fcr l\u00e4ngere Dokumente als eine Webseite und haben den zus\u00e4tzlichen Vorteil, dass sie einfach zu drucken sind. Das PDF-Format wurde von Adobe erstellt. Um Dokumente in diesem Format lesen zu k\u00f6nnen, m\u00fcssen Sie das Programm Adobe Reader installieren. Es ist kostenlos, l\u00e4sst sich schnell herunterladen und ist einfach zu installieren.<\/p>\n\n\n\n<p><em>Wie erhalte ich den Adobe Reader?<\/em><\/p>\n\n\n\n<p><a href=\"http:\/\/get.adobe.com\/reader\" target=\"_blank\" rel=\"noreferrer noopener nofollow\">Laden Sie Adobe Reader herunter<\/a><\/p>\n\n\n\n<p>Bevor Sie mit der Installation beginnen, empfehlen wir, den Webbrowser zu schlie\u00dfen, da Adobe Reader m\u00f6glicherweise darin integriert ist und der Vorgang m\u00f6glicherweise nicht erfolgreich ist, wenn er ge\u00f6ffnet ist. Befolgen Sie die Installationsanweisungen, bis der Vorgang abgeschlossen ist.<\/p>\n\n\n\n<p><em>Wie hole ich das Beste aus PDF-Dokumenten heraus?<\/em><\/p>\n\n\n\n<p>Mit den Symbolen in der Taskleiste von Adobe Reader k\u00f6nnen Sie kleine Texte und Bilder vergr\u00f6\u00dfern. Sie k\u00f6nnen sich auf der Seite bewegen, um verschiedene Teile der Seite zu untersuchen. Sie k\u00f6nnen auch auf das Drucksymbol klicken, um das Dokument an Ihren Netzwerkdrucker zu senden. Die meisten PDF-Dokumente sind f\u00fcr den Druck optimiert, d. h. sie k\u00f6nnen leicht von der Ingepro-Website auf Papier \u00fcbertragen werden, damit Sie sie in Ruhe lesen k\u00f6nnen. Wenn Sie das Speichersymbol anklicken, k\u00f6nnen Sie das Dokument auf Ihrem Computer speichern, um es in Ruhe zu lesen oder auszudrucken, ohne die Webseite, auf der Sie den urspr\u00fcnglichen Link gefunden haben, erneut aufrufen zu m\u00fcssen.<\/p>\n\n\n\n<p id=\"buscar\"><strong><a><\/a>Suchen&nbsp;<\/strong><\/p>\n\n\n\n<p>Die MARGAL Ingenieros-Website, die von Pablo P\u00e9rez Roque betrieben wird, wird st\u00e4ndig um neue Inhalte erweitert. Die wichtigsten Informationen sind auf unseren Seiten hervorgehoben. Es gibt aber auch viel zus\u00e4tzliches Material, das \u00fcber die Suchfunktion gefunden werden kann.<\/p>\n\n\n\n<p><em>Wie werden die Informationen auf der Ingepro-Website verbreitet?<\/em><\/p>\n\n\n\n<p>Die Website ist in verschiedene Abschnitte unterteilt, die jeweils mit bestimmten Bereichen unseres Unternehmens verbunden sind. Die Bereiche sind \"\u00dcber uns\", \"Technik\", \"Er\u00f6ffnen Sie Ihr Unternehmen\", \"Blog\" und \"Kontakt\". Innerhalb dieser Rubriken sind die Informationen wiederum in Kategorien eingeteilt. Unter \"Engineering\" finden Sie zum Beispiel \"Projektmanagement\", \"T\u00e4tigkeitslizenzen\" und \"Technische Berichte\". Wenn Sie durch diese verschiedenen Bereiche der Website navigieren, finden Sie die wichtigsten Informationen, d. h. die Informationen, die wir f\u00fcr besonders wichtig und aktuell halten.<\/p>\n\n\n\n<p><em>Wie suche ich nach bestimmten Informationen?<\/em><\/p>\n\n\n\n<p>Die Ingepro-Website verf\u00fcgt \u00fcber eine integrierte Suchmaschine. In der oberen rechten Ecke jeder Seite finden Sie ein Suchfeld. Geben Sie Ihre Suchbegriffe ein und klicken Sie auf die Schaltfl\u00e4che, um zu suchen. Wenn Sie nach einem bestimmten Begriff suchen, geben Sie ihn in Anf\u00fchrungszeichen ein. Wenn Sie z. B. \"OCA Niederspannungsinspektion\" eingeben, sucht die Suchmaschine nach Dokumenten, die eines dieser W\u00f6rter irgendwo im Text enthalten. Wenn Sie jedoch \"OCA Niederspannungsinspektion\" (in Anf\u00fchrungszeichen) eingeben, wird die Suchmaschine nur nach Dokumenten suchen, die alle vier W\u00f6rter in dieser Reihenfolge enthalten.<\/p>\n\n\n\n<p><em>Wie w\u00e4hle ich Suchbegriffe aus?<\/em><\/p>\n\n\n\n<p>W\u00e4hlen Sie die W\u00f6rter aus, die f\u00fcr das gesuchte Thema am relevantesten sind. Versuchen Sie, so genau wie m\u00f6glich zu sein und verwenden Sie, wenn m\u00f6glich, mehr als ein Wort. Da Suchmaschinen die Gro\u00df-\/Kleinschreibung nicht ber\u00fccksichtigen, ist die Eingabe beispielsweise bei Eigennamen nicht erforderlich; Die Ergebnisse sind unabh\u00e4ngig davon, ob Sie Gro\u00df- oder Kleinschreibung verwenden. Gebr\u00e4uchliche W\u00f6rter wie \u201eund\u201c, \u201ewo\u201c, \u201ewie\u201c und \u201ewenn\u201c werden ebenfalls \u00fcbersehen. Daher m\u00fcssen Sie statt \u201eWie finde ich die neuesten Nachrichten zur europ\u00e4ischen Steuergesetzgebung\u201c nur \u201eNeueste europ\u00e4ische Steuergesetzgebung\u201c schreiben. Da die Suchergebnisse au\u00dferdem so sortiert sind, dass das aktuellste Material zuerst angezeigt wird, erhalten Sie wahrscheinlich das gleiche Ergebnis, wenn Sie einfach \u201eEurop\u00e4isches Steuerrecht\u201c in das Suchfeld eingeben.<\/p>","protected":false},"excerpt":{"rendered":"<p>Esta p\u00e1gina contiene informaci\u00f3n para ayudarle a que aproveche al m\u00e1ximo este sitio web. Hemos dise\u00f1ado el sitio web de MARGAL Ingenieros para simplificar su uso\u00a0en la medida de lo posible. Sin embargo, es posible que algunas funciones, como\u00a0el contenido multimedia, sean nuevas para usted. Esta p\u00e1gina contiene\u00a0informaci\u00f3n para ayudarle con esas funciones y para [&hellip;]<\/p>\n","protected":false},"author":3,"featured_media":0,"parent":0,"menu_order":0,"comment_status":"closed","ping_status":"closed","template":"","meta":{"_joinchat":[],"footnotes":""},"categories":[11],"tags":[31],"class_list":["post-280","page","type-page","status-publish","hentry","category-legal","tag-page-legal"],"yoast_head":"<!-- This site is optimized with the Yoast SEO plugin v27.2 - https:\/\/yoast.com\/product\/yoast-seo-wordpress\/ -->\n<title>Ayuda - Margal Ingenieros<\/title>\n<meta name=\"description\" content=\"Esta p\u00e1gina contiene informaci\u00f3n para ayudarle a que aproveche al m\u00e1ximo el sitio web de Gladfour Clean Energy.\" \/>\n<meta name=\"robots\" content=\"noindex, follow, max-snippet:-1, max-image-preview:large, max-video-preview:-1\" \/>\n<meta property=\"og:locale\" content=\"de_DE\" \/>\n<meta property=\"og:type\" content=\"article\" \/>\n<meta property=\"og:title\" content=\"Ayuda - Margal Ingenieros\" \/>\n<meta property=\"og:description\" content=\"Esta p\u00e1gina contiene informaci\u00f3n para ayudarle a que aproveche al m\u00e1ximo el sitio web de Gladfour Clean Energy.\" \/>\n<meta property=\"og:url\" content=\"https:\/\/margalingenieros.com\/de\/hilfe\/\" \/>\n<meta property=\"og:site_name\" content=\"Margal Ingenieros\" \/>\n<meta property=\"article:modified_time\" content=\"2025-03-29T18:47:12+00:00\" \/>\n<meta name=\"twitter:card\" content=\"summary_large_image\" \/>\n<meta name=\"twitter:label1\" content=\"Gesch\u00e4tzte Lesezeit\" \/>\n\t<meta name=\"twitter:data1\" content=\"4\u00a0Minuten\" \/>\n<script type=\"application\/ld+json\" class=\"yoast-schema-graph\">{\"@context\":\"https:\/\/schema.org\",\"@graph\":[{\"@type\":\"WebPage\",\"@id\":\"https:\/\/margalingenieros.com\/en\/aid\/\",\"url\":\"https:\/\/margalingenieros.com\/en\/aid\/\",\"name\":\"Ayuda - Margal Ingenieros\",\"isPartOf\":{\"@id\":\"https:\/\/margalingenieros.com\/#website\"},\"datePublished\":\"2023-05-24T13:07:14+00:00\",\"dateModified\":\"2025-03-29T18:47:12+00:00\",\"description\":\"Esta p\u00e1gina contiene informaci\u00f3n para ayudarle a que aproveche al m\u00e1ximo el sitio web de Gladfour Clean Energy.\",\"breadcrumb\":{\"@id\":\"https:\/\/margalingenieros.com\/en\/aid\/#breadcrumb\"},\"inLanguage\":\"de\",\"potentialAction\":[{\"@type\":\"ReadAction\",\"target\":[\"https:\/\/margalingenieros.com\/en\/aid\/\"]}]},{\"@type\":\"BreadcrumbList\",\"@id\":\"https:\/\/margalingenieros.com\/en\/aid\/#breadcrumb\",\"itemListElement\":[{\"@type\":\"ListItem\",\"position\":1,\"name\":\"Inicio\",\"item\":\"https:\/\/margalingenieros.com\/\"},{\"@type\":\"ListItem\",\"position\":2,\"name\":\"Ayuda\"}]},{\"@type\":\"WebSite\",\"@id\":\"https:\/\/margalingenieros.com\/#website\",\"url\":\"https:\/\/margalingenieros.com\/\",\"name\":\"Margal Ingenieros\",\"description\":\"Ingenier\u00eda T\u00e9cnica, civil, Industrial y en telecomunicaciones\",\"publisher\":{\"@id\":\"https:\/\/margalingenieros.com\/#organization\"},\"potentialAction\":[{\"@type\":\"SearchAction\",\"target\":{\"@type\":\"EntryPoint\",\"urlTemplate\":\"https:\/\/margalingenieros.com\/?s={search_term_string}\"},\"query-input\":{\"@type\":\"PropertyValueSpecification\",\"valueRequired\":true,\"valueName\":\"search_term_string\"}}],\"inLanguage\":\"de\"},{\"@type\":\"Organization\",\"@id\":\"https:\/\/margalingenieros.com\/#organization\",\"name\":\"Margal Ingenieros\",\"url\":\"https:\/\/margalingenieros.com\/\",\"logo\":{\"@type\":\"ImageObject\",\"inLanguage\":\"de\",\"@id\":\"https:\/\/margalingenieros.com\/#\/schema\/logo\/image\/\",\"url\":\"https:\/\/margalingenieros.com\/wp-content\/uploads\/2023\/05\/margal-ingenieros.webp\",\"contentUrl\":\"https:\/\/margalingenieros.com\/wp-content\/uploads\/2023\/05\/margal-ingenieros.webp\",\"width\":512,\"height\":200,\"caption\":\"Margal Ingenieros\"},\"image\":{\"@id\":\"https:\/\/margalingenieros.com\/#\/schema\/logo\/image\/\"}}]}<\/script>\n<!-- \/ Yoast SEO plugin. -->","yoast_head_json":{"title":"Hilfe - Margal-Ingenieure","description":"Diese Seite enth\u00e4lt Informationen, die Ihnen helfen sollen, die Gladfour Clean Energy-Website optimal zu nutzen.","robots":{"index":"noindex","follow":"follow","max-snippet":"max-snippet:-1","max-image-preview":"max-image-preview:large","max-video-preview":"max-video-preview:-1"},"og_locale":"de_DE","og_type":"article","og_title":"Ayuda - Margal Ingenieros","og_description":"Esta p\u00e1gina contiene informaci\u00f3n para ayudarle a que aproveche al m\u00e1ximo el sitio web de Gladfour Clean Energy.","og_url":"https:\/\/margalingenieros.com\/de\/hilfe\/","og_site_name":"Margal Ingenieros","article_modified_time":"2025-03-29T18:47:12+00:00","twitter_card":"summary_large_image","twitter_misc":{"Gesch\u00e4tzte Lesezeit":"4\u00a0Minuten"},"schema":{"@context":"https:\/\/schema.org","@graph":[{"@type":"WebPage","@id":"https:\/\/margalingenieros.com\/en\/aid\/","url":"https:\/\/margalingenieros.com\/en\/aid\/","name":"Hilfe - Margal-Ingenieure","isPartOf":{"@id":"https:\/\/margalingenieros.com\/#website"},"datePublished":"2023-05-24T13:07:14+00:00","dateModified":"2025-03-29T18:47:12+00:00","description":"Diese Seite enth\u00e4lt Informationen, die Ihnen helfen sollen, die Gladfour Clean Energy-Website optimal zu nutzen.","breadcrumb":{"@id":"https:\/\/margalingenieros.com\/en\/aid\/#breadcrumb"},"inLanguage":"de","potentialAction":[{"@type":"ReadAction","target":["https:\/\/margalingenieros.com\/en\/aid\/"]}]},{"@type":"BreadcrumbList","@id":"https:\/\/margalingenieros.com\/en\/aid\/#breadcrumb","itemListElement":[{"@type":"ListItem","position":1,"name":"Inicio","item":"https:\/\/margalingenieros.com\/"},{"@type":"ListItem","position":2,"name":"Ayuda"}]},{"@type":"WebSite","@id":"https:\/\/margalingenieros.com\/#website","url":"https:\/\/margalingenieros.com\/","name":"Margal-Ingenieure","description":"Technik, Bauwesen, Industrie und Telekommunikation","publisher":{"@id":"https:\/\/margalingenieros.com\/#organization"},"potentialAction":[{"@type":"SearchAction","target":{"@type":"EntryPoint","urlTemplate":"https:\/\/margalingenieros.com\/?s={search_term_string}"},"query-input":{"@type":"PropertyValueSpecification","valueRequired":true,"valueName":"search_term_string"}}],"inLanguage":"de"},{"@type":"Organization","@id":"https:\/\/margalingenieros.com\/#organization","name":"Margal-Ingenieure","url":"https:\/\/margalingenieros.com\/","logo":{"@type":"ImageObject","inLanguage":"de","@id":"https:\/\/margalingenieros.com\/#\/schema\/logo\/image\/","url":"https:\/\/margalingenieros.com\/wp-content\/uploads\/2023\/05\/margal-ingenieros.webp","contentUrl":"https:\/\/margalingenieros.com\/wp-content\/uploads\/2023\/05\/margal-ingenieros.webp","width":512,"height":200,"caption":"Margal Ingenieros"},"image":{"@id":"https:\/\/margalingenieros.com\/#\/schema\/logo\/image\/"}}]}},"_links":{"self":[{"href":"https:\/\/margalingenieros.com\/de\/wp-json\/wp\/v2\/pages\/280","targetHints":{"allow":["GET"]}}],"collection":[{"href":"https:\/\/margalingenieros.com\/de\/wp-json\/wp\/v2\/pages"}],"about":[{"href":"https:\/\/margalingenieros.com\/de\/wp-json\/wp\/v2\/types\/page"}],"author":[{"embeddable":true,"href":"https:\/\/margalingenieros.com\/de\/wp-json\/wp\/v2\/users\/3"}],"replies":[{"embeddable":true,"href":"https:\/\/margalingenieros.com\/de\/wp-json\/wp\/v2\/comments?post=280"}],"version-history":[{"count":0,"href":"https:\/\/margalingenieros.com\/de\/wp-json\/wp\/v2\/pages\/280\/revisions"}],"wp:attachment":[{"href":"https:\/\/margalingenieros.com\/de\/wp-json\/wp\/v2\/media?parent=280"}],"wp:term":[{"taxonomy":"category","embeddable":true,"href":"https:\/\/margalingenieros.com\/de\/wp-json\/wp\/v2\/categories?post=280"},{"taxonomy":"post_tag","embeddable":true,"href":"https:\/\/margalingenieros.com\/de\/wp-json\/wp\/v2\/tags?post=280"}],"curies":[{"name":"wp","href":"https:\/\/api.w.org\/{rel}","templated":true}]}}