{"id":1245,"date":"2026-01-15T20:52:48","date_gmt":"2026-01-15T20:52:48","guid":{"rendered":"https:\/\/margalingenieros.com\/?page_id=1245"},"modified":"2026-03-06T13:30:09","modified_gmt":"2026-03-06T13:30:09","slug":"high-voltage-installations","status":"publish","type":"page","link":"https:\/\/margalingenieros.com\/en\/about-us-2\/high-voltage-installations\/","title":{"rendered":"High Voltage Installations"},"content":{"rendered":"<div data-elementor-type=\"wp-page\" data-elementor-id=\"1245\" class=\"elementor elementor-1245\" data-elementor-post-type=\"page\">\n\t\t\t\t\t\t<section data-particle_enable=\"false\" data-particle-mobile-disabled=\"false\" class=\"elementor-section elementor-top-section elementor-element elementor-element-bf91d50 elementor-section-boxed elementor-section-height-default elementor-section-height-default\" data-id=\"bf91d50\" data-element_type=\"section\" data-e-type=\"section\">\n\t\t\t\t\t\t<div class=\"elementor-container elementor-column-gap-default\">\n\t\t\t\t\t<div class=\"elementor-column elementor-col-33 elementor-top-column elementor-element elementor-element-a2fb1e8\" data-id=\"a2fb1e8\" data-element_type=\"column\" data-e-type=\"column\">\n\t\t\t<div class=\"elementor-widget-wrap\">\n\t\t\t\t\t\t\t<\/div>\n\t\t<\/div>\n\t\t\t\t<div class=\"elementor-column elementor-col-33 elementor-top-column elementor-element elementor-element-5ddeef1\" data-id=\"5ddeef1\" data-element_type=\"column\" data-e-type=\"column\">\n\t\t\t<div class=\"elementor-widget-wrap\">\n\t\t\t\t\t\t\t<\/div>\n\t\t<\/div>\n\t\t\t\t<div class=\"elementor-column elementor-col-33 elementor-top-column elementor-element elementor-element-a63f114\" data-id=\"a63f114\" data-element_type=\"column\" data-e-type=\"column\">\n\t\t\t<div class=\"elementor-widget-wrap\">\n\t\t\t\t\t\t\t<\/div>\n\t\t<\/div>\n\t\t\t\t\t<\/div>\n\t\t<\/section>\n\t\t\t\t<section data-particle_enable=\"false\" data-particle-mobile-disabled=\"false\" class=\"elementor-section elementor-top-section elementor-element elementor-element-0f99295 elementor-section-boxed elementor-section-height-default elementor-section-height-default\" data-id=\"0f99295\" data-element_type=\"section\" data-e-type=\"section\">\n\t\t\t\t\t\t<div class=\"elementor-container elementor-column-gap-default\">\n\t\t\t\t\t<div class=\"elementor-column elementor-col-100 elementor-top-column elementor-element elementor-element-c7d8762\" data-id=\"c7d8762\" data-element_type=\"column\" data-e-type=\"column\">\n\t\t\t<div class=\"elementor-widget-wrap elementor-element-populated\">\n\t\t\t\t\t\t<div class=\"elementor-element elementor-element-b7196b8 elementor-widget elementor-widget-heading\" data-id=\"b7196b8\" data-element_type=\"widget\" data-e-type=\"widget\" data-widget_type=\"heading.default\">\n\t\t\t\t<div class=\"elementor-widget-container\">\n\t\t\t\t\t<h2 class=\"elementor-heading-title elementor-size-default\">High Voltage Installations<\/h2>\t\t\t\t<\/div>\n\t\t\t\t<\/div>\n\t\t\t\t\t<\/div>\n\t\t<\/div>\n\t\t\t\t\t<\/div>\n\t\t<\/section>\n\t\t\t\t<section data-particle_enable=\"false\" data-particle-mobile-disabled=\"false\" class=\"elementor-section elementor-top-section elementor-element elementor-element-05f04a9 elementor-section-boxed elementor-section-height-default elementor-section-height-default\" data-id=\"05f04a9\" data-element_type=\"section\" data-e-type=\"section\">\n\t\t\t\t\t\t<div class=\"elementor-container elementor-column-gap-default\">\n\t\t\t\t\t<div class=\"elementor-column elementor-col-100 elementor-top-column elementor-element elementor-element-176fad5\" data-id=\"176fad5\" data-element_type=\"column\" data-e-type=\"column\">\n\t\t\t<div class=\"elementor-widget-wrap elementor-element-populated\">\n\t\t\t\t\t\t<div class=\"elementor-element elementor-element-a299e6e elementor-widget elementor-widget-text-editor\" data-id=\"a299e6e\" data-element_type=\"widget\" data-e-type=\"widget\" data-widget_type=\"text-editor.default\">\n\t\t\t\t<div class=\"elementor-widget-container\">\n\t\t\t\t\t\t\t\t\t<p>High voltage installations are essential for the efficient distribution of electrical energy in large industrial, commercial and residential buildings. At MARGAL Ingenieros, we have extensive experience in the design, execution and legalisation of high-voltage projects that comply with current regulations and guarantee maximum safety and reliability.<\/p><p>Our services include:<\/p><p>- Design and calculation of transformer substations<br \/>- Processing and legalisation before competent bodies<br \/>- Site management and commissioning<br \/>- Preventive and corrective maintenance<br \/>- Regulatory inspections and certifications<\/p><p>We work with the latest technologies and strictly follow the High Voltage Regulation (RAT) and its complementary technical instructions, ensuring safe, efficient installations adapted to the specific needs of each project.<\/p>\t\t\t\t\t\t\t\t<\/div>\n\t\t\t\t<\/div>\n\t\t\t\t\t<\/div>\n\t\t<\/div>\n\t\t\t\t\t<\/div>\n\t\t<\/section>\n\t\t\t\t<\/div>","protected":false},"excerpt":{"rendered":"<p>Instalaciones de Alta Tensi\u00f3n Las instalaciones de alta tensi\u00f3n son fundamentales para la distribuci\u00f3n eficiente de energ\u00eda el\u00e9ctrica en edificios industriales, comerciales y residenciales de gran envergadura. En MARGAL Ingenieros, contamos con una amplia experiencia en el dise\u00f1o, ejecuci\u00f3n y legalizaci\u00f3n de proyectos de alta tensi\u00f3n que cumplen con la normativa vigente y garantizan la [&hellip;]<\/p>\n","protected":false},"author":4,"featured_media":0,"parent":568,"menu_order":0,"comment_status":"closed","ping_status":"closed","template":"","meta":{"_joinchat":[],"footnotes":""},"categories":[12],"tags":[],"class_list":["post-1245","page","type-page","status-publish","hentry","category-ingenieria"],"yoast_head":"<!-- This site is optimized with the Yoast SEO plugin v27.2 - https:\/\/yoast.com\/product\/yoast-seo-wordpress\/ -->\n<title>Instalaciones de Alta Tensi\u00f3n - Margal Ingenieros<\/title>\n<meta name=\"robots\" content=\"noindex, follow, max-snippet:-1, max-image-preview:large, max-video-preview:-1\" \/>\n<meta property=\"og:locale\" content=\"en_GB\" \/>\n<meta property=\"og:type\" content=\"article\" \/>\n<meta property=\"og:title\" content=\"Instalaciones de Alta Tensi\u00f3n - Margal Ingenieros\" \/>\n<meta property=\"og:description\" content=\"Instalaciones de Alta Tensi\u00f3n Las instalaciones de alta tensi\u00f3n son fundamentales para la distribuci\u00f3n eficiente de energ\u00eda el\u00e9ctrica en edificios industriales, comerciales y residenciales de gran envergadura. En MARGAL Ingenieros, contamos con una amplia experiencia en el dise\u00f1o, ejecuci\u00f3n y legalizaci\u00f3n de proyectos de alta tensi\u00f3n que cumplen con la normativa vigente y garantizan la [&hellip;]\" \/>\n<meta property=\"og:url\" content=\"https:\/\/margalingenieros.com\/en\/about-us-2\/high-voltage-installations\/\" \/>\n<meta property=\"og:site_name\" content=\"Margal Ingenieros\" \/>\n<meta property=\"article:modified_time\" content=\"2026-03-06T13:30:09+00:00\" \/>\n<meta name=\"twitter:card\" content=\"summary_large_image\" \/>\n<meta name=\"twitter:label1\" content=\"Estimated reading time\" \/>\n\t<meta name=\"twitter:data1\" content=\"1 minute\" \/>\n<script type=\"application\/ld+json\" class=\"yoast-schema-graph\">{\"@context\":\"https:\/\/schema.org\",\"@graph\":[{\"@type\":\"WebPage\",\"@id\":\"https:\/\/margalingenieros.com\/ingenieria\/instalaciones-de-alta-tension\/\",\"url\":\"https:\/\/margalingenieros.com\/ingenieria\/instalaciones-de-alta-tension\/\",\"name\":\"Instalaciones de Alta Tensi\u00f3n - Margal Ingenieros\",\"isPartOf\":{\"@id\":\"https:\/\/margalingenieros.com\/#website\"},\"datePublished\":\"2026-01-15T20:52:48+00:00\",\"dateModified\":\"2026-03-06T13:30:09+00:00\",\"breadcrumb\":{\"@id\":\"https:\/\/margalingenieros.com\/ingenieria\/instalaciones-de-alta-tension\/#breadcrumb\"},\"inLanguage\":\"en-GB\",\"potentialAction\":[{\"@type\":\"ReadAction\",\"target\":[\"https:\/\/margalingenieros.com\/ingenieria\/instalaciones-de-alta-tension\/\"]}]},{\"@type\":\"BreadcrumbList\",\"@id\":\"https:\/\/margalingenieros.com\/ingenieria\/instalaciones-de-alta-tension\/#breadcrumb\",\"itemListElement\":[{\"@type\":\"ListItem\",\"position\":1,\"name\":\"Inicio\",\"item\":\"https:\/\/margalingenieros.com\/\"},{\"@type\":\"ListItem\",\"position\":2,\"name\":\"Ingenier\u00eda\",\"item\":\"https:\/\/margalingenieros.com\/ingenieria\/\"},{\"@type\":\"ListItem\",\"position\":3,\"name\":\"Instalaciones de Alta Tensi\u00f3n\"}]},{\"@type\":\"WebSite\",\"@id\":\"https:\/\/margalingenieros.com\/#website\",\"url\":\"https:\/\/margalingenieros.com\/\",\"name\":\"Margal Ingenieros\",\"description\":\"Ingenier\u00eda T\u00e9cnica, civil, Industrial y en telecomunicaciones\",\"publisher\":{\"@id\":\"https:\/\/margalingenieros.com\/#organization\"},\"potentialAction\":[{\"@type\":\"SearchAction\",\"target\":{\"@type\":\"EntryPoint\",\"urlTemplate\":\"https:\/\/margalingenieros.com\/?s={search_term_string}\"},\"query-input\":{\"@type\":\"PropertyValueSpecification\",\"valueRequired\":true,\"valueName\":\"search_term_string\"}}],\"inLanguage\":\"en-GB\"},{\"@type\":\"Organization\",\"@id\":\"https:\/\/margalingenieros.com\/#organization\",\"name\":\"Margal Ingenieros\",\"url\":\"https:\/\/margalingenieros.com\/\",\"logo\":{\"@type\":\"ImageObject\",\"inLanguage\":\"en-GB\",\"@id\":\"https:\/\/margalingenieros.com\/#\/schema\/logo\/image\/\",\"url\":\"https:\/\/margalingenieros.com\/wp-content\/uploads\/2023\/05\/margal-ingenieros.webp\",\"contentUrl\":\"https:\/\/margalingenieros.com\/wp-content\/uploads\/2023\/05\/margal-ingenieros.webp\",\"width\":512,\"height\":200,\"caption\":\"Margal Ingenieros\"},\"image\":{\"@id\":\"https:\/\/margalingenieros.com\/#\/schema\/logo\/image\/\"}}]}<\/script>\n<!-- \/ Yoast SEO plugin. -->","yoast_head_json":{"title":"High Voltage Installations - Margal Ingenieros","robots":{"index":"noindex","follow":"follow","max-snippet":"max-snippet:-1","max-image-preview":"max-image-preview:large","max-video-preview":"max-video-preview:-1"},"og_locale":"en_GB","og_type":"article","og_title":"Instalaciones de Alta Tensi\u00f3n - Margal Ingenieros","og_description":"Instalaciones de Alta Tensi\u00f3n Las instalaciones de alta tensi\u00f3n son fundamentales para la distribuci\u00f3n eficiente de energ\u00eda el\u00e9ctrica en edificios industriales, comerciales y residenciales de gran envergadura. En MARGAL Ingenieros, contamos con una amplia experiencia en el dise\u00f1o, ejecuci\u00f3n y legalizaci\u00f3n de proyectos de alta tensi\u00f3n que cumplen con la normativa vigente y garantizan la [&hellip;]","og_url":"https:\/\/margalingenieros.com\/en\/about-us-2\/high-voltage-installations\/","og_site_name":"Margal Ingenieros","article_modified_time":"2026-03-06T13:30:09+00:00","twitter_card":"summary_large_image","twitter_misc":{"Estimated reading time":"1 minute"},"schema":{"@context":"https:\/\/schema.org","@graph":[{"@type":"WebPage","@id":"https:\/\/margalingenieros.com\/ingenieria\/instalaciones-de-alta-tension\/","url":"https:\/\/margalingenieros.com\/ingenieria\/instalaciones-de-alta-tension\/","name":"High Voltage Installations - Margal Ingenieros","isPartOf":{"@id":"https:\/\/margalingenieros.com\/#website"},"datePublished":"2026-01-15T20:52:48+00:00","dateModified":"2026-03-06T13:30:09+00:00","breadcrumb":{"@id":"https:\/\/margalingenieros.com\/ingenieria\/instalaciones-de-alta-tension\/#breadcrumb"},"inLanguage":"en-GB","potentialAction":[{"@type":"ReadAction","target":["https:\/\/margalingenieros.com\/ingenieria\/instalaciones-de-alta-tension\/"]}]},{"@type":"BreadcrumbList","@id":"https:\/\/margalingenieros.com\/ingenieria\/instalaciones-de-alta-tension\/#breadcrumb","itemListElement":[{"@type":"ListItem","position":1,"name":"Inicio","item":"https:\/\/margalingenieros.com\/"},{"@type":"ListItem","position":2,"name":"Ingenier\u00eda","item":"https:\/\/margalingenieros.com\/ingenieria\/"},{"@type":"ListItem","position":3,"name":"Instalaciones de Alta Tensi\u00f3n"}]},{"@type":"WebSite","@id":"https:\/\/margalingenieros.com\/#website","url":"https:\/\/margalingenieros.com\/","name":"Margal Engineers","description":"Technical, civil, industrial and telecommunications engineering","publisher":{"@id":"https:\/\/margalingenieros.com\/#organization"},"potentialAction":[{"@type":"SearchAction","target":{"@type":"EntryPoint","urlTemplate":"https:\/\/margalingenieros.com\/?s={search_term_string}"},"query-input":{"@type":"PropertyValueSpecification","valueRequired":true,"valueName":"search_term_string"}}],"inLanguage":"en-GB"},{"@type":"Organization","@id":"https:\/\/margalingenieros.com\/#organization","name":"Margal Engineers","url":"https:\/\/margalingenieros.com\/","logo":{"@type":"ImageObject","inLanguage":"en-GB","@id":"https:\/\/margalingenieros.com\/#\/schema\/logo\/image\/","url":"https:\/\/margalingenieros.com\/wp-content\/uploads\/2023\/05\/margal-ingenieros.webp","contentUrl":"https:\/\/margalingenieros.com\/wp-content\/uploads\/2023\/05\/margal-ingenieros.webp","width":512,"height":200,"caption":"Margal Ingenieros"},"image":{"@id":"https:\/\/margalingenieros.com\/#\/schema\/logo\/image\/"}}]}},"_links":{"self":[{"href":"https:\/\/margalingenieros.com\/en\/wp-json\/wp\/v2\/pages\/1245","targetHints":{"allow":["GET"]}}],"collection":[{"href":"https:\/\/margalingenieros.com\/en\/wp-json\/wp\/v2\/pages"}],"about":[{"href":"https:\/\/margalingenieros.com\/en\/wp-json\/wp\/v2\/types\/page"}],"author":[{"embeddable":true,"href":"https:\/\/margalingenieros.com\/en\/wp-json\/wp\/v2\/users\/4"}],"replies":[{"embeddable":true,"href":"https:\/\/margalingenieros.com\/en\/wp-json\/wp\/v2\/comments?post=1245"}],"version-history":[{"count":4,"href":"https:\/\/margalingenieros.com\/en\/wp-json\/wp\/v2\/pages\/1245\/revisions"}],"predecessor-version":[{"id":1249,"href":"https:\/\/margalingenieros.com\/en\/wp-json\/wp\/v2\/pages\/1245\/revisions\/1249"}],"up":[{"embeddable":true,"href":"https:\/\/margalingenieros.com\/en\/wp-json\/wp\/v2\/pages\/568"}],"wp:attachment":[{"href":"https:\/\/margalingenieros.com\/en\/wp-json\/wp\/v2\/media?parent=1245"}],"wp:term":[{"taxonomy":"category","embeddable":true,"href":"https:\/\/margalingenieros.com\/en\/wp-json\/wp\/v2\/categories?post=1245"},{"taxonomy":"post_tag","embeddable":true,"href":"https:\/\/margalingenieros.com\/en\/wp-json\/wp\/v2\/tags?post=1245"}],"curies":[{"name":"wp","href":"https:\/\/api.w.org\/{rel}","templated":true}]}}