{"id":248,"date":"2023-05-24T10:43:16","date_gmt":"2023-05-24T10:43:16","guid":{"rendered":"https:\/\/dev.gladfour.com\/?page_id=248"},"modified":"2025-03-29T18:17:01","modified_gmt":"2025-03-29T18:17:01","slug":"legal-warning","status":"publish","type":"page","link":"https:\/\/margalingenieros.com\/en\/legal-warning\/","title":{"rendered":"Legal warning"},"content":{"rendered":"<p><strong>Text last revised and updated on 1 March 2025.<\/strong><\/p>\n\n\n\n<h4 class=\"wp-block-heading\"><strong>OBJECT:<\/strong><\/h4>\n\n\n\n<p>This website has been designed to publicise and sell to the general public the services offered by Pablo P\u00e9rez Roque, with address at: Calle Genaro Cajal, 19, Postal Code 10300 of Navalmoral de la Mata, C\u00e1ceres, Spain; as well as for the reception of possible clients and commercial contacts.<\/p>\n\n\n\n<h4 class=\"wp-block-heading\"><strong>INTELLECTUAL AND INDUSTRIAL PROPERTY:<\/strong><\/h4>\n\n\n\n<p><strong><a href=\"https:\/\/margalingenieros.com\/en\/\">www.inge-pro.com<\/a>&nbsp;belonging to:<\/strong><\/p>\n\n\n\n<p><strong>Pablo P\u00e9rez Roque<\/strong><br>Calle Genaro Cajal, 19 of Navalmoral de la Mata, Postal Code 10300 of C\u00e1ceres, Spain.<br><strong>Tel.:<\/strong>&nbsp;667 60 69 28<br><strong>Email:<\/strong>&nbsp;<a href=\"mailto:pablo.perez@inge-pro.com\" target=\"_blank\" rel=\"noreferrer noopener\">pablo.perez@inge-pro.com<\/a><br><strong>Legal representative:<\/strong>&nbsp;Pablo P\u00e9rez Roque.<br><strong>Tax identification number:<\/strong>&nbsp;28972129H<br><\/p>\n\n\n\n<p>The intellectual property rights of the website www.inge-pro.com, design, navigation structures and the different elements contained therein are owned by \"Pablo P\u00e9rez Roque\", who has the exclusive rights to exploit them in any way and, in particular, the rights of reproduction, distribution, public communication and transformation, in accordance with the applicable Spanish and European Union legislation.<\/p>\n\n\n\n<p>The \"IngePro\" website, the pages it includes and the information or elements contained therein include texts, documents, photographs, drawings, graphic representations, computer programmes, as well as logos, brands, commercial names or other distinctive signs, protected by intellectual or industrial property rights, of which \"Pablo P\u00e9rez Roque\" is the owner or legitimate licensee.<\/p>\n\n\n\n<h4 class=\"wp-block-heading\"><strong>CONTENTS:<\/strong><\/h4>\n\n\n\n<p>Information is provided through this website about products and services intended for public knowledge that in any case will be subject to the terms and conditions expressly detailed at all times and that are accessible from this website, which will be subject to the different provisions. applicable laws.<\/p>\n\n\n\n<h4 class=\"wp-block-heading\"><strong>ACCESS AND USE:<\/strong><\/h4>\n\n\n\n<p>Both access to this website, and the use that may be made of the information and content included therein, will be the exclusive responsibility of whoever does so.<\/p>\n\n\n\n<p>The conditions of access to this website are subject to current legislation and the principles of good faith and lawful use by the user of the same, and any type of action to the detriment of \"Pablo P\u00e9rez Roque\" is generally prohibited.<\/p>\n\n\n\n<p>The use of this website for illegal or unauthorized purposes will be considered strictly prohibited.<\/p>\n\n\n\n<p>Any form of exploitation is prohibited, including all types of reproduction, distribution, transfer to third parties, public communication and transformation, by any type of support and medium, of the aforementioned works, creations and distinctive signs without prior and express authorization from their respective owners. Headlines. Failure to comply with this prohibition may constitute an offense punishable by current legislation.<\/p>\n\n\n\n<p>However, at their own risk, users may download or make copies of such elements exclusively for their personal use, provided that they do not infringe any of the intellectual or industrial property rights of \"Pablo P\u00e9rez Roque\", nor alter them in whole or in part. Under no circumstances does this imply any authorisation or licence over the property rights of \"Pablo P\u00e9rez Roque\".<\/p>\n\n\n\n<p>It is forbidden, except in cases expressly authorised by \"Pablo P\u00e9rez Roque\", to present the pages of \"www.inge-pro.com\", \"inge-pro.com\", or the information contained therein under frames, distinctive signs, trademarks or company or commercial names of another person, company or entity.<\/p>\n\n\n\n<h4 class=\"wp-block-heading\"><strong>RESPONSIBILITY:<\/strong><\/h4>\n\n\n\n<p>\"Pablo P\u00e9rez Roque\" is not responsible under any circumstances for any type of damage that may be caused by users of this website, or any other, for the illegal or improper use of the same, or of the contents and information accessible or provided through it.<\/p>\n\n\n\n<h4 class=\"wp-block-heading\"><strong>SERVICE:<\/strong><\/h4>\n\n\n\n<p>\"Pablo P\u00e9rez Roque\" reserves the right to suspend access to the website: inge-pro.com, without prior notice, at its discretion and temporarily, for technical or any other reasons, and may also unilaterally modify both the conditions of access and all or part of the contents included therein.<\/p>\n\n\n\n<h4 class=\"wp-block-heading\"><strong>GENERAL:<\/strong><\/h4>\n\n\n\n<p>For all litigious matters or those concerning the website: inge-pro.com, property of \"Pablo P\u00e9rez Roque\", Spanish legislation will be applicable, and the Courts and Tribunals of Navalmoral de la Mata, province of C\u00e1ceres, will be competent to resolve all conflicts arising from or related to the use of this website. Access to the website \"www.inge-pro.com\" implies the acceptance of all the aforementioned conditions.<\/p>\n\n\n\n<h4 class=\"wp-block-heading\"><strong>HYPERLINKS:<\/strong><\/h4>\n\n\n\n<p>The hyperlinks contained in the website: inge-pro.com, property of \"Pablo P\u00e9rez Roque\" may lead to third party websites. \"Pablo P\u00e9rez Roque\" assumes no responsibility for the content, information or services that may appear on these sites, which are exclusively for information purposes and in no case imply any relationship between \"Pablo P\u00e9rez Roque\" and the persons or entities that own such content or the owners of the sites where they are located.<\/p>\n\n\n\n<h4 class=\"wp-block-heading\"><strong>USE OF COOKIES:<\/strong><\/h4>\n\n\n\n<p>\"Pablo P\u00e9rez Roque\" may use cookies when a user browses the web pages of the website. Cookies are only associated with the browser of a specific computer (an anonymous user), and do not themselves provide the name and surname of the user. Thanks to cookies, it is possible for \"Pablo P\u00e9rez Roque\" to recognise the preferences regarding the contents of the website selected on previous visits by users, in order to be able to remember their preferences without them having to select them again on subsequent visits.<\/p>\n\n\n\n<p>The user has the possibility of configuring their browser to be notified on the screen of the reception of cookies and to prevent the installation of cookies on their hard drive.<\/p>\n\n\n\n<p>Please consult the instructions and manuals of your browser for further information. To use the website, it is not necessary for the user to allow the installation of cookies sent by www.inge-pro.com, without prejudice to the fact that, in this case, it is necessary for the user to make this selection each time he\/she visits the website.<\/p>\n\n\n\n<p>You can find more information about our use of cookies in our <a href=\"\/en\/cookies-policy\/\">Cookies policy<\/a>.<\/p>\n\n\n\n<p><strong>Text last revised and updated on 1 March 2025.<\/strong><\/p>\n\n\n\n<p><\/p>","protected":false},"excerpt":{"rendered":"<p>Texto revisado y actualizado por \u00faltima vez el 1 de marzo de 2025. OBJETO: La presente p\u00e1gina web ha sido dise\u00f1ada para dar a conocer y vender al p\u00fablico en general los servicios ofertados por Pablo P\u00e9rez Roque, con domicilio en: Calle Genaro Cajal, 19, C\u00f3digo Postal 10300 de Navalmoral de la Mata, C\u00e1ceres, Espa\u00f1a; [&hellip;]<\/p>\n","protected":false},"author":3,"featured_media":0,"parent":0,"menu_order":0,"comment_status":"closed","ping_status":"closed","template":"","meta":{"_joinchat":[],"footnotes":""},"categories":[11],"tags":[31],"class_list":["post-248","page","type-page","status-publish","hentry","category-legal","tag-page-legal"],"yoast_head":"<!-- This site is optimized with the Yoast SEO plugin v27.2 - https:\/\/yoast.com\/product\/yoast-seo-wordpress\/ -->\n<title>Aviso Legal - Margal Ingenieros<\/title>\n<meta name=\"description\" content=\"Est\u00e1 p\u00e1gina recoge el Aviso Legal del sitio web de Gladfour Clean Energy, propiedad de la sociedad espa\u00f1ola Gladfour, S.L.\" \/>\n<meta name=\"robots\" content=\"noindex, follow, max-snippet:-1, max-image-preview:large, max-video-preview:-1\" \/>\n<meta property=\"og:locale\" content=\"en_GB\" \/>\n<meta property=\"og:type\" content=\"article\" \/>\n<meta property=\"og:title\" content=\"Aviso Legal - Margal Ingenieros\" \/>\n<meta property=\"og:description\" content=\"Est\u00e1 p\u00e1gina recoge el Aviso Legal del sitio web de Gladfour Clean Energy, propiedad de la sociedad espa\u00f1ola Gladfour, S.L.\" \/>\n<meta property=\"og:url\" content=\"https:\/\/margalingenieros.com\/en\/legal-warning\/\" \/>\n<meta property=\"og:site_name\" content=\"Margal Ingenieros\" \/>\n<meta property=\"article:modified_time\" content=\"2025-03-29T18:17:01+00:00\" \/>\n<meta name=\"twitter:card\" content=\"summary_large_image\" \/>\n<meta name=\"twitter:label1\" content=\"Estimated reading time\" \/>\n\t<meta name=\"twitter:data1\" content=\"5 minutes\" \/>\n<script type=\"application\/ld+json\" class=\"yoast-schema-graph\">{\"@context\":\"https:\/\/schema.org\",\"@graph\":[{\"@type\":\"WebPage\",\"@id\":\"https:\/\/margalingenieros.com\/en\/legal-warning\/\",\"url\":\"https:\/\/margalingenieros.com\/en\/legal-warning\/\",\"name\":\"Aviso Legal - Margal Ingenieros\",\"isPartOf\":{\"@id\":\"https:\/\/margalingenieros.com\/#website\"},\"datePublished\":\"2023-05-24T10:43:16+00:00\",\"dateModified\":\"2025-03-29T18:17:01+00:00\",\"description\":\"Est\u00e1 p\u00e1gina recoge el Aviso Legal del sitio web de Gladfour Clean Energy, propiedad de la sociedad espa\u00f1ola Gladfour, S.L.\",\"breadcrumb\":{\"@id\":\"https:\/\/margalingenieros.com\/en\/legal-warning\/#breadcrumb\"},\"inLanguage\":\"en-GB\",\"potentialAction\":[{\"@type\":\"ReadAction\",\"target\":[\"https:\/\/margalingenieros.com\/en\/legal-warning\/\"]}]},{\"@type\":\"BreadcrumbList\",\"@id\":\"https:\/\/margalingenieros.com\/en\/legal-warning\/#breadcrumb\",\"itemListElement\":[{\"@type\":\"ListItem\",\"position\":1,\"name\":\"Inicio\",\"item\":\"https:\/\/margalingenieros.com\/\"},{\"@type\":\"ListItem\",\"position\":2,\"name\":\"Aviso Legal\"}]},{\"@type\":\"WebSite\",\"@id\":\"https:\/\/margalingenieros.com\/#website\",\"url\":\"https:\/\/margalingenieros.com\/\",\"name\":\"Margal Ingenieros\",\"description\":\"Ingenier\u00eda T\u00e9cnica, civil, Industrial y en telecomunicaciones\",\"publisher\":{\"@id\":\"https:\/\/margalingenieros.com\/#organization\"},\"potentialAction\":[{\"@type\":\"SearchAction\",\"target\":{\"@type\":\"EntryPoint\",\"urlTemplate\":\"https:\/\/margalingenieros.com\/?s={search_term_string}\"},\"query-input\":{\"@type\":\"PropertyValueSpecification\",\"valueRequired\":true,\"valueName\":\"search_term_string\"}}],\"inLanguage\":\"en-GB\"},{\"@type\":\"Organization\",\"@id\":\"https:\/\/margalingenieros.com\/#organization\",\"name\":\"Margal Ingenieros\",\"url\":\"https:\/\/margalingenieros.com\/\",\"logo\":{\"@type\":\"ImageObject\",\"inLanguage\":\"en-GB\",\"@id\":\"https:\/\/margalingenieros.com\/#\/schema\/logo\/image\/\",\"url\":\"https:\/\/margalingenieros.com\/wp-content\/uploads\/2023\/05\/margal-ingenieros.webp\",\"contentUrl\":\"https:\/\/margalingenieros.com\/wp-content\/uploads\/2023\/05\/margal-ingenieros.webp\",\"width\":512,\"height\":200,\"caption\":\"Margal Ingenieros\"},\"image\":{\"@id\":\"https:\/\/margalingenieros.com\/#\/schema\/logo\/image\/\"}}]}<\/script>\n<!-- \/ Yoast SEO plugin. -->","yoast_head_json":{"title":"Legal Notice - Margal Ingenieros","description":"This page contains the Legal Notice of the Gladfour Clean Energy website, property of the Spanish company Gladfour, SL","robots":{"index":"noindex","follow":"follow","max-snippet":"max-snippet:-1","max-image-preview":"max-image-preview:large","max-video-preview":"max-video-preview:-1"},"og_locale":"en_GB","og_type":"article","og_title":"Aviso Legal - Margal Ingenieros","og_description":"Est\u00e1 p\u00e1gina recoge el Aviso Legal del sitio web de Gladfour Clean Energy, propiedad de la sociedad espa\u00f1ola Gladfour, S.L.","og_url":"https:\/\/margalingenieros.com\/en\/legal-warning\/","og_site_name":"Margal Ingenieros","article_modified_time":"2025-03-29T18:17:01+00:00","twitter_card":"summary_large_image","twitter_misc":{"Estimated reading time":"5 minutes"},"schema":{"@context":"https:\/\/schema.org","@graph":[{"@type":"WebPage","@id":"https:\/\/margalingenieros.com\/en\/legal-warning\/","url":"https:\/\/margalingenieros.com\/en\/legal-warning\/","name":"Legal Notice - Margal Ingenieros","isPartOf":{"@id":"https:\/\/margalingenieros.com\/#website"},"datePublished":"2023-05-24T10:43:16+00:00","dateModified":"2025-03-29T18:17:01+00:00","description":"This page contains the Legal Notice of the Gladfour Clean Energy website, property of the Spanish company Gladfour, SL","breadcrumb":{"@id":"https:\/\/margalingenieros.com\/en\/legal-warning\/#breadcrumb"},"inLanguage":"en-GB","potentialAction":[{"@type":"ReadAction","target":["https:\/\/margalingenieros.com\/en\/legal-warning\/"]}]},{"@type":"BreadcrumbList","@id":"https:\/\/margalingenieros.com\/en\/legal-warning\/#breadcrumb","itemListElement":[{"@type":"ListItem","position":1,"name":"Inicio","item":"https:\/\/margalingenieros.com\/"},{"@type":"ListItem","position":2,"name":"Aviso Legal"}]},{"@type":"WebSite","@id":"https:\/\/margalingenieros.com\/#website","url":"https:\/\/margalingenieros.com\/","name":"Margal Engineers","description":"Technical, civil, industrial and telecommunications engineering","publisher":{"@id":"https:\/\/margalingenieros.com\/#organization"},"potentialAction":[{"@type":"SearchAction","target":{"@type":"EntryPoint","urlTemplate":"https:\/\/margalingenieros.com\/?s={search_term_string}"},"query-input":{"@type":"PropertyValueSpecification","valueRequired":true,"valueName":"search_term_string"}}],"inLanguage":"en-GB"},{"@type":"Organization","@id":"https:\/\/margalingenieros.com\/#organization","name":"Margal Engineers","url":"https:\/\/margalingenieros.com\/","logo":{"@type":"ImageObject","inLanguage":"en-GB","@id":"https:\/\/margalingenieros.com\/#\/schema\/logo\/image\/","url":"https:\/\/margalingenieros.com\/wp-content\/uploads\/2023\/05\/margal-ingenieros.webp","contentUrl":"https:\/\/margalingenieros.com\/wp-content\/uploads\/2023\/05\/margal-ingenieros.webp","width":512,"height":200,"caption":"Margal Ingenieros"},"image":{"@id":"https:\/\/margalingenieros.com\/#\/schema\/logo\/image\/"}}]}},"_links":{"self":[{"href":"https:\/\/margalingenieros.com\/en\/wp-json\/wp\/v2\/pages\/248","targetHints":{"allow":["GET"]}}],"collection":[{"href":"https:\/\/margalingenieros.com\/en\/wp-json\/wp\/v2\/pages"}],"about":[{"href":"https:\/\/margalingenieros.com\/en\/wp-json\/wp\/v2\/types\/page"}],"author":[{"embeddable":true,"href":"https:\/\/margalingenieros.com\/en\/wp-json\/wp\/v2\/users\/3"}],"replies":[{"embeddable":true,"href":"https:\/\/margalingenieros.com\/en\/wp-json\/wp\/v2\/comments?post=248"}],"version-history":[{"count":0,"href":"https:\/\/margalingenieros.com\/en\/wp-json\/wp\/v2\/pages\/248\/revisions"}],"wp:attachment":[{"href":"https:\/\/margalingenieros.com\/en\/wp-json\/wp\/v2\/media?parent=248"}],"wp:term":[{"taxonomy":"category","embeddable":true,"href":"https:\/\/margalingenieros.com\/en\/wp-json\/wp\/v2\/categories?post=248"},{"taxonomy":"post_tag","embeddable":true,"href":"https:\/\/margalingenieros.com\/en\/wp-json\/wp\/v2\/tags?post=248"}],"curies":[{"name":"wp","href":"https:\/\/api.w.org\/{rel}","templated":true}]}}