{"id":252,"date":"2023-05-24T10:51:20","date_gmt":"2023-05-24T10:51:20","guid":{"rendered":"https:\/\/dev.gladfour.com\/?page_id=252"},"modified":"2025-03-29T18:51:38","modified_gmt":"2025-03-29T18:51:38","slug":"cookies-policy","status":"publish","type":"page","link":"https:\/\/margalingenieros.com\/en\/cookies-policy\/","title":{"rendered":"Cookies policy"},"content":{"rendered":"<p><strong>Text revised and updated on 1 March 2025<\/strong>.<\/p>\n\n\n\n<p>In compliance with the duty of information included in section 2 of article 22 of Law 34\/2002, of July 11, on Information Society Services and Electronic Commerce, the purpose of this cookie policy is to inform you of clear and precise manner about the cookies used on the website of&nbsp;<strong>MARGAL Ingenieros <\/strong>property of <strong>Pablo P\u00e9rez Roque<\/strong>.<\/p>\n\n\n\n<h4 class=\"wp-block-heading\"><strong>What are cookies?<\/strong><\/h4>\n\n\n\n<p>A cookie is a small file that websites send to your browser and download to your computer. Cookies allow the website to store and retrieve information about your visit, such as your preferred language and other options, in order to improve the services offered and contribute to a better browsing experience for the user.<\/p>\n\n\n\n<p>Most browsers accept cookies as standard and, independently of them, allow or prevent temporary or memorized cookies in the security settings.<\/p>\n\n\n\n<p>Without your express consent -through the activation of cookies in your browser- www.inge-pro.com will not link in the cookies the stored data with your personal data provided at the time of registration or purchase.<\/p>\n\n\n\n<h4 class=\"wp-block-heading\"><strong>Authorization for the use of cookies<\/strong><\/h4>\n\n\n\n<p>In accordance with the cookie notice that appears on the website, the user accepts that, by browsing the website, they expressly consent to the use of cookies according to the description detailed below, without prejudice to the user being able to modify the settings of the cookies. your browser to reject the use of cookies.<\/p>\n\n\n\n<h4 class=\"wp-block-heading\"><strong>Types of cookies<\/strong><\/h4>\n\n\n\n<p>Depending on who manages the domain from which the cookies are sent and the data is processed, a distinction will be made between own cookies and third-party cookies.<\/p>\n\n\n\n<p>Cookies can also be classified according to the length of time they remain stored in the user&#039;s browser, distinguishing between session cookies and persistent cookies.<\/p>\n\n\n\n<p>Finally, depending on the purpose for which the information collected is processed, cookies can be classified into the following categories:<\/p>\n\n\n\n<ul class=\"wp-block-list\">\n<li><strong>Technical cookies:<\/strong>&nbsp;They allow the user to navigate through a website and use some of the services offered by it (such as those that serve to remember the elements that make up a shopping cart).<\/li>\n\n\n\n<li><strong>Personalization cookies:<\/strong>&nbsp;They allow the user to access the website with certain characteristics, such as language.<\/li>\n\n\n\n<li><strong>Security cookies:<\/strong>&nbsp;They serve to prevent or hinder attacks against the website.<\/li>\n\n\n\n<li><strong>Plugin cookies to exchange social content:<\/strong>&nbsp;the so-called plug-ins, which allow content to be shared on social networks.<\/li>\n\n\n\n<li><strong>Analysis cookies:<\/strong>&nbsp;They allow the person responsible to monitor the user&#039;s behavior.<\/li>\n\n\n\n<li><strong>Advertising cookies:<\/strong>&nbsp;They allow you to manage the advertising spaces on the website.<\/li>\n\n\n\n<li><strong>Behavioral advertising cookies:<\/strong>&nbsp;Like the previous ones, they serve to manage the advertising spaces on the website based on the information collected about the user&#039;s behavior and habits, adapting the advertising to the user&#039;s profile.<\/li>\n\n\n\n<li><strong>Geolocation cookies:<\/strong>&nbsp;used to find out the country where the user is located.<\/li>\n<\/ul>\n\n\n\n<p><\/p>\n\n\n\n<h4 class=\"wp-block-heading\"><strong>How to modify cookie settings<\/strong><\/h4>\n\n\n\n<p>You can restrict, block or delete cookies from www.inge-pro.com or any other website using your browser. In each browser the operation is different, you can find how to do it in the help menu of your browser where the procedure for its elimination is established. For more information you can visit the following links:<\/p>\n\n\n\n<p><strong>Google Chrome:<\/strong><\/p>\n\n\n\n<figure class=\"wp-block-embed\"><div class=\"wp-block-embed__wrapper\">\nhttps:\/\/support.google.com\/chrome\/answer\/95647?co=GENIE.Platform%3DDesktop&#038;hl=es\n<\/div><\/figure>\n\n\n\n<p><strong>Mozilla Firefox:<\/strong><\/p>\n\n\n\n<figure class=\"wp-block-embed\"><div class=\"wp-block-embed__wrapper\">\nhttps:\/\/support.mozilla.org\/es\/kb\/habilitar-y-deshabilitar-cookies-sitios-web-rastrear-preferencias\n<\/div><\/figure>\n\n\n\n<p><strong>Safari:<\/strong><\/p>\n\n\n\n<figure class=\"wp-block-embed\"><div class=\"wp-block-embed__wrapper\">\nhttps:\/\/support.apple.com\/es-es\/guide\/safari\/sfri11471\/mac\n<\/div><\/figure>\n\n\n\n<p><strong>Internet Explorer:<\/strong><\/p>\n\n\n\n<figure class=\"wp-block-embed\"><div class=\"wp-block-embed__wrapper\">\nhttps:\/\/support.microsoft.com\/es-es\/help\/278835\/how-to-delete-cookie-files-in-internet-explorer\n<\/div><\/figure>\n\n\n\n<p>It is possible that by disabling cookies the website may not function correctly or you may not be able to access certain functions of the website.<\/p>\n\n\n\n<p>In addition, many browsers allow you to activate a private mode through which cookies are always deleted after your visit. Depending on each browser, this private mode can have different names. Below you can find a list of the most common browsers and the different names of this \u201cprivate mode\u201d:<\/p>\n\n\n\n<ul class=\"wp-block-list\">\n<li>Internet Explorer 8 and higher: InPrivate<\/li>\n\n\n\n<li>FireFox 3.5 and higher: Private Browsing<\/li>\n\n\n\n<li>Google Chrome 10 and above: Incognito<\/li>\n\n\n\n<li>Safari 2 and above: Private Browsing<\/li>\n\n\n\n<li>Opera 10.5 and higher: Private Browsing<\/li>\n<\/ul>\n\n\n\n<p><\/p>\n\n\n\n<p>Please read the help section of your browser carefully to learn more about how to activate \u201cprivate mode\u201d. You can continue visiting our website even if your browser is in \u201cprivate mode\u201d, however, the user experience may not be optimal and some utilities may not work.<\/p>\n\n\n\n<h4 class=\"wp-block-heading\" id=\"Cookiebot\"><strong>Cookies used on this website<\/strong><\/h4>\n\n\n<script\n\t\ttype=\"text\/javascript\"\n\t\tid=\"CookieDeclaration\"\n\t\tsrc=\"https:\/\/consent.cookiebot.com\/605dea09-81c8-41d8-9f6c-8ebc2fce6a21\/cd.js\"\n\t\t\tdata-culture=\"ES\"\n\t\tasync><\/script>\n\n\n\n<h4 class=\"wp-block-heading\"><strong>Modification of conditions<\/strong><\/h4>\n\n\n\n<p>Pablo P\u00e9rez Roque expressly reserves the right to unilaterally modify, totally or partially, without prior notice, this Cookies Policy. The user acknowledges and accepts that it is his\/her responsibility to review this Cookies Policy.<\/p>\n\n\n\n<p>If you have any questions about this Cookie Policy, you can contact us at: <a href=\"mailto:info@inge-pro.com\" target=\"_blank\" rel=\"noreferrer noopener nofollow\">info@inge-pro.com<\/a><\/p>\n\n\n\n<p><strong>Text revised and updated on 1 March 2025<\/strong>.<\/p>","protected":false},"excerpt":{"rendered":"<p>Texto revisado y actualizado el 1 de marzo de 2025. En cumplimiento con el deber de informaci\u00f3n recogido en el apartado 2\u00ba del art\u00edculo 22 de la Ley 34\/2002, de 11 de Julio, de Servicios de la Sociedad de la Informaci\u00f3n y del Comercio Electr\u00f3nico, la presente pol\u00edtica de cookies tiene por finalidad informarte de [&hellip;]<\/p>\n","protected":false},"author":3,"featured_media":0,"parent":0,"menu_order":0,"comment_status":"closed","ping_status":"closed","template":"","meta":{"_joinchat":[],"footnotes":""},"categories":[11],"tags":[31],"class_list":["post-252","page","type-page","status-publish","hentry","category-legal","tag-page-legal"],"yoast_head":"<!-- This site is optimized with the Yoast SEO plugin v27.2 - https:\/\/yoast.com\/product\/yoast-seo-wordpress\/ -->\n<title>Pol\u00edtica de cookies - Margal Ingenieros<\/title>\n<meta name=\"description\" content=\"Est\u00e1 p\u00e1gina recoge la Pol\u00edtica de Cookies del sitio web de Gladfour Clean Energy, propiedad de la sociedad espa\u00f1ola Gladfour, S.L.\" \/>\n<meta name=\"robots\" content=\"noindex, follow, max-snippet:-1, max-image-preview:large, max-video-preview:-1\" \/>\n<meta property=\"og:locale\" content=\"en_GB\" \/>\n<meta property=\"og:type\" content=\"article\" \/>\n<meta property=\"og:title\" content=\"Pol\u00edtica de cookies - Margal Ingenieros\" \/>\n<meta property=\"og:description\" content=\"Est\u00e1 p\u00e1gina recoge la Pol\u00edtica de Cookies del sitio web de Gladfour Clean Energy, propiedad de la sociedad espa\u00f1ola Gladfour, S.L.\" \/>\n<meta property=\"og:url\" content=\"https:\/\/margalingenieros.com\/en\/cookies-policy\/\" \/>\n<meta property=\"og:site_name\" content=\"Margal Ingenieros\" \/>\n<meta property=\"article:modified_time\" content=\"2025-03-29T18:51:38+00:00\" \/>\n<meta name=\"twitter:card\" content=\"summary_large_image\" \/>\n<meta name=\"twitter:label1\" content=\"Estimated reading time\" \/>\n\t<meta name=\"twitter:data1\" content=\"4 minutes\" \/>\n<script type=\"application\/ld+json\" class=\"yoast-schema-graph\">{\"@context\":\"https:\/\/schema.org\",\"@graph\":[{\"@type\":\"WebPage\",\"@id\":\"https:\/\/margalingenieros.com\/de\/cookie-richtlinie\/\",\"url\":\"https:\/\/margalingenieros.com\/de\/cookie-richtlinie\/\",\"name\":\"Pol\u00edtica de cookies - Margal Ingenieros\",\"isPartOf\":{\"@id\":\"https:\/\/margalingenieros.com\/#website\"},\"datePublished\":\"2023-05-24T10:51:20+00:00\",\"dateModified\":\"2025-03-29T18:51:38+00:00\",\"description\":\"Est\u00e1 p\u00e1gina recoge la Pol\u00edtica de Cookies del sitio web de Gladfour Clean Energy, propiedad de la sociedad espa\u00f1ola Gladfour, S.L.\",\"breadcrumb\":{\"@id\":\"https:\/\/margalingenieros.com\/de\/cookie-richtlinie\/#breadcrumb\"},\"inLanguage\":\"en-GB\",\"potentialAction\":[{\"@type\":\"ReadAction\",\"target\":[\"https:\/\/margalingenieros.com\/de\/cookie-richtlinie\/\"]}]},{\"@type\":\"BreadcrumbList\",\"@id\":\"https:\/\/margalingenieros.com\/de\/cookie-richtlinie\/#breadcrumb\",\"itemListElement\":[{\"@type\":\"ListItem\",\"position\":1,\"name\":\"Inicio\",\"item\":\"https:\/\/margalingenieros.com\/\"},{\"@type\":\"ListItem\",\"position\":2,\"name\":\"Pol\u00edtica de cookies\"}]},{\"@type\":\"WebSite\",\"@id\":\"https:\/\/margalingenieros.com\/#website\",\"url\":\"https:\/\/margalingenieros.com\/\",\"name\":\"Margal Ingenieros\",\"description\":\"Ingenier\u00eda T\u00e9cnica, civil, Industrial y en telecomunicaciones\",\"publisher\":{\"@id\":\"https:\/\/margalingenieros.com\/#organization\"},\"potentialAction\":[{\"@type\":\"SearchAction\",\"target\":{\"@type\":\"EntryPoint\",\"urlTemplate\":\"https:\/\/margalingenieros.com\/?s={search_term_string}\"},\"query-input\":{\"@type\":\"PropertyValueSpecification\",\"valueRequired\":true,\"valueName\":\"search_term_string\"}}],\"inLanguage\":\"en-GB\"},{\"@type\":\"Organization\",\"@id\":\"https:\/\/margalingenieros.com\/#organization\",\"name\":\"Margal Ingenieros\",\"url\":\"https:\/\/margalingenieros.com\/\",\"logo\":{\"@type\":\"ImageObject\",\"inLanguage\":\"en-GB\",\"@id\":\"https:\/\/margalingenieros.com\/#\/schema\/logo\/image\/\",\"url\":\"https:\/\/margalingenieros.com\/wp-content\/uploads\/2023\/05\/margal-ingenieros.webp\",\"contentUrl\":\"https:\/\/margalingenieros.com\/wp-content\/uploads\/2023\/05\/margal-ingenieros.webp\",\"width\":512,\"height\":200,\"caption\":\"Margal Ingenieros\"},\"image\":{\"@id\":\"https:\/\/margalingenieros.com\/#\/schema\/logo\/image\/\"}}]}<\/script>\n<!-- \/ Yoast SEO plugin. -->","yoast_head_json":{"title":"Cookies policy - Margal Ingenieros","description":"This page includes the Cookies Policy of the Gladfour Clean Energy website, property of the Spanish company Gladfour, SL","robots":{"index":"noindex","follow":"follow","max-snippet":"max-snippet:-1","max-image-preview":"max-image-preview:large","max-video-preview":"max-video-preview:-1"},"og_locale":"en_GB","og_type":"article","og_title":"Pol\u00edtica de cookies - Margal Ingenieros","og_description":"Est\u00e1 p\u00e1gina recoge la Pol\u00edtica de Cookies del sitio web de Gladfour Clean Energy, propiedad de la sociedad espa\u00f1ola Gladfour, S.L.","og_url":"https:\/\/margalingenieros.com\/en\/cookies-policy\/","og_site_name":"Margal Ingenieros","article_modified_time":"2025-03-29T18:51:38+00:00","twitter_card":"summary_large_image","twitter_misc":{"Estimated reading time":"4 minutes"},"schema":{"@context":"https:\/\/schema.org","@graph":[{"@type":"WebPage","@id":"https:\/\/margalingenieros.com\/de\/cookie-richtlinie\/","url":"https:\/\/margalingenieros.com\/de\/cookie-richtlinie\/","name":"Cookies policy - Margal Ingenieros","isPartOf":{"@id":"https:\/\/margalingenieros.com\/#website"},"datePublished":"2023-05-24T10:51:20+00:00","dateModified":"2025-03-29T18:51:38+00:00","description":"This page includes the Cookies Policy of the Gladfour Clean Energy website, property of the Spanish company Gladfour, SL","breadcrumb":{"@id":"https:\/\/margalingenieros.com\/de\/cookie-richtlinie\/#breadcrumb"},"inLanguage":"en-GB","potentialAction":[{"@type":"ReadAction","target":["https:\/\/margalingenieros.com\/de\/cookie-richtlinie\/"]}]},{"@type":"BreadcrumbList","@id":"https:\/\/margalingenieros.com\/de\/cookie-richtlinie\/#breadcrumb","itemListElement":[{"@type":"ListItem","position":1,"name":"Inicio","item":"https:\/\/margalingenieros.com\/"},{"@type":"ListItem","position":2,"name":"Pol\u00edtica de cookies"}]},{"@type":"WebSite","@id":"https:\/\/margalingenieros.com\/#website","url":"https:\/\/margalingenieros.com\/","name":"Margal Engineers","description":"Technical, civil, industrial and telecommunications engineering","publisher":{"@id":"https:\/\/margalingenieros.com\/#organization"},"potentialAction":[{"@type":"SearchAction","target":{"@type":"EntryPoint","urlTemplate":"https:\/\/margalingenieros.com\/?s={search_term_string}"},"query-input":{"@type":"PropertyValueSpecification","valueRequired":true,"valueName":"search_term_string"}}],"inLanguage":"en-GB"},{"@type":"Organization","@id":"https:\/\/margalingenieros.com\/#organization","name":"Margal Engineers","url":"https:\/\/margalingenieros.com\/","logo":{"@type":"ImageObject","inLanguage":"en-GB","@id":"https:\/\/margalingenieros.com\/#\/schema\/logo\/image\/","url":"https:\/\/margalingenieros.com\/wp-content\/uploads\/2023\/05\/margal-ingenieros.webp","contentUrl":"https:\/\/margalingenieros.com\/wp-content\/uploads\/2023\/05\/margal-ingenieros.webp","width":512,"height":200,"caption":"Margal Ingenieros"},"image":{"@id":"https:\/\/margalingenieros.com\/#\/schema\/logo\/image\/"}}]}},"_links":{"self":[{"href":"https:\/\/margalingenieros.com\/en\/wp-json\/wp\/v2\/pages\/252","targetHints":{"allow":["GET"]}}],"collection":[{"href":"https:\/\/margalingenieros.com\/en\/wp-json\/wp\/v2\/pages"}],"about":[{"href":"https:\/\/margalingenieros.com\/en\/wp-json\/wp\/v2\/types\/page"}],"author":[{"embeddable":true,"href":"https:\/\/margalingenieros.com\/en\/wp-json\/wp\/v2\/users\/3"}],"replies":[{"embeddable":true,"href":"https:\/\/margalingenieros.com\/en\/wp-json\/wp\/v2\/comments?post=252"}],"version-history":[{"count":0,"href":"https:\/\/margalingenieros.com\/en\/wp-json\/wp\/v2\/pages\/252\/revisions"}],"wp:attachment":[{"href":"https:\/\/margalingenieros.com\/en\/wp-json\/wp\/v2\/media?parent=252"}],"wp:term":[{"taxonomy":"category","embeddable":true,"href":"https:\/\/margalingenieros.com\/en\/wp-json\/wp\/v2\/categories?post=252"},{"taxonomy":"post_tag","embeddable":true,"href":"https:\/\/margalingenieros.com\/en\/wp-json\/wp\/v2\/tags?post=252"}],"curies":[{"name":"wp","href":"https:\/\/api.w.org\/{rel}","templated":true}]}}