{"id":280,"date":"2023-05-24T13:07:14","date_gmt":"2023-05-24T13:07:14","guid":{"rendered":"https:\/\/dev.gladfour.com\/?page_id=280"},"modified":"2025-03-29T18:47:12","modified_gmt":"2025-03-29T18:47:12","slug":"aid","status":"publish","type":"page","link":"https:\/\/margalingenieros.com\/en\/aid\/","title":{"rendered":"Aid"},"content":{"rendered":"<p>This page contains information to help you get the most out of this website.<\/p>\n\n\n\n<p>We have designed the website <strong>MARGAL Ingenieros<\/strong> to simplify its use as much as possible. However, some features, such as multimedia content, may be new to you. This page contains information to help you with those functions and to help you get the most out of this website.<\/p>\n\n\n\n<ul class=\"wp-block-list\">\n<li><a href=\"#requisitos\">Website requirements<\/a><\/li>\n\n\n\n<li><a href=\"#pdf\">PDF documents<\/a><\/li>\n\n\n\n<li><a href=\"#buscar\">Search<\/a><\/li>\n<\/ul>\n\n\n\n<p id=\"requisitos\"><strong>Website requirements<\/strong><\/p>\n\n\n\n<p>To view media files on the Ingepro website, the following software is required:<\/p>\n\n\n\n<p><em>Browser<\/em> Web<\/p>\n\n\n\n<p>We recommend using a current browser, such as:<\/p>\n\n\n\n<ul class=\"wp-block-list\">\n<li>Microsoft Edge<\/li>\n\n\n\n<li>Mozilla Firefox<\/li>\n\n\n\n<li>Google Chrome<\/li>\n\n\n\n<li>Safari<\/li>\n<\/ul>\n\n\n\n<p><em>PDF documents<\/em><\/p>\n\n\n\n<p>To read PDF documents, you may need the free program&nbsp;<a href=\"http:\/\/get.adobe.com\/reader\" target=\"_blank\" rel=\"noreferrer noopener\">Adobe Reader<\/a>.<\/p>\n\n\n\n<p id=\"pdf\"><strong><a><\/a>PDF documents<\/strong><\/p>\n\n\n\n<p>There are many PDF documents available on the Ingepro website. They contain more information than can usually fit on a web page and have the added value of being in a format that makes them easy to print.<\/p>\n\n\n\n<p><em>What are PDF files?<\/em><\/p>\n\n\n\n<p>PDF (Portable Document Format) files allow documents to be read and shared in different types of applications and computer systems. They are much better suited for longer documents than a web page and have the added benefit of being easy to print. The PDF format was created by Adobe and to read documents in this format, you must install the Adobe Reader program. It&#039;s free, downloads quickly and is easy to install.<\/p>\n\n\n\n<p><em>How do I get Adobe Reader?<\/em><\/p>\n\n\n\n<p><a href=\"http:\/\/get.adobe.com\/reader\" target=\"_blank\" rel=\"noreferrer noopener nofollow\">Download Adobe Reader<\/a><\/p>\n\n\n\n<p>Before starting the installation, we recommend closing the web browser as Adobe Reader may be integrated into it and the operation may not be successful if it is open. Follow the installation instructions until the process is complete.<\/p>\n\n\n\n<p><em>How do I get the most out of PDF documents?<\/em><\/p>\n\n\n\n<p>Using the icons in the Adobe Reader taskbar, you can zoom in on small text and images. You can move around the page to examine different parts of the page. You can also click on the print icon to send the document to your network printer. Most PDF documents have been optimised for printing, i.e. they can be easily transferred from the Ingepro website to paper for reading at your convenience. Also, if you use the save icon, you can save the document to your computer to read or print at your leisure without the need to revisit the web page where you found the original link.<\/p>\n\n\n\n<p id=\"buscar\"><strong><a><\/a>Search&nbsp;<\/strong><\/p>\n\n\n\n<p>The MARGAL Ingenieros website, owned by Pablo P\u00e9rez Roque, is constantly being expanded with the addition of new content. The most important information is highlighted on our pages. However, there is also a lot of additional material that can be located using the search function.<\/p>\n\n\n\n<p><em>How is information distributed on the Ingepro website?<\/em><\/p>\n\n\n\n<p>The website is divided into sections, each connected to specific areas of our business. The sections are \"About us\", \"Engineering\", \"Open your business\", \"Blog\" and \"Contact\". In turn, the information is categorised within these sections. For example, under \"Engineering\" you will find \"Project Management\", \"Activity Licenses\" and \"Technical Reports\". As you navigate through these various parts of the website, you will find \"high-level\" information, i.e. the material that we consider most important and timely.<\/p>\n\n\n\n<p><em>How do I search for specific information?<\/em><\/p>\n\n\n\n<p>The Ingepro website has an integrated search engine. In the top right corner of each page you will find a search field. Enter your keywords and click on the button to search. If you are looking for a specific phrase, enter it in inverted commas. For example, if you type OCA low voltage inspection, the engine will search for documents containing any of those words anywhere in the text. However, if you type \"OCA low voltage inspection\" (in inverted commas), the search engine will only search for documents that contain all four words in that order.<\/p>\n\n\n\n<p><em>How do I choose search terms?<\/em><\/p>\n\n\n\n<p>Select the words that are most relevant to the topic you are searching for. Try to be as specific as possible and use more than one word if you can. Search engines do not take case into account, so it is not necessary to enter them, for example, in the case of proper names; The results will be the same whether you use upper or lower case. Common words like \u201cand,\u201d \u201cwhere,\u201d \u201cas,\u201d and \u201cif\u201d are also overlooked. Therefore, instead of writing \u201chow can I find the latest news on European tax legislation\u201d, you only need to write \u201clatest European tax legislation\u201d. What&#039;s more, since the search results are sorted so that the most recent material appears first, you are likely to get the same result if you simply type \u201cEuropean tax law\u201d in the search field.<\/p>","protected":false},"excerpt":{"rendered":"<p>Esta p\u00e1gina contiene informaci\u00f3n para ayudarle a que aproveche al m\u00e1ximo este sitio web. Hemos dise\u00f1ado el sitio web de MARGAL Ingenieros para simplificar su uso\u00a0en la medida de lo posible. Sin embargo, es posible que algunas funciones, como\u00a0el contenido multimedia, sean nuevas para usted. Esta p\u00e1gina contiene\u00a0informaci\u00f3n para ayudarle con esas funciones y para [&hellip;]<\/p>\n","protected":false},"author":3,"featured_media":0,"parent":0,"menu_order":0,"comment_status":"closed","ping_status":"closed","template":"","meta":{"_joinchat":[],"footnotes":""},"categories":[11],"tags":[31],"class_list":["post-280","page","type-page","status-publish","hentry","category-legal","tag-page-legal"],"yoast_head":"<!-- This site is optimized with the Yoast SEO plugin v27.2 - https:\/\/yoast.com\/product\/yoast-seo-wordpress\/ -->\n<title>Ayuda - Margal Ingenieros<\/title>\n<meta name=\"description\" content=\"Esta p\u00e1gina contiene informaci\u00f3n para ayudarle a que aproveche al m\u00e1ximo el sitio web de Gladfour Clean Energy.\" \/>\n<meta name=\"robots\" content=\"noindex, follow, max-snippet:-1, max-image-preview:large, max-video-preview:-1\" \/>\n<meta property=\"og:locale\" content=\"en_GB\" \/>\n<meta property=\"og:type\" content=\"article\" \/>\n<meta property=\"og:title\" content=\"Ayuda - Margal Ingenieros\" \/>\n<meta property=\"og:description\" content=\"Esta p\u00e1gina contiene informaci\u00f3n para ayudarle a que aproveche al m\u00e1ximo el sitio web de Gladfour Clean Energy.\" \/>\n<meta property=\"og:url\" content=\"https:\/\/margalingenieros.com\/en\/aid\/\" \/>\n<meta property=\"og:site_name\" content=\"Margal Ingenieros\" \/>\n<meta property=\"article:modified_time\" content=\"2025-03-29T18:47:12+00:00\" \/>\n<meta name=\"twitter:card\" content=\"summary_large_image\" \/>\n<meta name=\"twitter:label1\" content=\"Estimated reading time\" \/>\n\t<meta name=\"twitter:data1\" content=\"4 minutes\" \/>\n<script type=\"application\/ld+json\" class=\"yoast-schema-graph\">{\"@context\":\"https:\/\/schema.org\",\"@graph\":[{\"@type\":\"WebPage\",\"@id\":\"https:\/\/margalingenieros.com\/en\/aid\/\",\"url\":\"https:\/\/margalingenieros.com\/en\/aid\/\",\"name\":\"Ayuda - Margal Ingenieros\",\"isPartOf\":{\"@id\":\"https:\/\/margalingenieros.com\/#website\"},\"datePublished\":\"2023-05-24T13:07:14+00:00\",\"dateModified\":\"2025-03-29T18:47:12+00:00\",\"description\":\"Esta p\u00e1gina contiene informaci\u00f3n para ayudarle a que aproveche al m\u00e1ximo el sitio web de Gladfour Clean Energy.\",\"breadcrumb\":{\"@id\":\"https:\/\/margalingenieros.com\/en\/aid\/#breadcrumb\"},\"inLanguage\":\"en-GB\",\"potentialAction\":[{\"@type\":\"ReadAction\",\"target\":[\"https:\/\/margalingenieros.com\/en\/aid\/\"]}]},{\"@type\":\"BreadcrumbList\",\"@id\":\"https:\/\/margalingenieros.com\/en\/aid\/#breadcrumb\",\"itemListElement\":[{\"@type\":\"ListItem\",\"position\":1,\"name\":\"Inicio\",\"item\":\"https:\/\/margalingenieros.com\/\"},{\"@type\":\"ListItem\",\"position\":2,\"name\":\"Ayuda\"}]},{\"@type\":\"WebSite\",\"@id\":\"https:\/\/margalingenieros.com\/#website\",\"url\":\"https:\/\/margalingenieros.com\/\",\"name\":\"Margal Ingenieros\",\"description\":\"Ingenier\u00eda T\u00e9cnica, civil, Industrial y en telecomunicaciones\",\"publisher\":{\"@id\":\"https:\/\/margalingenieros.com\/#organization\"},\"potentialAction\":[{\"@type\":\"SearchAction\",\"target\":{\"@type\":\"EntryPoint\",\"urlTemplate\":\"https:\/\/margalingenieros.com\/?s={search_term_string}\"},\"query-input\":{\"@type\":\"PropertyValueSpecification\",\"valueRequired\":true,\"valueName\":\"search_term_string\"}}],\"inLanguage\":\"en-GB\"},{\"@type\":\"Organization\",\"@id\":\"https:\/\/margalingenieros.com\/#organization\",\"name\":\"Margal Ingenieros\",\"url\":\"https:\/\/margalingenieros.com\/\",\"logo\":{\"@type\":\"ImageObject\",\"inLanguage\":\"en-GB\",\"@id\":\"https:\/\/margalingenieros.com\/#\/schema\/logo\/image\/\",\"url\":\"https:\/\/margalingenieros.com\/wp-content\/uploads\/2023\/05\/margal-ingenieros.webp\",\"contentUrl\":\"https:\/\/margalingenieros.com\/wp-content\/uploads\/2023\/05\/margal-ingenieros.webp\",\"width\":512,\"height\":200,\"caption\":\"Margal Ingenieros\"},\"image\":{\"@id\":\"https:\/\/margalingenieros.com\/#\/schema\/logo\/image\/\"}}]}<\/script>\n<!-- \/ Yoast SEO plugin. -->","yoast_head_json":{"title":"Help - Margal Engineers","description":"This page contains information to help you get the most out of the Gladfour Clean Energy website.","robots":{"index":"noindex","follow":"follow","max-snippet":"max-snippet:-1","max-image-preview":"max-image-preview:large","max-video-preview":"max-video-preview:-1"},"og_locale":"en_GB","og_type":"article","og_title":"Ayuda - Margal Ingenieros","og_description":"Esta p\u00e1gina contiene informaci\u00f3n para ayudarle a que aproveche al m\u00e1ximo el sitio web de Gladfour Clean Energy.","og_url":"https:\/\/margalingenieros.com\/en\/aid\/","og_site_name":"Margal Ingenieros","article_modified_time":"2025-03-29T18:47:12+00:00","twitter_card":"summary_large_image","twitter_misc":{"Estimated reading time":"4 minutes"},"schema":{"@context":"https:\/\/schema.org","@graph":[{"@type":"WebPage","@id":"https:\/\/margalingenieros.com\/en\/aid\/","url":"https:\/\/margalingenieros.com\/en\/aid\/","name":"Help - Margal Engineers","isPartOf":{"@id":"https:\/\/margalingenieros.com\/#website"},"datePublished":"2023-05-24T13:07:14+00:00","dateModified":"2025-03-29T18:47:12+00:00","description":"This page contains information to help you get the most out of the Gladfour Clean Energy website.","breadcrumb":{"@id":"https:\/\/margalingenieros.com\/en\/aid\/#breadcrumb"},"inLanguage":"en-GB","potentialAction":[{"@type":"ReadAction","target":["https:\/\/margalingenieros.com\/en\/aid\/"]}]},{"@type":"BreadcrumbList","@id":"https:\/\/margalingenieros.com\/en\/aid\/#breadcrumb","itemListElement":[{"@type":"ListItem","position":1,"name":"Inicio","item":"https:\/\/margalingenieros.com\/"},{"@type":"ListItem","position":2,"name":"Ayuda"}]},{"@type":"WebSite","@id":"https:\/\/margalingenieros.com\/#website","url":"https:\/\/margalingenieros.com\/","name":"Margal Engineers","description":"Technical, civil, industrial and telecommunications engineering","publisher":{"@id":"https:\/\/margalingenieros.com\/#organization"},"potentialAction":[{"@type":"SearchAction","target":{"@type":"EntryPoint","urlTemplate":"https:\/\/margalingenieros.com\/?s={search_term_string}"},"query-input":{"@type":"PropertyValueSpecification","valueRequired":true,"valueName":"search_term_string"}}],"inLanguage":"en-GB"},{"@type":"Organization","@id":"https:\/\/margalingenieros.com\/#organization","name":"Margal Engineers","url":"https:\/\/margalingenieros.com\/","logo":{"@type":"ImageObject","inLanguage":"en-GB","@id":"https:\/\/margalingenieros.com\/#\/schema\/logo\/image\/","url":"https:\/\/margalingenieros.com\/wp-content\/uploads\/2023\/05\/margal-ingenieros.webp","contentUrl":"https:\/\/margalingenieros.com\/wp-content\/uploads\/2023\/05\/margal-ingenieros.webp","width":512,"height":200,"caption":"Margal Ingenieros"},"image":{"@id":"https:\/\/margalingenieros.com\/#\/schema\/logo\/image\/"}}]}},"_links":{"self":[{"href":"https:\/\/margalingenieros.com\/en\/wp-json\/wp\/v2\/pages\/280","targetHints":{"allow":["GET"]}}],"collection":[{"href":"https:\/\/margalingenieros.com\/en\/wp-json\/wp\/v2\/pages"}],"about":[{"href":"https:\/\/margalingenieros.com\/en\/wp-json\/wp\/v2\/types\/page"}],"author":[{"embeddable":true,"href":"https:\/\/margalingenieros.com\/en\/wp-json\/wp\/v2\/users\/3"}],"replies":[{"embeddable":true,"href":"https:\/\/margalingenieros.com\/en\/wp-json\/wp\/v2\/comments?post=280"}],"version-history":[{"count":0,"href":"https:\/\/margalingenieros.com\/en\/wp-json\/wp\/v2\/pages\/280\/revisions"}],"wp:attachment":[{"href":"https:\/\/margalingenieros.com\/en\/wp-json\/wp\/v2\/media?parent=280"}],"wp:term":[{"taxonomy":"category","embeddable":true,"href":"https:\/\/margalingenieros.com\/en\/wp-json\/wp\/v2\/categories?post=280"},{"taxonomy":"post_tag","embeddable":true,"href":"https:\/\/margalingenieros.com\/en\/wp-json\/wp\/v2\/tags?post=280"}],"curies":[{"name":"wp","href":"https:\/\/api.w.org\/{rel}","templated":true}]}}