{"id":284,"date":"2023-05-24T13:11:02","date_gmt":"2023-05-24T13:11:02","guid":{"rendered":"https:\/\/dev.gladfour.com\/?page_id=284"},"modified":"2023-05-24T13:11:56","modified_gmt":"2023-05-24T13:11:56","slug":"site-map","status":"publish","type":"page","link":"https:\/\/margalingenieros.com\/en\/site-map\/","title":{"rendered":"Site Map"},"content":{"rendered":"<div data-elementor-type=\"wp-page\" data-elementor-id=\"284\" class=\"elementor elementor-284\" data-elementor-post-type=\"page\">\n\t\t\t\t\t\t<section data-particle_enable=\"false\" data-particle-mobile-disabled=\"false\" class=\"elementor-section elementor-top-section elementor-element elementor-element-1d3451b elementor-section-boxed elementor-section-height-default elementor-section-height-default\" data-id=\"1d3451b\" data-element_type=\"section\" data-e-type=\"section\">\n\t\t\t\t\t\t<div class=\"elementor-container elementor-column-gap-default\">\n\t\t\t\t\t<div class=\"elementor-column elementor-col-100 elementor-top-column elementor-element elementor-element-73d1b05\" data-id=\"73d1b05\" data-element_type=\"column\" data-e-type=\"column\">\n\t\t\t<div class=\"elementor-widget-wrap elementor-element-populated\">\n\t\t\t\t\t\t<div class=\"elementor-element elementor-element-97d4cea elementor-widget elementor-widget-sitemap\" data-id=\"97d4cea\" data-element_type=\"widget\" data-e-type=\"widget\" data-widget_type=\"sitemap.default\">\n\t\t\t\t<div class=\"elementor-widget-container\">\n\t\t\t\t\t<div class=\"elementor-sitemap-wrap\"><div class=\"elementor-sitemap-section\"><h2 class=\"elementor-sitemap-title elementor-sitemap-page-title\">pages<\/h2><ul class=\"elementor-sitemap-list elementor-sitemap-page-list\"><li class=\"elementor-sitemap-item elementor-sitemap-item-page page_item page-item-1295\"><a href=\"https:\/\/margalingenieros.com\/en\/about-us-2\/installations-for-residential-buildings\/\">Installations for Residential Buildings<\/a><\/li><li class=\"elementor-sitemap-item elementor-sitemap-item-page page_item page-item-1290\"><a href=\"https:\/\/margalingenieros.com\/en\/about-us-2\/telecommunications\/\">Telecommunications<\/a><\/li><li class=\"elementor-sitemap-item elementor-sitemap-item-page page_item page-item-1285\"><a href=\"https:\/\/margalingenieros.com\/en\/about-us-2\/industrial-safety\/\">Industrial Safety<\/a><\/li><li class=\"elementor-sitemap-item elementor-sitemap-item-page page_item page-item-1280\"><a href=\"https:\/\/margalingenieros.com\/en\/about-us-2\/air-conditioning\/\">Air conditioning<\/a><\/li><li class=\"elementor-sitemap-item elementor-sitemap-item-page page_item page-item-1275\"><a href=\"https:\/\/margalingenieros.com\/en\/about-us-2\/environmental-and-environmental-impact-reports\/\">Environmental and Environmental Impact Reports<\/a><\/li><li class=\"elementor-sitemap-item elementor-sitemap-item-page page_item page-item-1270\"><a href=\"https:\/\/margalingenieros.com\/en\/about-us-2\/compressed-air-installations\/\">Compressed Air Installations<\/a><\/li><li class=\"elementor-sitemap-item elementor-sitemap-item-page page_item page-item-1265\"><a href=\"https:\/\/margalingenieros.com\/en\/about-us-2\/fire-protection-pci\/\">Fire Protection (FP)<\/a><\/li><li class=\"elementor-sitemap-item elementor-sitemap-item-page page_item page-item-1260\"><a href=\"https:\/\/margalingenieros.com\/en\/about-us-2\/gas-installations\/\">Gas Installations<\/a><\/li><li class=\"elementor-sitemap-item elementor-sitemap-item-page page_item page-item-1255\"><a href=\"https:\/\/margalingenieros.com\/en\/about-us-2\/photovoltaic-installations\/\">Photovoltaic installations<\/a><\/li><li class=\"elementor-sitemap-item elementor-sitemap-item-page page_item page-item-1250\"><a href=\"https:\/\/margalingenieros.com\/en\/about-us-2\/low-voltage-installations\/\">Low Voltage Installations<\/a><\/li><li class=\"elementor-sitemap-item elementor-sitemap-item-page page_item page-item-1245\"><a href=\"https:\/\/margalingenieros.com\/en\/about-us-2\/high-voltage-installations\/\">High Voltage Installations<\/a><\/li><li class=\"elementor-sitemap-item elementor-sitemap-item-page page_item page-item-568\"><a href=\"https:\/\/margalingenieros.com\/en\/about-us-2\/\">Engineering<\/a><\/li><li class=\"elementor-sitemap-item elementor-sitemap-item-page page_item page-item-364\"><a href=\"https:\/\/margalingenieros.com\/en\/installations-and-engineering-projects\/\">Installations and engineering projects<\/a><\/li><li class=\"elementor-sitemap-item elementor-sitemap-item-page page_item page-item-650\"><a href=\"https:\/\/margalingenieros.com\/en\/contact\/\">Contact<\/a><\/li><li class=\"elementor-sitemap-item elementor-sitemap-item-page page_item page-item-347 current_page_parent\"><a href=\"https:\/\/margalingenieros.com\/en\/blog\/\">Blog<\/a><\/li><li class=\"elementor-sitemap-item elementor-sitemap-item-page page_item page-item-284\"><a href=\"https:\/\/margalingenieros.com\/en\/site-map\/\">Site Map<\/a><\/li><li class=\"elementor-sitemap-item elementor-sitemap-item-page page_item page-item-280\"><a href=\"https:\/\/margalingenieros.com\/en\/aid\/\">Aid<\/a><\/li><li class=\"elementor-sitemap-item elementor-sitemap-item-page page_item page-item-252\"><a href=\"https:\/\/margalingenieros.com\/en\/cookies-policy\/\">Cookies policy<\/a><\/li><li class=\"elementor-sitemap-item elementor-sitemap-item-page page_item page-item-248\"><a href=\"https:\/\/margalingenieros.com\/en\/legal-warning\/\">Legal warning<\/a><\/li><li class=\"elementor-sitemap-item elementor-sitemap-item-page page_item page-item-278\"><a href=\"https:\/\/margalingenieros.com\/en\/accessibility\/\">Accessibility Statement<\/a><\/li><li class=\"elementor-sitemap-item elementor-sitemap-item-page page_item page-item-611\"><a href=\"https:\/\/margalingenieros.com\/en\/events\/\">Event organization<\/a><\/li><li class=\"elementor-sitemap-item elementor-sitemap-item-page page_item page-item-419\"><a href=\"https:\/\/margalingenieros.com\/en\/opening-of-business\/\">Open your business<\/a><\/li><li class=\"elementor-sitemap-item elementor-sitemap-item-page page_item page-item-10\"><a href=\"https:\/\/margalingenieros.com\/en\/\">Engineering and Projects - MARGAL Ingenieros<\/a><\/li><li class=\"elementor-sitemap-item elementor-sitemap-item-page page_item page-item-3\"><a href=\"https:\/\/margalingenieros.com\/en\/privacy-policy\/\">Privacy Policy<\/a><\/li><\/ul><\/div><div class=\"elementor-sitemap-section\"><h2 class=\"elementor-sitemap-title elementor-sitemap-category-title\">Categories<\/h2><ul class=\"elementor-sitemap-list elementor-sitemap-category-list\">\t<li class=\"elementor-sitemap-item elementor-sitemap-item-category cat-item cat-item-20\"><a href=\"https:\/\/margalingenieros.com\/en\/category\/about-us-2\/activity-licences\/\">Activity licences<\/a>\n<\/li>\n\t<li class=\"elementor-sitemap-item elementor-sitemap-item-category cat-item cat-item-11\"><a href=\"https:\/\/margalingenieros.com\/en\/category\/legal\/\">Legal<\/a>\n<\/li>\n\t<li class=\"elementor-sitemap-item elementor-sitemap-item-category cat-item cat-item-30\"><a href=\"https:\/\/margalingenieros.com\/en\/category\/about-us-2\/business-intelligence-the-importance-of-metrics\/\">Technical Inspection of Buildings<\/a>\n<\/li>\n\t<li class=\"elementor-sitemap-item elementor-sitemap-item-category cat-item cat-item-12\"><a href=\"https:\/\/margalingenieros.com\/en\/category\/about-us-2\/\">Engineering<\/a>\n<\/li>\n\t<li class=\"elementor-sitemap-item elementor-sitemap-item-category cat-item cat-item-18\"><a href=\"https:\/\/margalingenieros.com\/en\/category\/about-us-2\/engineering-project-management\/\">Project management<\/a>\n<\/li>\n\t<li class=\"elementor-sitemap-item elementor-sitemap-item-category cat-item cat-item-1\"><a href=\"https:\/\/margalingenieros.com\/en\/category\/general\/\">General<\/a>\n<\/li>\n\t<li class=\"elementor-sitemap-item elementor-sitemap-item-category cat-item cat-item-32\"><a href=\"https:\/\/margalingenieros.com\/en\/category\/renewable-energy-2\/\">Renewable Energy<\/a>\n<\/li>\n\t<li class=\"elementor-sitemap-item elementor-sitemap-item-category cat-item cat-item-17\"><a href=\"https:\/\/margalingenieros.com\/en\/category\/building-and-infrastructure\/\">Building and infrastructure<\/a>\n<\/li>\n<\/ul><\/div><\/div>\t\t\t\t<\/div>\n\t\t\t\t<\/div>\n\t\t\t\t\t<\/div>\n\t\t<\/div>\n\t\t\t\t\t<\/div>\n\t\t<\/section>\n\t\t\t\t<\/div>","protected":false},"excerpt":{"rendered":"","protected":false},"author":3,"featured_media":0,"parent":0,"menu_order":0,"comment_status":"closed","ping_status":"closed","template":"","meta":{"_joinchat":[],"footnotes":""},"categories":[1],"tags":[21],"class_list":["post-284","page","type-page","status-publish","hentry","category-general","tag-page-content"],"yoast_head":"<!-- This site is optimized with the Yoast SEO plugin v27.2 - https:\/\/yoast.com\/product\/yoast-seo-wordpress\/ -->\n<title>Mapa del sitio - Margal Ingenieros<\/title>\n<meta name=\"description\" content=\"En esta p\u00e1gina encontrar\u00e1 el mapa del sitio web de Gladfour Clean Energy, propiedad de la sociedad espa\u00f1ola Gladfour, S.L.\" \/>\n<meta name=\"robots\" content=\"noindex, follow, max-snippet:-1, max-image-preview:large, max-video-preview:-1\" \/>\n<meta property=\"og:locale\" content=\"en_GB\" \/>\n<meta property=\"og:type\" content=\"article\" \/>\n<meta property=\"og:title\" content=\"Mapa del sitio - Margal Ingenieros\" \/>\n<meta property=\"og:description\" content=\"En esta p\u00e1gina encontrar\u00e1 el mapa del sitio web de Gladfour Clean Energy, propiedad de la sociedad espa\u00f1ola Gladfour, S.L.\" \/>\n<meta property=\"og:url\" content=\"https:\/\/margalingenieros.com\/en\/site-map\/\" \/>\n<meta property=\"og:site_name\" content=\"Margal Ingenieros\" \/>\n<meta property=\"article:modified_time\" content=\"2023-05-24T13:11:56+00:00\" \/>\n<meta name=\"twitter:card\" content=\"summary_large_image\" \/>\n<script type=\"application\/ld+json\" class=\"yoast-schema-graph\">{\"@context\":\"https:\/\/schema.org\",\"@graph\":[{\"@type\":\"WebPage\",\"@id\":\"https:\/\/margalingenieros.com\/mapa-del-sitio\/\",\"url\":\"https:\/\/margalingenieros.com\/mapa-del-sitio\/\",\"name\":\"Mapa del sitio - Margal Ingenieros\",\"isPartOf\":{\"@id\":\"https:\/\/margalingenieros.com\/#website\"},\"datePublished\":\"2023-05-24T13:11:02+00:00\",\"dateModified\":\"2023-05-24T13:11:56+00:00\",\"description\":\"En esta p\u00e1gina encontrar\u00e1 el mapa del sitio web de Gladfour Clean Energy, propiedad de la sociedad espa\u00f1ola Gladfour, S.L.\",\"breadcrumb\":{\"@id\":\"https:\/\/margalingenieros.com\/mapa-del-sitio\/#breadcrumb\"},\"inLanguage\":\"en-GB\",\"potentialAction\":[{\"@type\":\"ReadAction\",\"target\":[\"https:\/\/margalingenieros.com\/mapa-del-sitio\/\"]}]},{\"@type\":\"BreadcrumbList\",\"@id\":\"https:\/\/margalingenieros.com\/mapa-del-sitio\/#breadcrumb\",\"itemListElement\":[{\"@type\":\"ListItem\",\"position\":1,\"name\":\"Inicio\",\"item\":\"https:\/\/margalingenieros.com\/\"},{\"@type\":\"ListItem\",\"position\":2,\"name\":\"Mapa del sitio\"}]},{\"@type\":\"WebSite\",\"@id\":\"https:\/\/margalingenieros.com\/#website\",\"url\":\"https:\/\/margalingenieros.com\/\",\"name\":\"Margal Ingenieros\",\"description\":\"Ingenier\u00eda T\u00e9cnica, civil, Industrial y en telecomunicaciones\",\"publisher\":{\"@id\":\"https:\/\/margalingenieros.com\/#organization\"},\"potentialAction\":[{\"@type\":\"SearchAction\",\"target\":{\"@type\":\"EntryPoint\",\"urlTemplate\":\"https:\/\/margalingenieros.com\/?s={search_term_string}\"},\"query-input\":{\"@type\":\"PropertyValueSpecification\",\"valueRequired\":true,\"valueName\":\"search_term_string\"}}],\"inLanguage\":\"en-GB\"},{\"@type\":\"Organization\",\"@id\":\"https:\/\/margalingenieros.com\/#organization\",\"name\":\"Margal Ingenieros\",\"url\":\"https:\/\/margalingenieros.com\/\",\"logo\":{\"@type\":\"ImageObject\",\"inLanguage\":\"en-GB\",\"@id\":\"https:\/\/margalingenieros.com\/#\/schema\/logo\/image\/\",\"url\":\"https:\/\/margalingenieros.com\/wp-content\/uploads\/2023\/05\/margal-ingenieros.webp\",\"contentUrl\":\"https:\/\/margalingenieros.com\/wp-content\/uploads\/2023\/05\/margal-ingenieros.webp\",\"width\":512,\"height\":200,\"caption\":\"Margal Ingenieros\"},\"image\":{\"@id\":\"https:\/\/margalingenieros.com\/#\/schema\/logo\/image\/\"}}]}<\/script>\n<!-- \/ Yoast SEO plugin. -->","yoast_head_json":{"title":"Mapa del sitio - Margal Ingenieros","description":"On this page you will find the map of the Gladfour Clean Energy website, property of the Spanish company Gladfour, SL","robots":{"index":"noindex","follow":"follow","max-snippet":"max-snippet:-1","max-image-preview":"max-image-preview:large","max-video-preview":"max-video-preview:-1"},"og_locale":"en_GB","og_type":"article","og_title":"Mapa del sitio - Margal Ingenieros","og_description":"En esta p\u00e1gina encontrar\u00e1 el mapa del sitio web de Gladfour Clean Energy, propiedad de la sociedad espa\u00f1ola Gladfour, S.L.","og_url":"https:\/\/margalingenieros.com\/en\/site-map\/","og_site_name":"Margal Ingenieros","article_modified_time":"2023-05-24T13:11:56+00:00","twitter_card":"summary_large_image","schema":{"@context":"https:\/\/schema.org","@graph":[{"@type":"WebPage","@id":"https:\/\/margalingenieros.com\/mapa-del-sitio\/","url":"https:\/\/margalingenieros.com\/mapa-del-sitio\/","name":"Mapa del sitio - Margal Ingenieros","isPartOf":{"@id":"https:\/\/margalingenieros.com\/#website"},"datePublished":"2023-05-24T13:11:02+00:00","dateModified":"2023-05-24T13:11:56+00:00","description":"On this page you will find the map of the Gladfour Clean Energy website, property of the Spanish company Gladfour, SL","breadcrumb":{"@id":"https:\/\/margalingenieros.com\/mapa-del-sitio\/#breadcrumb"},"inLanguage":"en-GB","potentialAction":[{"@type":"ReadAction","target":["https:\/\/margalingenieros.com\/mapa-del-sitio\/"]}]},{"@type":"BreadcrumbList","@id":"https:\/\/margalingenieros.com\/mapa-del-sitio\/#breadcrumb","itemListElement":[{"@type":"ListItem","position":1,"name":"Inicio","item":"https:\/\/margalingenieros.com\/"},{"@type":"ListItem","position":2,"name":"Mapa del sitio"}]},{"@type":"WebSite","@id":"https:\/\/margalingenieros.com\/#website","url":"https:\/\/margalingenieros.com\/","name":"Margal Engineers","description":"Technical, civil, industrial and telecommunications engineering","publisher":{"@id":"https:\/\/margalingenieros.com\/#organization"},"potentialAction":[{"@type":"SearchAction","target":{"@type":"EntryPoint","urlTemplate":"https:\/\/margalingenieros.com\/?s={search_term_string}"},"query-input":{"@type":"PropertyValueSpecification","valueRequired":true,"valueName":"search_term_string"}}],"inLanguage":"en-GB"},{"@type":"Organization","@id":"https:\/\/margalingenieros.com\/#organization","name":"Margal Engineers","url":"https:\/\/margalingenieros.com\/","logo":{"@type":"ImageObject","inLanguage":"en-GB","@id":"https:\/\/margalingenieros.com\/#\/schema\/logo\/image\/","url":"https:\/\/margalingenieros.com\/wp-content\/uploads\/2023\/05\/margal-ingenieros.webp","contentUrl":"https:\/\/margalingenieros.com\/wp-content\/uploads\/2023\/05\/margal-ingenieros.webp","width":512,"height":200,"caption":"Margal Ingenieros"},"image":{"@id":"https:\/\/margalingenieros.com\/#\/schema\/logo\/image\/"}}]}},"_links":{"self":[{"href":"https:\/\/margalingenieros.com\/en\/wp-json\/wp\/v2\/pages\/284","targetHints":{"allow":["GET"]}}],"collection":[{"href":"https:\/\/margalingenieros.com\/en\/wp-json\/wp\/v2\/pages"}],"about":[{"href":"https:\/\/margalingenieros.com\/en\/wp-json\/wp\/v2\/types\/page"}],"author":[{"embeddable":true,"href":"https:\/\/margalingenieros.com\/en\/wp-json\/wp\/v2\/users\/3"}],"replies":[{"embeddable":true,"href":"https:\/\/margalingenieros.com\/en\/wp-json\/wp\/v2\/comments?post=284"}],"version-history":[{"count":0,"href":"https:\/\/margalingenieros.com\/en\/wp-json\/wp\/v2\/pages\/284\/revisions"}],"wp:attachment":[{"href":"https:\/\/margalingenieros.com\/en\/wp-json\/wp\/v2\/media?parent=284"}],"wp:term":[{"taxonomy":"category","embeddable":true,"href":"https:\/\/margalingenieros.com\/en\/wp-json\/wp\/v2\/categories?post=284"},{"taxonomy":"post_tag","embeddable":true,"href":"https:\/\/margalingenieros.com\/en\/wp-json\/wp\/v2\/tags?post=284"}],"curies":[{"name":"wp","href":"https:\/\/api.w.org\/{rel}","templated":true}]}}